{"id":45081,"date":"2024-04-06T08:21:34","date_gmt":"2024-04-06T06:21:34","guid":{"rendered":"https:\/\/www.relationsdevoyages.com\/?post_type=product&#038;p=45081"},"modified":"2026-04-08T08:39:00","modified_gmt":"2026-04-08T06:39:00","slug":"tote-kilkea-vela-di-cotone-del-trois-mats-belem","status":"publish","type":"product","link":"https:\/\/www.relationsdevoyages.com\/fr\/produit\/tote-kilkea-vela-di-cotone-del-trois-mats-belem\/","title":{"rendered":"Tote Kilkea &#8211; vela di cotone del Trois mats Belem"},"content":{"rendered":"<div class=\"woostify-tab-wrapper active\">\n<div id=\"tab-description\" class=\"woocommerce-Tabs-panel woocommerce-Tabs-panel--description panel entry-content wc-tab is-visible\" role=\"tabpanel\" aria-labelledby=\"tab-title-description\">\n<div class=\"woostify-tab-inner\">\n<div class=\"woostify-tab-scroll-content\">\n<p>Relations de voyages\u00ae certifie que ce backgammon est enti\u00e8rement r\u00e8alis\u00e9 avec un grand hunier volant en coton du <a href=\"https:\/\/www.fondationbelem.com\">Trois mats Belem 1896<\/a> . Eventuali irregolarit\u00e0 non sono un difetto di fabbricazione ma l\u2019aspetto vissuto della vela e che rendono questo oggetto un pezzo unico e veramente riciclato. Made in Italy<\/p>\n<\/div>\n<\/div>\n<\/div>\n<\/div>\n<p>Relations de voyages\u00ae certifie que ce sac est enti\u00e8rement r\u00e8alis\u00e9 avec une  voile recycl\u00e9e qui a \u00e9t\u00e9 lav\u00e9e de ses impuret\u00e9s .<br \/>\nChaque sac est unique. Celui que vous choisissez en photo est celui que vous recevrez.<\/p>","protected":false},"excerpt":{"rendered":"<ul style=\"list-style-type: circle;\">\n<li>Esterno: vela di cotone grand hunier volant del Trois Mats Belem 1896<\/li>\n<li>\u0153illets  oxyd\u00e9s.<\/li>\n<li>deux anses en cuir cousu main, fix\u00e9es avec des manilles en acier<\/li>\n<li>bandouli\u00e8re en voile r\u00e9glable et amovible<\/li>\n<li>cosses en acier<\/li>\n<li><em>Int\u00e9rieur :\u00a0<\/em>spinnaker recycl\u00e9<\/li>\n<li>chiusura in spinnaker con cordini di cuoio scorrevoli<\/li>\n<li>poche (38x20cm) ferm\u00e9e avec velcro<\/li>\n<li>lavable \u00e0 30\u00b0  apr\u00e8s avoir retir\u00e9 l\u2019anse avec le cuir<\/li>\n<li>Misure: 37x17x33 cm<\/li>\n<\/ul>","protected":false},"featured_media":45082,"comment_status":"closed","ping_status":"closed","template":"","meta":{"_seopress_robots_primary_cat":"none","_seopress_titles_title":"Tote Kilkea in vela del trois mats Belem","_seopress_titles_desc":"Tote Kilkea invela di cotone del trois mats Belem 1896","_seopress_robots_index":""},"product_brand":[153],"product_cat":[159],"product_tag":[],"class_list":{"0":"post-45081","1":"product","2":"type-product","3":"status-publish","4":"has-post-thumbnail","6":"product_brand-relations-de-voyages","7":"product_cat-modelli-speciali","9":"first","10":"outofstock","11":"shipping-taxable","12":"product-type-simple"},"_links":{"self":[{"href":"https:\/\/www.relationsdevoyages.com\/fr\/wp-json\/wp\/v2\/product\/45081","targetHints":{"allow":["GET"]}}],"collection":[{"href":"https:\/\/www.relationsdevoyages.com\/fr\/wp-json\/wp\/v2\/product"}],"about":[{"href":"https:\/\/www.relationsdevoyages.com\/fr\/wp-json\/wp\/v2\/types\/product"}],"replies":[{"embeddable":true,"href":"https:\/\/www.relationsdevoyages.com\/fr\/wp-json\/wp\/v2\/comments?post=45081"}],"wp:featuredmedia":[{"embeddable":true,"href":"https:\/\/www.relationsdevoyages.com\/fr\/wp-json\/wp\/v2\/media\/45082"}],"wp:attachment":[{"href":"https:\/\/www.relationsdevoyages.com\/fr\/wp-json\/wp\/v2\/media?parent=45081"}],"wp:term":[{"taxonomy":"product_brand","embeddable":true,"href":"https:\/\/www.relationsdevoyages.com\/fr\/wp-json\/wp\/v2\/product_brand?post=45081"},{"taxonomy":"product_cat","embeddable":true,"href":"https:\/\/www.relationsdevoyages.com\/fr\/wp-json\/wp\/v2\/product_cat?post=45081"},{"taxonomy":"product_tag","embeddable":true,"href":"https:\/\/www.relationsdevoyages.com\/fr\/wp-json\/wp\/v2\/product_tag?post=45081"}],"curies":[{"name":"wp","href":"https:\/\/api.w.org\/{rel}","templated":true}]}}