{"id":45062,"date":"2026-03-30T14:00:42","date_gmt":"2026-03-30T12:00:42","guid":{"rendered":"https:\/\/www.relationsdevoyages.com\/?post_type=product&#038;p=45062"},"modified":"2026-04-07T14:44:22","modified_gmt":"2026-04-07T12:44:22","slug":"pochette-in-vela-bianca-ho","status":"publish","type":"product","link":"https:\/\/www.relationsdevoyages.com\/fr\/produit\/pochette-in-vela-bianca-ho\/","title":{"rendered":"Pochette en voile blanche.ho"},"content":{"rendered":"<p>Relations de voyages\u00ae certifie que cette pochette est enti\u00e8rement r\u00e8alis\u00e9 avec une  voile recycl\u00e9e qui a \u00e9t\u00e9 lav\u00e9e de ses impuret\u00e9s .<\/p>\n<p>Les \u00e9ventuelles irr\u00e9gularit\u00e9s ne sont pas des d\u00e9fauts de fabrication mais des t\u00e9moignages du \u00ab v\u00e9cu \u00bb de la voile, qui rendent cet accessoire unique et authentiquement recycl\u00e9.<\/p>","protected":false},"excerpt":{"rendered":"<p>&nbsp;<\/p>\n<ul style=\"list-style-type: circle;\">\n<li><em>Ext\u00e9rieur:\u00a0<\/em>genois recycl\u00e9<\/li>\n<li>fermeture avec zip<\/li>\n<li>boucle, pour passer la main, fix\u00e9e au curseur de la fermeture \u00e9clair<\/li>\n<li><em>Int\u00e9rieur :<\/em>spinnaker recycl\u00e9<\/li>\n<li>dimensions: cm 26x8x17 hauteur<\/li>\n<li>lavable \u00e0 30\u00b0<\/li>\n<\/ul>","protected":false},"featured_media":45063,"comment_status":"closed","ping_status":"closed","template":"","meta":{"_seopress_robots_primary_cat":"none","_seopress_titles_title":"Pochette in vela bianca","_seopress_titles_desc":"Pochette in vela bianca con zip. Linguetta lunga per infilare la mano","_seopress_robots_index":""},"product_brand":[153],"product_cat":[114],"product_tag":[],"class_list":{"0":"post-45062","1":"product","2":"type-product","3":"status-publish","4":"has-post-thumbnail","6":"product_brand-relations-de-voyages","7":"product_cat-pochette-ho","9":"first","10":"instock","11":"sold-individually","12":"shipping-taxable","13":"purchasable","14":"product-type-simple"},"_links":{"self":[{"href":"https:\/\/www.relationsdevoyages.com\/fr\/wp-json\/wp\/v2\/product\/45062","targetHints":{"allow":["GET"]}}],"collection":[{"href":"https:\/\/www.relationsdevoyages.com\/fr\/wp-json\/wp\/v2\/product"}],"about":[{"href":"https:\/\/www.relationsdevoyages.com\/fr\/wp-json\/wp\/v2\/types\/product"}],"replies":[{"embeddable":true,"href":"https:\/\/www.relationsdevoyages.com\/fr\/wp-json\/wp\/v2\/comments?post=45062"}],"wp:featuredmedia":[{"embeddable":true,"href":"https:\/\/www.relationsdevoyages.com\/fr\/wp-json\/wp\/v2\/media\/45063"}],"wp:attachment":[{"href":"https:\/\/www.relationsdevoyages.com\/fr\/wp-json\/wp\/v2\/media?parent=45062"}],"wp:term":[{"taxonomy":"product_brand","embeddable":true,"href":"https:\/\/www.relationsdevoyages.com\/fr\/wp-json\/wp\/v2\/product_brand?post=45062"},{"taxonomy":"product_cat","embeddable":true,"href":"https:\/\/www.relationsdevoyages.com\/fr\/wp-json\/wp\/v2\/product_cat?post=45062"},{"taxonomy":"product_tag","embeddable":true,"href":"https:\/\/www.relationsdevoyages.com\/fr\/wp-json\/wp\/v2\/product_tag?post=45062"}],"curies":[{"name":"wp","href":"https:\/\/api.w.org\/{rel}","templated":true}]}}