{"id":45042,"date":"2026-03-29T15:59:13","date_gmt":"2026-03-29T13:59:13","guid":{"rendered":"https:\/\/www.relationsdevoyages.com\/?post_type=product&#038;p=45042"},"modified":"2026-03-31T09:01:04","modified_gmt":"2026-03-31T07:01:04","slug":"cestino-degli-erbi-secchiello-bianco-manico-cuoio-naturale","status":"publish","type":"product","link":"https:\/\/www.relationsdevoyages.com\/fr\/produit\/cestino-degli-erbi-secchiello-bianco-manico-cuoio-naturale\/","title":{"rendered":"Cestino degli Erbi \u2013 sac seau blanc \u2013 anse en cuir naturel"},"content":{"rendered":"<p style=\"text-align: justify;\">Petit et aimable, le \u201cCestino degli erbi (Panier de cueillette des herbes sauvages comestibles) nous porte sur les pentes des Alpes Apuane \u00e0 la recherche des Sil\u00e8nes, Pimprenelles, Gentianes, Pissenlits, Bourraches, Fenouils,  Ails sauvages et tant d\u2019autres herbes d\u00e9licieuses pour accompagner la focaccia du samedi soir. \nAttention \u00e0 ne pas confondre la carotte avec la cruelle cig\u00fce ou la Bourrache avec la Mandragore assassine !<\/p>\n<p style=\"text-align: justify;\"><strong>Relations de voyages\u00ae certifie que ce sac est enti\u00e8rement r\u00e8alis\u00e9 avec une  voile recycl\u00e9e qui a \u00e9t\u00e9 lav\u00e9e de ses impuret\u00e9s .\u00a0<\/strong><br \/>\n<strong>Chaque sac est unique.<\/strong> Celui que vous choisissez en photo est celui que vous recevrez.<br \/>\nLes \u00e9ventuelles irr\u00e9gularit\u00e9s ne sont pas des d\u00e9fauts de fabrication mais des t\u00e9moignages du \u00ab v\u00e9cu \u00bb de la voile, qui rendent cet accessoire unique et authentiquement recycl\u00e9.<\/p>","protected":false},"excerpt":{"rendered":"<p>&nbsp;<\/p>\n<ul style=\"list-style-type: circle;\">\n<li><i>Ext\u00e9rieur: <\/i>genois recycl\u00e9<\/li>\n<li>\u0153illets  oxyd\u00e9s.<\/li>\n<li>manilles en acier<\/li>\n<li>anse en coton recouverte de cuir cousue main<\/li>\n<li>Le sac se ferme avec deux drisses coulissantes<\/li>\n<li>bandouliere en voile<\/li>\n<li><em>Int\u00e9rieur :<\/em> spinnaker recycl\u00e9<\/li>\n<li>dimensions:diam cm 19x17 hauteur<\/li>\n<li>lavable \u00e0 30\u00b0 apr\u00e8s avoir retir\u00e9 l\u2019anse avec le cuir<\/li>\n<\/ul>","protected":false},"featured_media":45043,"comment_status":"closed","ping_status":"closed","template":"","meta":{"_seopress_robots_primary_cat":"none","_seopress_titles_title":"Cestino degli erbi %%sitetitle%%","_seopress_titles_desc":"Cestino degli erbi \u00e8 un secchiello con tracolla e manico in cotone e pelle  chiusura con drizza scorrevole","_seopress_robots_index":""},"product_brand":[153],"product_cat":[158],"product_tag":[],"class_list":{"0":"post-45042","1":"product","2":"type-product","3":"status-publish","4":"has-post-thumbnail","6":"product_brand-relations-de-voyages","7":"product_cat-cestino-degli-erbi","9":"first","10":"instock","11":"featured","12":"sold-individually","13":"shipping-taxable","14":"purchasable","15":"product-type-simple"},"_links":{"self":[{"href":"https:\/\/www.relationsdevoyages.com\/fr\/wp-json\/wp\/v2\/product\/45042","targetHints":{"allow":["GET"]}}],"collection":[{"href":"https:\/\/www.relationsdevoyages.com\/fr\/wp-json\/wp\/v2\/product"}],"about":[{"href":"https:\/\/www.relationsdevoyages.com\/fr\/wp-json\/wp\/v2\/types\/product"}],"replies":[{"embeddable":true,"href":"https:\/\/www.relationsdevoyages.com\/fr\/wp-json\/wp\/v2\/comments?post=45042"}],"wp:featuredmedia":[{"embeddable":true,"href":"https:\/\/www.relationsdevoyages.com\/fr\/wp-json\/wp\/v2\/media\/45043"}],"wp:attachment":[{"href":"https:\/\/www.relationsdevoyages.com\/fr\/wp-json\/wp\/v2\/media?parent=45042"}],"wp:term":[{"taxonomy":"product_brand","embeddable":true,"href":"https:\/\/www.relationsdevoyages.com\/fr\/wp-json\/wp\/v2\/product_brand?post=45042"},{"taxonomy":"product_cat","embeddable":true,"href":"https:\/\/www.relationsdevoyages.com\/fr\/wp-json\/wp\/v2\/product_cat?post=45042"},{"taxonomy":"product_tag","embeddable":true,"href":"https:\/\/www.relationsdevoyages.com\/fr\/wp-json\/wp\/v2\/product_tag?post=45042"}],"curies":[{"name":"wp","href":"https:\/\/api.w.org\/{rel}","templated":true}]}}