{"id":45035,"date":"2026-03-29T15:11:54","date_gmt":"2026-03-29T13:11:54","guid":{"rendered":"https:\/\/www.relationsdevoyages.com\/?post_type=product&#038;p=45035"},"modified":"2026-04-12T17:14:17","modified_gmt":"2026-04-12T15:14:17","slug":"axtell-tote-tote-bianca-con-dettagli-grigi-e-tracolla","status":"publish","type":"product","link":"https:\/\/www.relationsdevoyages.com\/fr\/produit\/axtell-tote-tote-bianca-con-dettagli-grigi-e-tracolla\/","title":{"rendered":"Axtell Tote \u2013 tote blanc avec bandouli\u00e8re \u2013 d\u00e9tails gris"},"content":{"rendered":"<p style=\"text-align: justify;\" class=\"translation-block\">Dans son livre Digging in the Yucatan, Ann Axtell Morris d\u00e9crit les trois outils absolument indispensables des arch\u00e9ologues : \u00ab une pelle, l\u2019\u0153il humain et l\u2019imagination \u00bb. Sans imagination, \u00e9crit-elle, \u00ab les vestiges mis au jour par les arch\u00e9ologues ne sont rien d\u2019autre que des ossements dess\u00e9ch\u00e9s et de la poussi\u00e8re bigarr\u00e9e \u00bb. L\u2019imagination leur permet de \u00ab reconstruire les murs des cit\u00e9s disparues\u2026 de visualiser de grandes routes commerciales s\u2019\u00e9tendant \u00e0 travers le monde, peupl\u00e9es de voyageurs curieux\u2026 \u00bb. Bien s\u00fbr, ajoute-t-elle, elle doit \u00eatre soigneusement contr\u00f4l\u00e9e par les faits disponibles, dos\u00e9e \u00ab avec le soin d\u2019un chimiste composant une substance vivifiante \u00bb.\n\nDans l\u2019Am\u00e9rique des ann\u00e9es 1920-1930, Ann Axtell Morris a d\u00e9velopp\u00e9 des m\u00e9thodes de documentation de l\u2019architecture, des p\u00e9troglyphes et des paysages. Sur son immense clipboard, elle dessinait et peignait pour saisir les d\u00e9tails, mieux qu\u2019une photographie en noir et blanc de l\u2019\u00e9poque ne pouvait le faire dans les galeries obscures.\n\nBien que n\u00e9glig\u00e9e de son vivant, Ann Axtell Morris a contribu\u00e9 \u00e0 une compr\u00e9hension croissante de la vie et de la culture des anciens peuples autochtones d\u2019Am\u00e9rique du Nord et des populations indig\u00e8nes du Mexique, dont les soci\u00e9t\u00e9s complexes avaient elles aussi \u00e9t\u00e9 n\u00e9glig\u00e9es.\n\nAnn Axtell Morris est aujourd\u2019hui largement reconnue pour avoir ouvert la voie \u00e0 d\u2019autres femmes et inspir\u00e9 des g\u00e9n\u00e9rations de lecteurs passionn\u00e9s d\u2019arch\u00e9ologie.<\/p>\n<p>&nbsp;<\/p>\n<p><strong>Relations de voyages\u00ae certifie que ce sac est enti\u00e8rement r\u00e8alis\u00e9 avec une  grand-voile recycl\u00e9e qui a \u00e9t\u00e9 lav\u00e9e de ses impuret\u00e9s .<\/strong><br \/>\n<strong>Chaque sac est unique.<\/strong> Celui que vous choisissez en photo est celui que vous recevrez.<br \/>\nLes \u00e9ventuelles irr\u00e9gularit\u00e9s ne sont pas des d\u00e9fauts de fabrication mais des t\u00e9moignages du \u00ab v\u00e9cu \u00bb de la voile, qui rendent cet accessoire unique et authentiquement recycl\u00e9.<\/p>","protected":false},"excerpt":{"rendered":"<p>&nbsp;<\/p>\n<ul style=\"list-style-type: circle;\">\n<li><i>Ext\u00e9rieur:<\/i> grand voile recycl\u00e9<\/li>\n<li>\u0153illets  oxyd\u00e9s.<\/li>\n<li>deusx anses en coton et cuir amovibles<\/li>\n<li>manille en acier<\/li>\n<li>le tote  se ferme avec une drisse coulissante<\/li>\n<li>bandouli\u00e8re amovible en voile  fix\u00e9e avec manilles en acier.<\/li>\n<li><em>Int\u00e9rieur :<\/em> foc recycl\u00e9<\/li>\n<li>poche ferm\u00e9e avec velcro<\/li>\n<li>dimensions: cm 36x16x34 hauteur<\/li>\n<li>lavable \u00e0 30\u00b0<\/li>\n<\/ul>","protected":false},"featured_media":45036,"comment_status":"closed","ping_status":"closed","template":"","meta":{"_seopress_robots_primary_cat":"none","_seopress_titles_title":"Bauletto keeper in vela","_seopress_titles_desc":"Bauletto keeper in vela riciclata, due tasche esterne e chiusura con cerniera.","_seopress_robots_index":""},"product_brand":[153],"product_cat":[157],"product_tag":[],"class_list":{"0":"post-45035","1":"product","2":"type-product","3":"status-publish","4":"has-post-thumbnail","6":"product_brand-relations-de-voyages","7":"product_cat-axtell-tote","9":"first","10":"instock","11":"featured","12":"sold-individually","13":"shipping-taxable","14":"purchasable","15":"product-type-simple"},"_links":{"self":[{"href":"https:\/\/www.relationsdevoyages.com\/fr\/wp-json\/wp\/v2\/product\/45035","targetHints":{"allow":["GET"]}}],"collection":[{"href":"https:\/\/www.relationsdevoyages.com\/fr\/wp-json\/wp\/v2\/product"}],"about":[{"href":"https:\/\/www.relationsdevoyages.com\/fr\/wp-json\/wp\/v2\/types\/product"}],"replies":[{"embeddable":true,"href":"https:\/\/www.relationsdevoyages.com\/fr\/wp-json\/wp\/v2\/comments?post=45035"}],"wp:featuredmedia":[{"embeddable":true,"href":"https:\/\/www.relationsdevoyages.com\/fr\/wp-json\/wp\/v2\/media\/45036"}],"wp:attachment":[{"href":"https:\/\/www.relationsdevoyages.com\/fr\/wp-json\/wp\/v2\/media?parent=45035"}],"wp:term":[{"taxonomy":"product_brand","embeddable":true,"href":"https:\/\/www.relationsdevoyages.com\/fr\/wp-json\/wp\/v2\/product_brand?post=45035"},{"taxonomy":"product_cat","embeddable":true,"href":"https:\/\/www.relationsdevoyages.com\/fr\/wp-json\/wp\/v2\/product_cat?post=45035"},{"taxonomy":"product_tag","embeddable":true,"href":"https:\/\/www.relationsdevoyages.com\/fr\/wp-json\/wp\/v2\/product_tag?post=45035"}],"curies":[{"name":"wp","href":"https:\/\/api.w.org\/{rel}","templated":true}]}}