{"id":44999,"date":"2026-03-26T15:19:15","date_gmt":"2026-03-26T14:19:15","guid":{"rendered":"https:\/\/www.relationsdevoyages.com\/?post_type=product&#038;p=44999"},"modified":"2026-04-18T08:37:14","modified_gmt":"2026-04-18T06:37:14","slug":"paiolo-sacca-bianca-manico-grigio","status":"publish","type":"product","link":"https:\/\/www.relationsdevoyages.com\/fr\/produit\/paiolo-sacca-bianca-manico-grigio\/","title":{"rendered":"Paiolo sac blanc port\u00e9 \u00e9paule et bandouli\u00e8re en voile recycl\u00e9e \u2013 anse grise"},"content":{"rendered":"<p data-start=\"320\" data-end=\"398\">Sac r\u00e9sistant et spacieux, id\u00e9al pour la mer, le bateau ou le temps libre.<\/p>\n<p data-start=\"405\" data-end=\"482\">Le Paiolo allie fonctionnalit\u00e9, caract\u00e8re nautique et fabrication artisanale.<\/p>\n<p data-start=\"489\" data-end=\"686\">L\u2019acheter, c\u2019est aussi faire un choix conscient : un objet durable, r\u00e9alis\u00e9 en petites quantit\u00e9s, qui valorise le r\u00e9emploi de mat\u00e9riaux authentiques et une mani\u00e8re de produire \u00e9loign\u00e9e de la grande s\u00e9rie.<\/p>\n<p data-start=\"693\" data-end=\"802\">Relations de Voyages\u00ae certifie que ce sac est r\u00e9alis\u00e9 \u00e0 partir d\u2019une voile recycl\u00e9e, soigneusement lav\u00e9e.<\/p>\n<p data-start=\"809\" data-end=\"895\"><strong>Chaque sac est unique.<\/strong> Celui que vous choisissez en photo est celui que vous recevrez.<\/p>\n<p data-start=\"902\" data-end=\"1024\">Les \u00e9ventuelles irr\u00e9gularit\u00e9s ne sont pas des d\u00e9fauts, mais les traces de la vie de la voile, qui rendent chaque pi\u00e8ce authentique et unique.<\/p>","protected":false},"excerpt":{"rendered":"<p>&nbsp;<\/p>\n<ul style=\"list-style-type: circle;\">\n<li><i>Ext\u00e9rieur: <\/i>genois recycl\u00e9<\/li>\n<li>anse \u00e0 l'\u00e9paule ou \u00e0 bandouliere en coton naturel recouverte de cuir cousue main<\/li>\n<li>sac en spinnaker avec drisse coulissante<\/li>\n<li>pochette en voile ferm\u00e8 avec zip<\/li>\n<li>dimensions:hauteur 45x33diam.<\/li>\n<li>lavable \u00e0 la main<\/li>\n<\/ul>","protected":false},"featured_media":45000,"comment_status":"closed","ping_status":"closed","template":"","meta":{"_seopress_robots_primary_cat":"none","_seopress_titles_title":"sacca in vela","_seopress_titles_desc":"Sacca  in vela con in pi\u00f9 sacca in spinnaker e pochette staccabile. Idela per la barca, la spiaggia e lo sport","_seopress_robots_index":""},"product_brand":[153],"product_cat":[154],"product_tag":[],"class_list":{"0":"post-44999","1":"product","2":"type-product","3":"status-publish","4":"has-post-thumbnail","6":"product_brand-relations-de-voyages","7":"product_cat-paiolo","9":"first","10":"instock","11":"featured","12":"sold-individually","13":"shipping-taxable","14":"purchasable","15":"product-type-simple"},"_links":{"self":[{"href":"https:\/\/www.relationsdevoyages.com\/fr\/wp-json\/wp\/v2\/product\/44999","targetHints":{"allow":["GET"]}}],"collection":[{"href":"https:\/\/www.relationsdevoyages.com\/fr\/wp-json\/wp\/v2\/product"}],"about":[{"href":"https:\/\/www.relationsdevoyages.com\/fr\/wp-json\/wp\/v2\/types\/product"}],"replies":[{"embeddable":true,"href":"https:\/\/www.relationsdevoyages.com\/fr\/wp-json\/wp\/v2\/comments?post=44999"}],"wp:featuredmedia":[{"embeddable":true,"href":"https:\/\/www.relationsdevoyages.com\/fr\/wp-json\/wp\/v2\/media\/45000"}],"wp:attachment":[{"href":"https:\/\/www.relationsdevoyages.com\/fr\/wp-json\/wp\/v2\/media?parent=44999"}],"wp:term":[{"taxonomy":"product_brand","embeddable":true,"href":"https:\/\/www.relationsdevoyages.com\/fr\/wp-json\/wp\/v2\/product_brand?post=44999"},{"taxonomy":"product_cat","embeddable":true,"href":"https:\/\/www.relationsdevoyages.com\/fr\/wp-json\/wp\/v2\/product_cat?post=44999"},{"taxonomy":"product_tag","embeddable":true,"href":"https:\/\/www.relationsdevoyages.com\/fr\/wp-json\/wp\/v2\/product_tag?post=44999"}],"curies":[{"name":"wp","href":"https:\/\/api.w.org\/{rel}","templated":true}]}}