{"id":44915,"date":"2026-02-27T15:15:43","date_gmt":"2026-02-27T14:15:43","guid":{"rendered":"https:\/\/www.relationsdevoyages.com\/?post_type=product&#038;p=44915"},"modified":"2026-03-27T08:52:28","modified_gmt":"2026-03-27T07:52:28","slug":"borsa-in-vela-con-chiusura-clbe","status":"publish","type":"product","link":"https:\/\/www.relationsdevoyages.com\/fr\/produit\/borsa-in-vela-con-chiusura-clbe\/","title":{"rendered":"Conchiglia.L sac seau blanc anse beige"},"content":{"rendered":"<p><strong>Relations de voyages\u00ae certifie que ce sac de marin est enti\u00e8rement r\u00e8alis\u00e9 avec une  voile recycl\u00e9e qui a \u00e9t\u00e9 lav\u00e9e de ses impuret\u00e9s .<\/strong><br \/>\n<strong>Chaque sac est unique.<\/strong> Celui que vous choisissez en photo est celui que vous recevrez.<br \/>\nLes \u00e9ventuelles irr\u00e9gularit\u00e9s ne sont pas des d\u00e9fauts de fabrication mais des t\u00e9moignages du \u00ab v\u00e9cu \u00bb de la voile, qui rendent cet accessoire unique et authentiquement recycl\u00e9.<\/p>","protected":false},"excerpt":{"rendered":"<ul style=\"list-style-type: circle;\">\n<li><\/li>\n<li><em>Ext\u00e9rieur:<\/em> genois recycl\u00e9<\/li>\n<li>\u0153illets  oxyd\u00e9s.<\/li>\n<li>anses en coton tress\u00e9<\/li>\n<li>anse \u00e0 l'epaule coton et cuir<\/li>\n<li>oeillet sur le fond lib\u00e9rant l\u2019eau apr\u00e8s lavage<\/li>\n<li><em>Int\u00e9rieur :<\/em>\u00a0 foc recycl\u00e9<\/li>\n<li>Le sac se ferme avec deux drisses coulissantes<\/li>\n<li>deux poches (20x21cm)<\/li>\n<li>dimensions: cm 41x25x30 hauteur<\/li>\n<li>lavable \u00e0 30\u00b0<\/li>\n<\/ul>","protected":false},"featured_media":44919,"comment_status":"closed","ping_status":"closed","template":"","meta":{"_seopress_robots_primary_cat":"none","_seopress_titles_title":"%%sitetitle%% Conchiglia secchiello in vela con chiusura","_seopress_titles_desc":"Conchiglia  secchiello in vela con chiusura , all'interno tasca chiusa con velcro. Lavabile  a 30\u00b0","_seopress_robots_index":""},"product_brand":[153],"product_cat":[108],"product_tag":[],"class_list":{"0":"post-44915","1":"product","2":"type-product","3":"status-publish","4":"has-post-thumbnail","6":"product_brand-relations-de-voyages","7":"product_cat-conchiglia-l","9":"first","10":"instock","11":"featured","12":"sold-individually","13":"shipping-taxable","14":"purchasable","15":"product-type-simple"},"_links":{"self":[{"href":"https:\/\/www.relationsdevoyages.com\/fr\/wp-json\/wp\/v2\/product\/44915","targetHints":{"allow":["GET"]}}],"collection":[{"href":"https:\/\/www.relationsdevoyages.com\/fr\/wp-json\/wp\/v2\/product"}],"about":[{"href":"https:\/\/www.relationsdevoyages.com\/fr\/wp-json\/wp\/v2\/types\/product"}],"replies":[{"embeddable":true,"href":"https:\/\/www.relationsdevoyages.com\/fr\/wp-json\/wp\/v2\/comments?post=44915"}],"wp:featuredmedia":[{"embeddable":true,"href":"https:\/\/www.relationsdevoyages.com\/fr\/wp-json\/wp\/v2\/media\/44919"}],"wp:attachment":[{"href":"https:\/\/www.relationsdevoyages.com\/fr\/wp-json\/wp\/v2\/media?parent=44915"}],"wp:term":[{"taxonomy":"product_brand","embeddable":true,"href":"https:\/\/www.relationsdevoyages.com\/fr\/wp-json\/wp\/v2\/product_brand?post=44915"},{"taxonomy":"product_cat","embeddable":true,"href":"https:\/\/www.relationsdevoyages.com\/fr\/wp-json\/wp\/v2\/product_cat?post=44915"},{"taxonomy":"product_tag","embeddable":true,"href":"https:\/\/www.relationsdevoyages.com\/fr\/wp-json\/wp\/v2\/product_tag?post=44915"}],"curies":[{"name":"wp","href":"https:\/\/api.w.org\/{rel}","templated":true}]}}