{"id":44848,"date":"2025-10-10T11:10:38","date_gmt":"2025-10-10T09:10:38","guid":{"rendered":"https:\/\/www.relationsdevoyages.com\/?post_type=product&#038;p=44848"},"modified":"2026-01-05T08:57:16","modified_gmt":"2026-01-05T07:57:16","slug":"ul-tombo","status":"publish","type":"product","link":"https:\/\/www.relationsdevoyages.com\/fr\/produit\/ul-tombo\/","title":{"rendered":"UL.tombo"},"content":{"rendered":"<p style=\"text-align: justify;\">Ultralight\u00a0 Tombo<br \/>\nPerch\u00e9 vola sempre in avanti, \u00e9 il simbolo in Giappone,\u00a0di forza e coraggio. Anche simbolo dell&#8217;estate la \u00a0libellula -tombo in giapponese-\u00a0ci ha ispirato per questo nuovo modello, super leggero e dinamico in spinnaker o fiocchi leggeri. Perfetto per\u00a0andare in bicicletta per la grande citt\u00e0.<\/p>\n<p style=\"text-align: justify;\"><strong>Relations de Voyages\u00ae certifica che questa borsa \u00e8 completamente realizzata con uno spinnaker riciclato che \u00e9 stato lavato.<\/strong><\/p>\n<p style=\"text-align: justify;\" class=\"translation-block\">Chaque sac est unique. Celui que vous choisissez en photo est celui que vous recevrez.<\/p>\n<p style=\"text-align: justify;\">Les \u00e9ventuelles irr\u00e9gularit\u00e9s ne sont pas des d\u00e9fauts de fabrication mais des t\u00e9moignages du \u00ab v\u00e9cu \u00bb de la voile, qui rendent cet accessoire unique et authentiquement recycl\u00e9.<\/p>","protected":false},"excerpt":{"rendered":"<ul style=\"list-style-type: circle;\">\n<li><em>Ext\u00e9rieur<\/em>: spinnaker\u00a0 riciclato blu<\/li>\n<li>bandouliere en voile<\/li>\n<li>manille en acier<\/li>\n<li><em>Interno; <\/em>spinnaker ricliclato bianco<\/li>\n<li>poche ferm\u00e9e avec velcro<\/li>\n<li>Le sac se ferme avec deux drisses coulissantes<\/li>\n<li>misure: cm 24x9x28\u00a0 altezza<\/li>\n<li>lavable \u00e0 30\u00b0<\/li>\n<\/ul>\n<p>&nbsp;<\/p>","protected":false},"featured_media":44849,"comment_status":"closed","ping_status":"closed","template":"","meta":{"_seopress_robots_primary_cat":"none","_seopress_titles_title":"Borsa a tracolla leggerissima","_seopress_titles_desc":"Borsa a tracolla leggerissima in spinnaker riciclato. Chiusura con drizza scorrevole","_seopress_robots_index":""},"product_brand":[153],"product_cat":[115],"product_tag":[],"class_list":{"0":"post-44848","1":"product","2":"type-product","3":"status-publish","4":"has-post-thumbnail","6":"product_brand-relations-de-voyages","7":"product_cat-ultralight","9":"first","10":"instock","11":"sold-individually","12":"purchasable","13":"product-type-simple"},"_links":{"self":[{"href":"https:\/\/www.relationsdevoyages.com\/fr\/wp-json\/wp\/v2\/product\/44848","targetHints":{"allow":["GET"]}}],"collection":[{"href":"https:\/\/www.relationsdevoyages.com\/fr\/wp-json\/wp\/v2\/product"}],"about":[{"href":"https:\/\/www.relationsdevoyages.com\/fr\/wp-json\/wp\/v2\/types\/product"}],"replies":[{"embeddable":true,"href":"https:\/\/www.relationsdevoyages.com\/fr\/wp-json\/wp\/v2\/comments?post=44848"}],"wp:featuredmedia":[{"embeddable":true,"href":"https:\/\/www.relationsdevoyages.com\/fr\/wp-json\/wp\/v2\/media\/44849"}],"wp:attachment":[{"href":"https:\/\/www.relationsdevoyages.com\/fr\/wp-json\/wp\/v2\/media?parent=44848"}],"wp:term":[{"taxonomy":"product_brand","embeddable":true,"href":"https:\/\/www.relationsdevoyages.com\/fr\/wp-json\/wp\/v2\/product_brand?post=44848"},{"taxonomy":"product_cat","embeddable":true,"href":"https:\/\/www.relationsdevoyages.com\/fr\/wp-json\/wp\/v2\/product_cat?post=44848"},{"taxonomy":"product_tag","embeddable":true,"href":"https:\/\/www.relationsdevoyages.com\/fr\/wp-json\/wp\/v2\/product_tag?post=44848"}],"curies":[{"name":"wp","href":"https:\/\/api.w.org\/{rel}","templated":true}]}}