{"id":44822,"date":"2025-10-13T14:45:06","date_gmt":"2025-10-13T12:45:06","guid":{"rendered":"https:\/\/www.relationsdevoyages.com\/?post_type=product&#038;p=44822"},"modified":"2026-02-20T14:49:55","modified_gmt":"2026-02-20T13:49:55","slug":"stola-algae-seacell","status":"publish","type":"product","link":"https:\/\/www.relationsdevoyages.com\/fr\/produit\/stola-algae-seacell\/","title":{"rendered":"Etole \"algae\"sea cell"},"content":{"rendered":"<p style=\"text-align: justify;\">SEACELL<\/p>\n<p data-start=\"814\" data-end=\"1231\"><strong data-start=\"814\" data-end=\"826\">SeaCell\u2122<\/strong> est une fibre textile \u00e0 base de cellulose et d\u2019algues brunes provenant des fjords islandais. Les algues marines sont r\u00e9colt\u00e9es de mani\u00e8re s\u00e9lective, en pr\u00e9levant uniquement la partie capable de se r\u00e9g\u00e9n\u00e9rer. Apr\u00e8s s\u00e9chage et broyage, elles sont \u00ab emprisonn\u00e9es \u00bb au c\u0153ur de la fibre de cellulose et les propri\u00e9t\u00e9s b\u00e9n\u00e9fiques des algues restent durablement pr\u00e9serv\u00e9es, m\u00eame apr\u00e8s plusieurs cycles de lavage.<\/p>\n<p data-start=\"1239\" data-end=\"1432\">La production utilise le proc\u00e9d\u00e9 lyocell en circuit ferm\u00e9, qui permet de r\u00e9cup\u00e9rer la quasi-totalit\u00e9 des solvants et de r\u00e9duire fortement l\u2019impact sur l\u2019environnement. SeaCell\u2122 est une fibre biod\u00e9gradable et compostable.<\/p>\n<p data-start=\"1440\" data-end=\"1797\">Riches en vitamines, oligo-\u00e9l\u00e9ments, acides amin\u00e9s et min\u00e9raux, les algues sont connues pour leurs propri\u00e9t\u00e9s apaisantes et protectrices pour la peau. Au toucher, la fibre SeaCell\u2122 offre une sensation lisse et soyeuse : elle est douce, respirante et pr\u00e9sente une excellente capacit\u00e9 d\u2019absorption de l\u2019humidit\u00e9. Elle r\u00e9pond aux attentes d\u2019une g\u00e9n\u00e9ration de plus en plus attentive \u00e0 sa sant\u00e9 et \u00e0 l\u2019environnement.<\/p>\n<p data-start=\"1805\" data-end=\"1896\">Il s\u2019agit d\u2019une fibre europ\u00e9enne, certifi\u00e9e et durable, tant sur le plan \u00e9thique qu\u2019environnemental.<\/p>\n<p>&nbsp;<\/p>\n<p style=\"text-align: justify;\">TENCELL\/LYOCELL<\/p>\n<p style=\"text-align: justify;\">Le Tencel\u2122 (Lyocell) fibre d\u2019origine <strong data-start=\"372\" data-end=\"384\">naturelle<\/strong>,issue de la cellulose du bois (eucalyptus, h\u00eatre, sapin) provenant de for\u00eats g\u00e9r\u00e9es de mani\u00e8re durable.<br data-start=\"537\" data-end=\"540\" \/>Produite selon un proc\u00e9d\u00e9 <strong data-start=\"572\" data-end=\"614\">\u00e9cologique en circuit ferm\u00e9<\/strong>qui r\u00e9cup\u00e8re plus de 99 % du solvant et r\u00e9duit au minimum la consommation d\u2019eau et d\u2019\u00e9nergie.<\/p>\n<p style=\"text-align: justify;\" data-start=\"866\" data-end=\"929\" class=\"translation-block\">Fibre durable provenant de sources renouvelables et certifi\u00e9es FSC\u00ae \/ PEFC\u00ae. Sa production n\u00e9cessite beaucoup moins d\u2019eau et d\u2019\u00e9nergie que celle du coton. Elle est biod\u00e9gradable et compostable.<\/p>\n<p style=\"text-align: justify;\" data-start=\"866\" data-end=\"929\">Le Tencel\u2122 a un toucher soyeux et fluide, qui rappelle la soie mais avec la l\u00e9g\u00e8ret\u00e9 du lin et la r\u00e9sistance du coton. Respirant, doux sur la peau et naturellement antibact\u00e9rien.<br data-start=\"1347\" data-end=\"1350\" \/>Les \u00e9toles en Tencel\u2122 de <em data-start=\"1377\" data-end=\"1400\">Relations de Voyages\u00ae<\/em> allient confort naturel et responsabilit\u00e9 environnementale, en accord avec notre philosophie de design conscient et durable.<\/p>\n<p>&nbsp;<\/p>\n<p>&nbsp;<\/p>\n<p>&nbsp;<\/p>\n<p style=\"text-align: justify;\">","protected":false},"excerpt":{"rendered":"<ul style=\"list-style-type: circle;\">\n<li>tissu jersey<\/li>\n<li>60% tencell\/lyocell<\/li>\n<li>30% SeaCell \u2013 Alga<br \/>\n5% Elastane<\/li>\n<li>poids 175gr\/m2<\/li>\n<li>angles orn\u00e9s de fils color\u00e9s inspir\u00e9s des algues marines<\/li>\n<li>misure: 200x70cm<\/li>\n<li>sac de rangement en voile spi recycl\u00e9e,  fermeture avec lacet de chanvre<\/li>\n<li>laver \u00e0 temp\u00e9rature inf\u00e9rieure \u00e0 40\u00b0, avec un d\u00e9tergent neutre et \u00e9cologique.<\/li>\n<\/ul>","protected":false},"featured_media":44824,"comment_status":"closed","ping_status":"closed","template":"","meta":{"_seopress_robots_primary_cat":"none","_seopress_titles_title":"stola algae in seacell e tencell","_seopress_titles_desc":"Stola in tessuto naturale innovativo.seacell e tencell. morbida setosa . acquista prodotti sostenibili per il tuo benessere","_seopress_robots_index":""},"product_brand":[],"product_cat":[155],"product_tag":[],"class_list":{"0":"post-44822","1":"product","2":"type-product","3":"status-publish","4":"has-post-thumbnail","6":"product_cat-stole","8":"first","9":"instock","10":"featured","11":"sold-individually","12":"shipping-taxable","13":"purchasable","14":"product-type-simple"},"_links":{"self":[{"href":"https:\/\/www.relationsdevoyages.com\/fr\/wp-json\/wp\/v2\/product\/44822","targetHints":{"allow":["GET"]}}],"collection":[{"href":"https:\/\/www.relationsdevoyages.com\/fr\/wp-json\/wp\/v2\/product"}],"about":[{"href":"https:\/\/www.relationsdevoyages.com\/fr\/wp-json\/wp\/v2\/types\/product"}],"replies":[{"embeddable":true,"href":"https:\/\/www.relationsdevoyages.com\/fr\/wp-json\/wp\/v2\/comments?post=44822"}],"wp:featuredmedia":[{"embeddable":true,"href":"https:\/\/www.relationsdevoyages.com\/fr\/wp-json\/wp\/v2\/media\/44824"}],"wp:attachment":[{"href":"https:\/\/www.relationsdevoyages.com\/fr\/wp-json\/wp\/v2\/media?parent=44822"}],"wp:term":[{"taxonomy":"product_brand","embeddable":true,"href":"https:\/\/www.relationsdevoyages.com\/fr\/wp-json\/wp\/v2\/product_brand?post=44822"},{"taxonomy":"product_cat","embeddable":true,"href":"https:\/\/www.relationsdevoyages.com\/fr\/wp-json\/wp\/v2\/product_cat?post=44822"},{"taxonomy":"product_tag","embeddable":true,"href":"https:\/\/www.relationsdevoyages.com\/fr\/wp-json\/wp\/v2\/product_tag?post=44822"}],"curies":[{"name":"wp","href":"https:\/\/api.w.org\/{rel}","templated":true}]}}