{"id":44789,"date":"2025-10-10T14:58:29","date_gmt":"2025-10-10T12:58:29","guid":{"rendered":"https:\/\/www.relationsdevoyages.com\/?post_type=product&#038;p=44789"},"modified":"2026-03-11T13:55:50","modified_gmt":"2026-03-11T12:55:50","slug":"pochette-carta-lavabile-forest","status":"publish","type":"product","link":"https:\/\/www.relationsdevoyages.com\/fr\/produit\/pochette-carta-lavabile-forest\/","title":{"rendered":"Pochette papier lavable.forest"},"content":{"rendered":"<p style=\"text-align: justify;\">Pochette\/etuis pour cahier et ou smartphone<span class=\"Apple-converted-space\">\u00a0\u00a0<\/span>Un cahier format A5 avec 30 feuilles de papier recycl\u00e9 est ins\u00e9r\u00e9 \u00e0 l\u2019int\u00e9rieur pour  pour planifier et dessiner votre potager planifier et dessiner votre potager,<span class=\"Apple-converted-space\">\u00a0 <\/span>planifier et dessiner votre potager,<span class=\"Apple-converted-space\">\u00a0<\/span>noter et m\u00e9moriser les activit\u00e9s du jardin (date de semis et r\u00e9colte \u2026) <a href=\"https:\/\/it.fsc.org\/it-it\">produit en Italie avec la certification de la Forest Stewardship Council FSC\u00ae CQ-COC-000418<\/a> Une production artisanale durable avec un design moderne et un mat\u00e9riau \u00e9cologique pour le respect de l'environnement. Naturel, r\u00e9sistant, lavable et recyclable.<\/p>\n<p><img alt=\"\" loading=\"lazy\" decoding=\"async\" class=\"aligncenter size-thumbnail wp-image-43581\" src=\"https:\/\/www.relationsdevoyages.com\/wp-content\/uploads\/2025\/04\/TI-Srl-FSC-Certificate-150x150.png\" width=\"150\" height=\"150\" srcset=\"https:\/\/www.relationsdevoyages.com\/wp-content\/uploads\/2025\/04\/TI-Srl-FSC-Certificate-150x150.png 150w, https:\/\/www.relationsdevoyages.com\/wp-content\/uploads\/2025\/04\/TI-Srl-FSC-Certificate-100x100.png 100w, https:\/\/www.relationsdevoyages.com\/wp-content\/uploads\/2025\/04\/TI-Srl-FSC-Certificate-13x12.png 13w\" sizes=\"auto, (max-width: 150px) 100vw, 150px\" \/><\/p>","protected":false},"excerpt":{"rendered":"<p>Pochette\/etui en papier lavable avec cahier de papier recycl\u00e9<\/p>\n<ul style=\"list-style-type: circle;\">\n<li>pulpe de cellulose<\/li>\n<li>couleur vert fonc\u00e9<\/li>\n<li>cahier A5 en papier recycl\u00e9 (30 feuilles)<\/li>\n<li>trois poches<\/li>\n<li>fermeture avec \u00e9lastique<\/li>\n<li>rivets<\/li>\n<li>dimensions:22x16x2cm<\/li>\n<li>lavable \u00e0 30\u00b0<\/li>\n<\/ul>","protected":false},"featured_media":44790,"comment_status":"closed","ping_status":"closed","template":"","meta":{"_seopress_robots_primary_cat":"none","_seopress_titles_title":"pochette carta lavabile","_seopress_titles_desc":"Pochette carta lavabile con quaderno in carta riciclata","_seopress_robots_index":""},"product_brand":[153],"product_cat":[46],"product_tag":[],"class_list":{"0":"post-44789","1":"product","2":"type-product","3":"status-publish","4":"has-post-thumbnail","6":"product_brand-relations-de-voyages","7":"product_cat-cahier-papyrifera","9":"first","10":"outofstock","11":"sold-individually","12":"shipping-taxable","13":"purchasable","14":"product-type-simple"},"_links":{"self":[{"href":"https:\/\/www.relationsdevoyages.com\/fr\/wp-json\/wp\/v2\/product\/44789","targetHints":{"allow":["GET"]}}],"collection":[{"href":"https:\/\/www.relationsdevoyages.com\/fr\/wp-json\/wp\/v2\/product"}],"about":[{"href":"https:\/\/www.relationsdevoyages.com\/fr\/wp-json\/wp\/v2\/types\/product"}],"replies":[{"embeddable":true,"href":"https:\/\/www.relationsdevoyages.com\/fr\/wp-json\/wp\/v2\/comments?post=44789"}],"wp:featuredmedia":[{"embeddable":true,"href":"https:\/\/www.relationsdevoyages.com\/fr\/wp-json\/wp\/v2\/media\/44790"}],"wp:attachment":[{"href":"https:\/\/www.relationsdevoyages.com\/fr\/wp-json\/wp\/v2\/media?parent=44789"}],"wp:term":[{"taxonomy":"product_brand","embeddable":true,"href":"https:\/\/www.relationsdevoyages.com\/fr\/wp-json\/wp\/v2\/product_brand?post=44789"},{"taxonomy":"product_cat","embeddable":true,"href":"https:\/\/www.relationsdevoyages.com\/fr\/wp-json\/wp\/v2\/product_cat?post=44789"},{"taxonomy":"product_tag","embeddable":true,"href":"https:\/\/www.relationsdevoyages.com\/fr\/wp-json\/wp\/v2\/product_tag?post=44789"}],"curies":[{"name":"wp","href":"https:\/\/api.w.org\/{rel}","templated":true}]}}