{"id":44784,"date":"2025-11-01T06:48:00","date_gmt":"2025-11-01T05:48:00","guid":{"rendered":"https:\/\/www.relationsdevoyages.com\/?post_type=product&#038;p=44784"},"modified":"2026-02-20T14:49:35","modified_gmt":"2026-02-20T13:49:35","slug":"stolasalvia-canapa-tencell-lyocell-c","status":"publish","type":"product","link":"https:\/\/www.relationsdevoyages.com\/fr\/produit\/stolasalvia-canapa-tencell-lyocell-c\/","title":{"rendered":"Etole \"salvia\" chanvre\/tencell-lyocell.c"},"content":{"rendered":"<p style=\"text-align: justify;\">CHANVRE<\/p>\n<p style=\"text-align: justify;\">Structurellement, la fibre de <em>Chanvre <\/em>(cannabis sativa) est creuse et hygroscopique, ce qui permet d\u2019obtenir un fil au fort pouvoir isolant et respirant, qui se comporte comme la laine : frais en \u00e9t\u00e9 et chaud en hiver. Parmi les fibres naturelles les plus r\u00e9sistantes au travail textile, le chanvre permet de cr\u00e9er un tissu particuli\u00e8rement solide face aux contraintes m\u00e9caniques, \u00e0 l\u2019usure, aux d\u00e9chirures et aux d\u00e9formations, plus que tout autre tissu naturel. La fibre tiss\u00e9e r\u00e9fl\u00e9chit les rayons ultraviolets, prot\u00e8ge des champs \u00e9lectrostatiques, ne conduit pas l\u2019\u00e9lectricit\u00e9, n\u2019irrite pas la peau car elle est anallergique, et gr\u00e2ce \u00e0 ses propri\u00e9t\u00e9s antiseptiques elle emp\u00eache la prolif\u00e9ration des bact\u00e9ries, des mauvaises odeurs et des moisissures.<\/p>\n<p style=\"text-align: justify;\">Dans l\u2019environnement, les plantations de chanvre ne n\u00e9cessitent pas de traitements agressifs avec des pesticides, des herbicides ou d\u2019autres produits chimiques.<\/p>\n<p>&nbsp;<\/p>\n<p style=\"text-align: justify;\">TENCELL\/LYOCELL<\/p>\n<p style=\"text-align: justify;\">Le Tencel\u2122 (Lyocell) fibre d\u2019origine <strong data-start=\"372\" data-end=\"384\">naturelle<\/strong>,issue de la cellulose du bois (eucalyptus, h\u00eatre, sapin) provenant de for\u00eats g\u00e9r\u00e9es de mani\u00e8re durable.<br data-start=\"537\" data-end=\"540\" \/>Produite selon un proc\u00e9d\u00e9 <strong data-start=\"572\" data-end=\"614\">\u00e9cologique en circuit ferm\u00e9<\/strong>qui r\u00e9cup\u00e8re plus de 99 % du solvant et r\u00e9duit au minimum la consommation d\u2019eau et d\u2019\u00e9nergie.<\/p>\n<p style=\"text-align: justify;\" data-start=\"866\" data-end=\"929\" class=\"translation-block\">Fibre durable provenant de sources renouvelables et certifi\u00e9es FSC\u00ae \/ PEFC\u00ae. Sa production n\u00e9cessite beaucoup moins d\u2019eau et d\u2019\u00e9nergie que celle du coton. Elle est biod\u00e9gradable et compostable.<\/p>\n<p style=\"text-align: justify;\" data-start=\"866\" data-end=\"929\">Le Tencel\u2122 a un toucher soyeux et fluide, qui rappelle la soie mais avec la l\u00e9g\u00e8ret\u00e9 du lin et la r\u00e9sistance du coton. Respirant, doux sur la peau et naturellement antibact\u00e9rien.<br data-start=\"1347\" data-end=\"1350\" \/>Les \u00e9toles en Tencel\u2122 de <em data-start=\"1377\" data-end=\"1400\">Relations de Voyages\u00ae<\/em> allient confort naturel et responsabilit\u00e9 environnementale, en accord avec notre philosophie de design conscient et durable.<\/p>\n<p>&nbsp;<\/p>\n<p>&nbsp;<\/p>\n<p>&nbsp;<\/p>\n<p style=\"text-align: justify;\">","protected":false},"excerpt":{"rendered":"<ul style=\"list-style-type: circle;\">\n<li>tissu jersey<\/li>\n<li>70% chanvre gots, 30% tencell\/lyocell<\/li>\n<li>poids 170 gr\/m2<\/li>\n<li>coutures visibles avec des fils de couleur<\/li>\n<li>bordures roulott\u00e9 \u00e0 la main<\/li>\n<li>dimensions :150\u00d7140 cm<\/li>\n<li>sac de rangement en voile spi recycl\u00e9e,  fermeture avec lacet de chanvre<\/li>\n<li>laver \u00e0 temp\u00e9rature inf\u00e9rieure \u00e0 40\u00b0, avec un d\u00e9tergent neutre et \u00e9cologique.<\/li>\n<\/ul>","protected":false},"featured_media":44785,"comment_status":"closed","ping_status":"closed","template":"","meta":{"_seopress_robots_primary_cat":"none","_seopress_titles_title":"stola salvia in canapa e tencell","_seopress_titles_desc":"Stola in tessuto naturale innovativo.canapa e tencell. morbida setosa e antibatterica. acquista prodotti sostenibili per il tuo benessere","_seopress_robots_index":""},"product_brand":[],"product_cat":[155],"product_tag":[],"class_list":{"0":"post-44784","1":"product","2":"type-product","3":"status-publish","4":"has-post-thumbnail","6":"product_cat-stole","8":"first","9":"instock","10":"featured","11":"sold-individually","12":"shipping-taxable","13":"purchasable","14":"product-type-simple"},"_links":{"self":[{"href":"https:\/\/www.relationsdevoyages.com\/fr\/wp-json\/wp\/v2\/product\/44784","targetHints":{"allow":["GET"]}}],"collection":[{"href":"https:\/\/www.relationsdevoyages.com\/fr\/wp-json\/wp\/v2\/product"}],"about":[{"href":"https:\/\/www.relationsdevoyages.com\/fr\/wp-json\/wp\/v2\/types\/product"}],"replies":[{"embeddable":true,"href":"https:\/\/www.relationsdevoyages.com\/fr\/wp-json\/wp\/v2\/comments?post=44784"}],"wp:featuredmedia":[{"embeddable":true,"href":"https:\/\/www.relationsdevoyages.com\/fr\/wp-json\/wp\/v2\/media\/44785"}],"wp:attachment":[{"href":"https:\/\/www.relationsdevoyages.com\/fr\/wp-json\/wp\/v2\/media?parent=44784"}],"wp:term":[{"taxonomy":"product_brand","embeddable":true,"href":"https:\/\/www.relationsdevoyages.com\/fr\/wp-json\/wp\/v2\/product_brand?post=44784"},{"taxonomy":"product_cat","embeddable":true,"href":"https:\/\/www.relationsdevoyages.com\/fr\/wp-json\/wp\/v2\/product_cat?post=44784"},{"taxonomy":"product_tag","embeddable":true,"href":"https:\/\/www.relationsdevoyages.com\/fr\/wp-json\/wp\/v2\/product_tag?post=44784"}],"curies":[{"name":"wp","href":"https:\/\/api.w.org\/{rel}","templated":true}]}}