{"id":44750,"date":"2025-10-13T13:56:44","date_gmt":"2025-10-13T11:56:44","guid":{"rendered":"https:\/\/www.relationsdevoyages.com\/?post_type=product&#038;p=44750"},"modified":"2026-04-06T08:36:19","modified_gmt":"2026-04-06T06:36:19","slug":"cxs-allblack","status":"publish","type":"product","link":"https:\/\/www.relationsdevoyages.com\/fr\/produit\/cxs-allblack\/","title":{"rendered":"CXS.allblack"},"content":{"rendered":"<p><strong>Relations de voyages\u00ae certifie que ce sac est enti\u00e8rement r\u00e8alis\u00e9 avec un spinnaker recycl\u00e9 noir qui a \u00e9t\u00e9 lav\u00e9 de ses impuret\u00e9s .\u00a0<\/strong><br \/>\n<strong>Chaque sac est unique.<\/strong> Celui que vous choisissez en photo est celui que vous recevrez.<br \/>\nLes \u00e9ventuelles irr\u00e9gularit\u00e9s ne sont pas des d\u00e9fauts de fabrication mais des t\u00e9moignages du \u00ab v\u00e9cu \u00bb de la voile, qui rendent cet accessoire unique et authentiquement recycl\u00e9.<\/p>","protected":false},"excerpt":{"rendered":"<p>&nbsp;<\/p>\n<ul style=\"list-style-type: circle;\">\n<li><i>Ext\u00e9rieur: <\/i>spinnaker recycl\u00e9 noir<\/li>\n<li>manilles en acier<\/li>\n<li>anse en cuir noir<\/li>\n<li>Le sac se ferme avec deux drisses coulissantes<\/li>\n<li>bandouliere en voile<\/li>\n<li><em>Int\u00e9rieur :<\/em> spinnaker recycl\u00e9<\/li>\n<li>poche ferm\u00e9e avec velcro<\/li>\n<li>dimensions 25x22cm<\/li>\n<li>lavable \u00e0 30\u00b0 apr\u00e8s avoir retir\u00e9 l\u2019anse avec le cuir<\/li>\n<\/ul>","protected":false},"featured_media":44751,"comment_status":"closed","ping_status":"closed","template":"","meta":{"_seopress_robots_primary_cat":"none","_seopress_titles_title":"Secchiello in vela nera","_seopress_titles_desc":"Secchiello in spinnaer nero. tracolla e manico a mano in cotone e pelle nera. chiusura con drizza scorrevole","_seopress_robots_index":""},"product_brand":[153],"product_cat":[159],"product_tag":[],"class_list":{"0":"post-44750","1":"product","2":"type-product","3":"status-publish","4":"has-post-thumbnail","6":"product_brand-relations-de-voyages","7":"product_cat-modelli-speciali","9":"first","10":"outofstock","11":"sold-individually","12":"shipping-taxable","13":"product-type-simple"},"_links":{"self":[{"href":"https:\/\/www.relationsdevoyages.com\/fr\/wp-json\/wp\/v2\/product\/44750","targetHints":{"allow":["GET"]}}],"collection":[{"href":"https:\/\/www.relationsdevoyages.com\/fr\/wp-json\/wp\/v2\/product"}],"about":[{"href":"https:\/\/www.relationsdevoyages.com\/fr\/wp-json\/wp\/v2\/types\/product"}],"replies":[{"embeddable":true,"href":"https:\/\/www.relationsdevoyages.com\/fr\/wp-json\/wp\/v2\/comments?post=44750"}],"wp:featuredmedia":[{"embeddable":true,"href":"https:\/\/www.relationsdevoyages.com\/fr\/wp-json\/wp\/v2\/media\/44751"}],"wp:attachment":[{"href":"https:\/\/www.relationsdevoyages.com\/fr\/wp-json\/wp\/v2\/media?parent=44750"}],"wp:term":[{"taxonomy":"product_brand","embeddable":true,"href":"https:\/\/www.relationsdevoyages.com\/fr\/wp-json\/wp\/v2\/product_brand?post=44750"},{"taxonomy":"product_cat","embeddable":true,"href":"https:\/\/www.relationsdevoyages.com\/fr\/wp-json\/wp\/v2\/product_cat?post=44750"},{"taxonomy":"product_tag","embeddable":true,"href":"https:\/\/www.relationsdevoyages.com\/fr\/wp-json\/wp\/v2\/product_tag?post=44750"}],"curies":[{"name":"wp","href":"https:\/\/api.w.org\/{rel}","templated":true}]}}