{"id":44704,"date":"2025-10-10T11:06:59","date_gmt":"2025-10-10T09:06:59","guid":{"rendered":"https:\/\/www.relationsdevoyages.com\/?post_type=product&#038;p=44704"},"modified":"2026-03-25T14:08:36","modified_gmt":"2026-03-25T13:08:36","slug":"pochette-carta-lavabile-passion-fruit","status":"publish","type":"product","link":"https:\/\/www.relationsdevoyages.com\/fr\/produit\/pochette-carta-lavabile-passion-fruit\/","title":{"rendered":"Pochette en papier lavable.fruit de la passion"},"content":{"rendered":"<p style=\"text-align: justify;\">Une pochette zipp\u00e9e pratique, lavable et l\u00e9g\u00e8re. Id\u00e9ale pour transporter les essentiels du quotidien.Du vegetal une ligne d'accessoires fabriqu\u00e9s avec de la fibre de cellulose provenant de cellulose recycl\u00e9e et de plantations cultiv\u00e9es, produite en Italie <a href=\"https:\/\/it.fsc.org\/it-it\">produit en Italie avec la certification de la Forest Stewardship Council FSC\u00ae CQ-COC-000418<\/a> Une production artisanale durable avec un design moderne et un mat\u00e9riau \u00e9cologique pour le respect de l'environnement. Naturel, r\u00e9sistant, lavable et recyclable.<\/p>\n<p><img alt=\"\" loading=\"lazy\" decoding=\"async\" class=\"aligncenter size-thumbnail wp-image-43581\" src=\"https:\/\/www.relationsdevoyages.com\/wp-content\/uploads\/2025\/04\/TI-Srl-FSC-Certificate-150x150.png\" width=\"150\" height=\"150\" srcset=\"https:\/\/www.relationsdevoyages.com\/wp-content\/uploads\/2025\/04\/TI-Srl-FSC-Certificate-150x150.png 150w, https:\/\/www.relationsdevoyages.com\/wp-content\/uploads\/2025\/04\/TI-Srl-FSC-Certificate-100x100.png 100w, https:\/\/www.relationsdevoyages.com\/wp-content\/uploads\/2025\/04\/TI-Srl-FSC-Certificate-13x12.png 13w\" sizes=\"auto, (max-width: 150px) 100vw, 150px\" \/><\/p>","protected":false},"excerpt":{"rendered":"<p>Pochette con cerniera lampo<\/p>\n<ul style=\"list-style-type: circle;\">\n<li>pulpe de cellulose<\/li>\n<li>tasca esterna 27&#215;16 cm<\/li>\n<li>illustration botanique passion fruit<\/li>\n<li>fermeture avec zip<\/li>\n<li>dimensions:27x2x20<\/li>\n<li>lavable \u00e0 30\u00b0<\/li>\n<\/ul>","protected":false},"featured_media":44705,"comment_status":"closed","ping_status":"closed","template":"","meta":{"_seopress_robots_primary_cat":"none","_seopress_titles_title":"pochette carta lavabile","_seopress_titles_desc":"Pochette carta lavabile con illustrazione botanica chiusura con zip","_seopress_robots_index":""},"product_brand":[153],"product_cat":[124],"product_tag":[],"class_list":{"0":"post-44704","1":"product","2":"type-product","3":"status-publish","4":"has-post-thumbnail","6":"product_brand-relations-de-voyages","7":"product_cat-pochette","9":"first","10":"instock","11":"featured","12":"sold-individually","13":"shipping-taxable","14":"purchasable","15":"product-type-simple"},"_links":{"self":[{"href":"https:\/\/www.relationsdevoyages.com\/fr\/wp-json\/wp\/v2\/product\/44704","targetHints":{"allow":["GET"]}}],"collection":[{"href":"https:\/\/www.relationsdevoyages.com\/fr\/wp-json\/wp\/v2\/product"}],"about":[{"href":"https:\/\/www.relationsdevoyages.com\/fr\/wp-json\/wp\/v2\/types\/product"}],"replies":[{"embeddable":true,"href":"https:\/\/www.relationsdevoyages.com\/fr\/wp-json\/wp\/v2\/comments?post=44704"}],"wp:featuredmedia":[{"embeddable":true,"href":"https:\/\/www.relationsdevoyages.com\/fr\/wp-json\/wp\/v2\/media\/44705"}],"wp:attachment":[{"href":"https:\/\/www.relationsdevoyages.com\/fr\/wp-json\/wp\/v2\/media?parent=44704"}],"wp:term":[{"taxonomy":"product_brand","embeddable":true,"href":"https:\/\/www.relationsdevoyages.com\/fr\/wp-json\/wp\/v2\/product_brand?post=44704"},{"taxonomy":"product_cat","embeddable":true,"href":"https:\/\/www.relationsdevoyages.com\/fr\/wp-json\/wp\/v2\/product_cat?post=44704"},{"taxonomy":"product_tag","embeddable":true,"href":"https:\/\/www.relationsdevoyages.com\/fr\/wp-json\/wp\/v2\/product_tag?post=44704"}],"curies":[{"name":"wp","href":"https:\/\/api.w.org\/{rel}","templated":true}]}}