{"id":44686,"date":"2025-11-02T14:09:47","date_gmt":"2025-11-02T13:09:47","guid":{"rendered":"https:\/\/www.relationsdevoyages.com\/?post_type=product&#038;p=44686"},"modified":"2026-03-10T07:53:35","modified_gmt":"2026-03-10T06:53:35","slug":"cm-provident-ri","status":"publish","type":"product","link":"https:\/\/www.relationsdevoyages.com\/fr\/produit\/cm-provident-ri\/","title":{"rendered":"CM.Provident-RI"},"content":{"rendered":"<p><strong>Relations de voyages\u00ae certifie que ce sac est enti\u00e8rement r\u00e8alis\u00e9 avec une grand voile  recycl\u00e9e tanbark du trawler anglais du 1924 <a href=\"https:\/\/www.nationalhistoricships.org.uk\/register\/616\/provident\">Provident<\/a> (Cornouailles) construits en 1924 qui ont \u00e9t\u00e9 lav\u00e9s<\/strong><\/p>\n<p>Chaque sac est unique. Celui que vous choisissez en photo est celui que vous recevrez.<br \/>\nLes \u00e9ventuelles irr\u00e9gularit\u00e9s ne sont pas des d\u00e9fauts de fabrication mais des t\u00e9moignages du \u00ab v\u00e9cu \u00bb de la voile, qui rendent cet accessoire unique et authentiquement recycl\u00e9.<\/p>","protected":false},"excerpt":{"rendered":"<p>&nbsp;<\/p>\n<ul style=\"list-style-type: circle;\">\n<li><em>Ext\u00e9rieur<\/em>:grand voile recycl\u00e9e tan bark du trawler anglais Provident<\/li>\n<li>reparation d'origine de la voile<\/li>\n<li>anses en cuir cousu main, fix\u00e9es aux poches avec des manilles<\/li>\n<li>Le sac se ferme avec deux drisses coulissantes<\/li>\n<li><em>Int\u00e9rieur :<\/em> foc recycl\u00e9<\/li>\n<li>\u00a0poche ferm\u00e9e avec velcro (14x28cm)<\/li>\n<li>dimensions: 28x17x27 cm<\/li>\n<li>lavable \u00e0 30\u00b0<\/li>\n<\/ul>","protected":false},"featured_media":44687,"comment_status":"closed","ping_status":"closed","template":"","meta":{"_seopress_robots_primary_cat":"none","_seopress_titles_title":"Borsa in vela tanbark","_seopress_titles_desc":"Borsa in vela tabark. vele rare che provengono dal nord Europa manico a spalla in cuoio e pelle e tracolla in vela.","_seopress_robots_index":""},"product_brand":[153],"product_cat":[107,93],"product_tag":[],"class_list":{"0":"post-44686","1":"product","2":"type-product","3":"status-publish","4":"has-post-thumbnail","6":"product_brand-relations-de-voyages","7":"product_cat-conchiglia-m","8":"product_cat-vele-tan-bark","10":"first","11":"instock","12":"featured","13":"sold-individually","14":"shipping-taxable","15":"purchasable","16":"product-type-simple"},"_links":{"self":[{"href":"https:\/\/www.relationsdevoyages.com\/fr\/wp-json\/wp\/v2\/product\/44686","targetHints":{"allow":["GET"]}}],"collection":[{"href":"https:\/\/www.relationsdevoyages.com\/fr\/wp-json\/wp\/v2\/product"}],"about":[{"href":"https:\/\/www.relationsdevoyages.com\/fr\/wp-json\/wp\/v2\/types\/product"}],"replies":[{"embeddable":true,"href":"https:\/\/www.relationsdevoyages.com\/fr\/wp-json\/wp\/v2\/comments?post=44686"}],"wp:featuredmedia":[{"embeddable":true,"href":"https:\/\/www.relationsdevoyages.com\/fr\/wp-json\/wp\/v2\/media\/44687"}],"wp:attachment":[{"href":"https:\/\/www.relationsdevoyages.com\/fr\/wp-json\/wp\/v2\/media?parent=44686"}],"wp:term":[{"taxonomy":"product_brand","embeddable":true,"href":"https:\/\/www.relationsdevoyages.com\/fr\/wp-json\/wp\/v2\/product_brand?post=44686"},{"taxonomy":"product_cat","embeddable":true,"href":"https:\/\/www.relationsdevoyages.com\/fr\/wp-json\/wp\/v2\/product_cat?post=44686"},{"taxonomy":"product_tag","embeddable":true,"href":"https:\/\/www.relationsdevoyages.com\/fr\/wp-json\/wp\/v2\/product_tag?post=44686"}],"curies":[{"name":"wp","href":"https:\/\/api.w.org\/{rel}","templated":true}]}}