{"id":44646,"date":"2025-12-11T17:15:07","date_gmt":"2025-12-11T16:15:07","guid":{"rendered":"https:\/\/www.relationsdevoyages.com\/?post_type=product&#038;p=44646"},"modified":"2026-03-28T13:09:24","modified_gmt":"2026-03-28T12:09:24","slug":"shopping-mini-oxygen-tb","status":"publish","type":"product","link":"https:\/\/www.relationsdevoyages.com\/fr\/produit\/shopping-mini-oxygen-tb\/","title":{"rendered":"Oxygen - mini shopping voile tanbark - anses marron"},"content":{"rendered":"<p>&nbsp;<\/p>\n<p><strong>Relations de voyages\u00ae certifie que ce sac est enti\u00e8rement r\u00e8alis\u00e9 avec un  genois recycl\u00e9e qui a \u00e9t\u00e9 lav\u00e9e de ses impuret\u00e9s du trawler <a href=\"https:\/\/www.nationalhistoricships.org.uk\/register\/616\/provident\">Provident<\/a> (Cornouailles) construit en 1924<\/strong><br \/>\n<strong>Chaque sac est unique.<\/strong> Celui que vous choisissez en photo est celui que vous recevrez.<br \/>\nLes \u00e9ventuelles irr\u00e9gularit\u00e9s ne sont pas des d\u00e9fauts de fabrication mais des t\u00e9moignages du \u00ab v\u00e9cu \u00bb de la voile, qui rendent cet accessoire unique et authentiquement recycl\u00e9.<\/p>","protected":false},"excerpt":{"rendered":"<ul style=\"list-style-type: circle;\">\n<li><em>Ext\u00e9rieur<\/em>voile recycl\u00e9e, genois, du trawler <a href=\"https:\/\/www.nationalhistoricships.org.uk\/register\/616\/provident\">Provident<\/a> (Cornouailles) construit en 1924<\/li>\n<li>deux anses amovibles en cuir marron<\/li>\n<li>bandouliere reglable et amovible  en voile fix\u00e9e avec manille en acier<\/li>\n<li>fermeture coulissante en voile recycl\u00e9\u00e9 avec drisse<\/li>\n<li><em>Int\u00e9rieur :<\/em> foc recycl\u00e9<\/li>\n<li>poche  ferm\u00e9e avec velcro<\/li>\n<li>dimensions:cm 28x7x21 hauteur<\/li>\n<li>lavable \u00e0 30\u00b0<\/li>\n<\/ul>","protected":false},"featured_media":44724,"comment_status":"closed","ping_status":"closed","template":"","meta":{"_seopress_robots_primary_cat":"none","_seopress_titles_title":"shopping mini in vela tanbark","_seopress_titles_desc":"shopping mini  in vela tanbark,  made in Carrara.","_seopress_robots_index":""},"product_brand":[153],"product_cat":[84,93],"product_tag":[],"class_list":{"0":"post-44646","1":"product","2":"type-product","3":"status-publish","4":"has-post-thumbnail","6":"product_brand-relations-de-voyages","7":"product_cat-oxygen","8":"product_cat-vele-tan-bark","10":"first","11":"instock","12":"featured","13":"sold-individually","14":"shipping-taxable","15":"purchasable","16":"product-type-simple"},"_links":{"self":[{"href":"https:\/\/www.relationsdevoyages.com\/fr\/wp-json\/wp\/v2\/product\/44646","targetHints":{"allow":["GET"]}}],"collection":[{"href":"https:\/\/www.relationsdevoyages.com\/fr\/wp-json\/wp\/v2\/product"}],"about":[{"href":"https:\/\/www.relationsdevoyages.com\/fr\/wp-json\/wp\/v2\/types\/product"}],"replies":[{"embeddable":true,"href":"https:\/\/www.relationsdevoyages.com\/fr\/wp-json\/wp\/v2\/comments?post=44646"}],"wp:featuredmedia":[{"embeddable":true,"href":"https:\/\/www.relationsdevoyages.com\/fr\/wp-json\/wp\/v2\/media\/44724"}],"wp:attachment":[{"href":"https:\/\/www.relationsdevoyages.com\/fr\/wp-json\/wp\/v2\/media?parent=44646"}],"wp:term":[{"taxonomy":"product_brand","embeddable":true,"href":"https:\/\/www.relationsdevoyages.com\/fr\/wp-json\/wp\/v2\/product_brand?post=44646"},{"taxonomy":"product_cat","embeddable":true,"href":"https:\/\/www.relationsdevoyages.com\/fr\/wp-json\/wp\/v2\/product_cat?post=44646"},{"taxonomy":"product_tag","embeddable":true,"href":"https:\/\/www.relationsdevoyages.com\/fr\/wp-json\/wp\/v2\/product_tag?post=44646"}],"curies":[{"name":"wp","href":"https:\/\/api.w.org\/{rel}","templated":true}]}}