{"id":44587,"date":"2026-04-03T14:00:59","date_gmt":"2026-04-03T12:00:59","guid":{"rendered":"https:\/\/www.relationsdevoyages.com\/?post_type=product&#038;p=44587"},"modified":"2026-04-10T19:24:01","modified_gmt":"2026-04-10T17:24:01","slug":"a-alone-light-borsone-bianco-viaggio-e-tempo-libero-manici-cuoio-naturale","status":"publish","type":"product","link":"https:\/\/www.relationsdevoyages.com\/fr\/produit\/a-alone-light-borsone-bianco-viaggio-e-tempo-libero-manici-cuoio-naturale\/","title":{"rendered":"A.Alone Light \u2013 grand sac de voyage blanc - anses cuir naturel"},"content":{"rendered":"<p><strong>Relations de voyages\u00ae certifie que ce sac est enti\u00e8rement r\u00e8alis\u00e9 avec une  grand-voile recycl\u00e9e qui a \u00e9t\u00e9 lav\u00e9e de ses impuret\u00e9s .<\/strong><br \/>\nChaque sac est unique.<\/p>\n<p>Les \u00e9ventuelles irr\u00e9gularit\u00e9s ne sont pas des d\u00e9fauts de fabrication mais des t\u00e9moignages du \u00ab v\u00e9cu \u00bb de la voile, qui rendent cet accessoire unique et authentiquement recycl\u00e9.<\/p>","protected":false},"excerpt":{"rendered":"<ul style=\"list-style-type: circle;\">\n<li>\u00a0grand voile recycl\u00e9<\/li>\n<li>deux larges poches de chaque c\u00f4t\u00e9 (52\u00d735)<\/li>\n<li>\u0153illets  oxyd\u00e9s.<\/li>\n<li>anses en cuir cousu main, fix\u00e9es aux poches avec des manilles<\/li>\n<li>bandouli\u00e8re en voile r\u00e9glable et amovible<\/li>\n<li>fermeture zipp\u00e9e du sac<\/li>\n<li>pochette ( 28x26cm) interna, staccabile con \u00a0zip<\/li>\n<li>fond renforc\u00e9 avec un voile en kevlar<\/li>\n<li>housse en spinnaker pour ranger le sac<\/li>\n<li>cosses en acier<\/li>\n<li>dimensions. cm 51x34x32 hauteur<\/li>\n<\/ul>","protected":false},"featured_media":45069,"comment_status":"closed","ping_status":"closed","template":"","meta":{"_seopress_robots_primary_cat":"none","_seopress_titles_title":"Borsa da viaggio e tempo libero","_seopress_titles_desc":"Borsa da viaggio in vela , leggera e resistente.   Chiusura con cerniera ,tracolla e manici in cuoio e pelle. Pochette interna staccabile","_seopress_robots_index":""},"product_brand":[153],"product_cat":[61],"product_tag":[],"class_list":{"0":"post-44587","1":"product","2":"type-product","3":"status-publish","4":"has-post-thumbnail","6":"product_brand-relations-de-voyages","7":"product_cat-a-alone-light","9":"first","10":"outofstock","11":"featured","12":"sold-individually","13":"shipping-taxable","14":"purchasable","15":"product-type-simple"},"_links":{"self":[{"href":"https:\/\/www.relationsdevoyages.com\/fr\/wp-json\/wp\/v2\/product\/44587","targetHints":{"allow":["GET"]}}],"collection":[{"href":"https:\/\/www.relationsdevoyages.com\/fr\/wp-json\/wp\/v2\/product"}],"about":[{"href":"https:\/\/www.relationsdevoyages.com\/fr\/wp-json\/wp\/v2\/types\/product"}],"replies":[{"embeddable":true,"href":"https:\/\/www.relationsdevoyages.com\/fr\/wp-json\/wp\/v2\/comments?post=44587"}],"wp:featuredmedia":[{"embeddable":true,"href":"https:\/\/www.relationsdevoyages.com\/fr\/wp-json\/wp\/v2\/media\/45069"}],"wp:attachment":[{"href":"https:\/\/www.relationsdevoyages.com\/fr\/wp-json\/wp\/v2\/media?parent=44587"}],"wp:term":[{"taxonomy":"product_brand","embeddable":true,"href":"https:\/\/www.relationsdevoyages.com\/fr\/wp-json\/wp\/v2\/product_brand?post=44587"},{"taxonomy":"product_cat","embeddable":true,"href":"https:\/\/www.relationsdevoyages.com\/fr\/wp-json\/wp\/v2\/product_cat?post=44587"},{"taxonomy":"product_tag","embeddable":true,"href":"https:\/\/www.relationsdevoyages.com\/fr\/wp-json\/wp\/v2\/product_tag?post=44587"}],"curies":[{"name":"wp","href":"https:\/\/api.w.org\/{rel}","templated":true}]}}