{"id":44561,"date":"2025-09-07T17:33:18","date_gmt":"2025-09-07T15:33:18","guid":{"rendered":"https:\/\/www.relationsdevoyages.com\/?post_type=product&#038;p=44561"},"modified":"2025-10-04T17:55:55","modified_gmt":"2025-10-04T15:55:55","slug":"cxs-mcb","status":"publish","type":"product","link":"https:\/\/www.relationsdevoyages.com\/fr\/produit\/cxs-mcb\/","title":{"rendered":"CXS.mcb"},"content":{"rendered":"<p><strong>Relations de voyages\u00ae certifie que ce sac est enti\u00e8rement r\u00e8alis\u00e9 avec une grand voile  recycl\u00e9e tanbark du trawler anglais du 1924 Provident (Salcombe) qui a \u00e9t\u00e9 lav\u00e9e de ses impuret\u00e9s.<\/strong><\/p>\n<p>Chaque sac est unique. Celui que vous choisissez en photo est celui que vous recevrez.<br \/>\nLes \u00e9ventuelles irr\u00e9gularit\u00e9s ne sont pas des d\u00e9fauts de fabrication mais des t\u00e9moignages du \u00ab v\u00e9cu \u00bb de la voile, qui rendent cet accessoire unique et authentiquement recycl\u00e9.<\/p>","protected":false},"excerpt":{"rendered":"<p>&nbsp;<\/p>\n<ul style=\"list-style-type: circle;\">\n<li><em>Ext\u00e9rieur<\/em>g\u00e9nois recycl\u00e9 du bateau anglais \u00ab Ella \u00bb Portmellon 192( ( Cornowall \u2013 England)<\/li>\n<li>anses en cuir cousu main, fix\u00e9es aux poches avec des manilles<\/li>\n<li>bandouliere en voile<\/li>\n<li>le sac se ferme avec un bouton magnetique.<\/li>\n<li><em>Int\u00e9rieur :<\/em> foc recycl\u00e9<\/li>\n<li>\u00a0poche ferm\u00e9e avec velcro (12x25cm)<\/li>\n<li>dimensions 20\u00d713 x19cm<\/li>\n<li>lavable \u00e0 30\u00b0<\/li>\n<\/ul>","protected":false},"featured_media":3237,"comment_status":"closed","ping_status":"closed","template":"","meta":{"_seopress_robots_primary_cat":"none","_seopress_titles_title":"","_seopress_titles_desc":"","_seopress_robots_index":""},"product_brand":[153],"product_cat":[105,93],"product_tag":[67],"class_list":{"0":"post-44561","1":"product","2":"type-product","3":"status-publish","4":"has-post-thumbnail","6":"product_brand-relations-de-voyages","7":"product_cat-conchiglina-xs","8":"product_cat-vele-tan-bark","9":"product_tag-vela-marrone-tan-bark","11":"first","12":"outofstock","13":"sold-individually","14":"shipping-taxable","15":"purchasable","16":"product-type-simple"},"_links":{"self":[{"href":"https:\/\/www.relationsdevoyages.com\/fr\/wp-json\/wp\/v2\/product\/44561","targetHints":{"allow":["GET"]}}],"collection":[{"href":"https:\/\/www.relationsdevoyages.com\/fr\/wp-json\/wp\/v2\/product"}],"about":[{"href":"https:\/\/www.relationsdevoyages.com\/fr\/wp-json\/wp\/v2\/types\/product"}],"replies":[{"embeddable":true,"href":"https:\/\/www.relationsdevoyages.com\/fr\/wp-json\/wp\/v2\/comments?post=44561"}],"wp:featuredmedia":[{"embeddable":true,"href":"https:\/\/www.relationsdevoyages.com\/fr\/wp-json\/wp\/v2\/media\/3237"}],"wp:attachment":[{"href":"https:\/\/www.relationsdevoyages.com\/fr\/wp-json\/wp\/v2\/media?parent=44561"}],"wp:term":[{"taxonomy":"product_brand","embeddable":true,"href":"https:\/\/www.relationsdevoyages.com\/fr\/wp-json\/wp\/v2\/product_brand?post=44561"},{"taxonomy":"product_cat","embeddable":true,"href":"https:\/\/www.relationsdevoyages.com\/fr\/wp-json\/wp\/v2\/product_cat?post=44561"},{"taxonomy":"product_tag","embeddable":true,"href":"https:\/\/www.relationsdevoyages.com\/fr\/wp-json\/wp\/v2\/product_tag?post=44561"}],"curies":[{"name":"wp","href":"https:\/\/api.w.org\/{rel}","templated":true}]}}