{"id":44317,"date":"2026-03-03T14:27:58","date_gmt":"2026-03-03T13:27:58","guid":{"rendered":"https:\/\/www.relationsdevoyages.com\/?post_type=product&#038;p=44317"},"modified":"2026-04-18T08:38:47","modified_gmt":"2026-04-18T06:38:47","slug":"oxygen-mini-shopping-manici-beige","status":"publish","type":"product","link":"https:\/\/www.relationsdevoyages.com\/fr\/produit\/oxygen-mini-shopping-manici-beige\/","title":{"rendered":"Oxygen sac \u00e0 main blanc en voile recycl\u00e9e \u2013 anses beige"},"content":{"rendered":"<p data-start=\"286\" data-end=\"421\">Sac blanc l\u00e9ger et r\u00e9sistant, id\u00e9al pour le printemps et l\u2019\u00e9t\u00e9, parfait pour le temps libre, le voyage ou le quotidien.<\/p>\n<p data-start=\"286\" data-end=\"421\">R\u00e9alis\u00e9 avec un v\u00e9ritable savoir-faire artisanal, l'Oxygen est un mini shopping lumineux et polyvalent.<\/p>\n<p data-start=\"521\" data-end=\"683\">L\u2019acheter, c\u2019est aussi faire un choix conscient : un objet durable, r\u00e9alis\u00e9 en petites quantit\u00e9s, qui valorise le r\u00e9emploi de mat\u00e9riaux authentiques et une mani\u00e8re de produire \u00e9loign\u00e9e de la grande s\u00e9rie.<\/p>\n<p><strong>Relations de voyages\u00ae certifie que ce sac est enti\u00e8rement r\u00e8alis\u00e9 avec un  genois recycl\u00e9e qui a \u00e9t\u00e9 lav\u00e9e de ses impuret\u00e9s .\u00a0<\/strong><br \/>\n<strong>Chaque sac est unique.<\/strong> Celui que vous choisissez en photo est celui que vous recevrez.<br \/>\nLes \u00e9ventuelles irr\u00e9gularit\u00e9s ne sont pas des d\u00e9fauts de fabrication mais des t\u00e9moignages du \u00ab v\u00e9cu \u00bb de la voile, qui rendent cet accessoire unique et authentiquement recycl\u00e9.<\/p>","protected":false},"excerpt":{"rendered":"<ul style=\"list-style-type: circle;\">\n<li><em>Ext\u00e9rieur<\/em>voile recyl\u00e9e genois<\/li>\n<li>deusx anses en coton et cuir amovibles<\/li>\n<li>bandouliere reglable et amovible  en voile fix\u00e9e avec manille en acier<\/li>\n<li>fermeture coulissante en spinnaker recycl\u00e9\u00e9 avec drisse<\/li>\n<li><em>Int\u00e9rieur :<\/em> foc recycl\u00e9<\/li>\n<li>poche  ferm\u00e9e avec velcro<\/li>\n<li>dimensions:cm 28x7x21 hauteur<\/li>\n<li>lavable \u00e0 30\u00b0<\/li>\n<\/ul>","protected":false},"featured_media":44995,"comment_status":"closed","ping_status":"closed","template":"","meta":{"_seopress_robots_primary_cat":"none","_seopress_titles_title":"Borsa shopping mini in vela","_seopress_titles_desc":"Borsa shopping mini  in vela,  borsa artigianale made in Carrara.","_seopress_robots_index":""},"product_brand":[153],"product_cat":[84],"product_tag":[],"class_list":{"0":"post-44317","1":"product","2":"type-product","3":"status-publish","4":"has-post-thumbnail","6":"product_brand-relations-de-voyages","7":"product_cat-oxygen","9":"first","10":"instock","11":"featured","12":"sold-individually","13":"shipping-taxable","14":"purchasable","15":"product-type-simple"},"_links":{"self":[{"href":"https:\/\/www.relationsdevoyages.com\/fr\/wp-json\/wp\/v2\/product\/44317","targetHints":{"allow":["GET"]}}],"collection":[{"href":"https:\/\/www.relationsdevoyages.com\/fr\/wp-json\/wp\/v2\/product"}],"about":[{"href":"https:\/\/www.relationsdevoyages.com\/fr\/wp-json\/wp\/v2\/types\/product"}],"replies":[{"embeddable":true,"href":"https:\/\/www.relationsdevoyages.com\/fr\/wp-json\/wp\/v2\/comments?post=44317"}],"wp:featuredmedia":[{"embeddable":true,"href":"https:\/\/www.relationsdevoyages.com\/fr\/wp-json\/wp\/v2\/media\/44995"}],"wp:attachment":[{"href":"https:\/\/www.relationsdevoyages.com\/fr\/wp-json\/wp\/v2\/media?parent=44317"}],"wp:term":[{"taxonomy":"product_brand","embeddable":true,"href":"https:\/\/www.relationsdevoyages.com\/fr\/wp-json\/wp\/v2\/product_brand?post=44317"},{"taxonomy":"product_cat","embeddable":true,"href":"https:\/\/www.relationsdevoyages.com\/fr\/wp-json\/wp\/v2\/product_cat?post=44317"},{"taxonomy":"product_tag","embeddable":true,"href":"https:\/\/www.relationsdevoyages.com\/fr\/wp-json\/wp\/v2\/product_tag?post=44317"}],"curies":[{"name":"wp","href":"https:\/\/api.w.org\/{rel}","templated":true}]}}