{"id":44277,"date":"2025-09-20T08:10:13","date_gmt":"2025-09-20T06:10:13","guid":{"rendered":"https:\/\/www.relationsdevoyages.com\/?post_type=product&#038;p=44277"},"modified":"2025-09-20T08:20:00","modified_gmt":"2025-09-20T06:20:00","slug":"secchiello-in-vela-tanbark-ella","status":"publish","type":"product","link":"https:\/\/www.relationsdevoyages.com\/fr\/produit\/secchiello-in-vela-tanbark-ella\/","title":{"rendered":"Secchiello in vela tanbark ella"},"content":{"rendered":"<p><strong>Relations de voyages\u00ae certifie que ce sac est r\u00e8alis\u00e9 avec un genois recycl\u00e9e tanbark du oyster fishing boat anglais  Ella 1928 (Portmellon) chantier Mitchell qui a \u00e9t\u00e9 lav\u00e9e de ses impuret\u00e9s.<\/strong><\/p>\n<p>Chaque sac est unique. Celui que vous choisissez en photo est celui que vous recevrez.<br \/>\nLes \u00e9ventuelles irr\u00e9gularit\u00e9s ne sont pas des d\u00e9fauts de fabrication mais des t\u00e9moignages du \u00ab v\u00e9cu \u00bb de la voile, qui rendent cet accessoire unique et authentiquement recycl\u00e9.<\/p>\n<p style=\"font-style: italic; margin-top: 1em;\">Voulez-vous conna\u00eetre l'origine de cette voile ? <a style=\"color: #25d366; text-decoration: underline; white-space: nowrap;\" href=\"https:\/\/wa.me\/393513650242?text=Bonjour+je+voudrais+en+savoir+plus+sur+le+sac+en+voile+tanbark\" target=\"_blank\" rel=\"noopener\">\u00c9crivez-nous sur WhatsApp<\/a><\/p>","protected":false},"excerpt":{"rendered":"<ul style=\"list-style-type: circle;\">\n<li><em>Ext\u00e9rieur<\/em>:genois du oyster fishing boat anglais \"Ella\"<\/li>\n<li>anses en cuir cousu main, fix\u00e9es aux poches avec des manilles<\/li>\n<li>bandouliere en voile<\/li>\n<li>le secchiello se ferme avec une drisse coulissante<\/li>\n<li><em>Int\u00e9rieur :<\/em> foc recycl\u00e9<\/li>\n<li>\u00a0poche ferm\u00e9e avec velcro (14x28cm)<\/li>\n<li>dimensions:31x17x27cm<\/li>\n<li>lavable \u00e0 30\u00b0<\/li>\n<\/ul>","protected":false},"featured_media":44613,"comment_status":"closed","ping_status":"closed","template":"","meta":{"_seopress_robots_primary_cat":"none","_seopress_titles_title":"Secchiello in vela tanbark marrone","_seopress_titles_desc":"Secchiello in vela marrone del toyster fishing boat inglese \"Ella\" del 1928 Portmellon, Cornovaglia","_seopress_robots_index":""},"product_brand":[153],"product_cat":[107,93],"product_tag":[],"class_list":{"0":"post-44277","1":"product","2":"type-product","3":"status-publish","4":"has-post-thumbnail","6":"product_brand-relations-de-voyages","7":"product_cat-conchiglia-m","8":"product_cat-vele-tan-bark","10":"first","11":"instock","12":"sold-individually","13":"shipping-taxable","14":"purchasable","15":"product-type-simple"},"_links":{"self":[{"href":"https:\/\/www.relationsdevoyages.com\/fr\/wp-json\/wp\/v2\/product\/44277","targetHints":{"allow":["GET"]}}],"collection":[{"href":"https:\/\/www.relationsdevoyages.com\/fr\/wp-json\/wp\/v2\/product"}],"about":[{"href":"https:\/\/www.relationsdevoyages.com\/fr\/wp-json\/wp\/v2\/types\/product"}],"replies":[{"embeddable":true,"href":"https:\/\/www.relationsdevoyages.com\/fr\/wp-json\/wp\/v2\/comments?post=44277"}],"wp:featuredmedia":[{"embeddable":true,"href":"https:\/\/www.relationsdevoyages.com\/fr\/wp-json\/wp\/v2\/media\/44613"}],"wp:attachment":[{"href":"https:\/\/www.relationsdevoyages.com\/fr\/wp-json\/wp\/v2\/media?parent=44277"}],"wp:term":[{"taxonomy":"product_brand","embeddable":true,"href":"https:\/\/www.relationsdevoyages.com\/fr\/wp-json\/wp\/v2\/product_brand?post=44277"},{"taxonomy":"product_cat","embeddable":true,"href":"https:\/\/www.relationsdevoyages.com\/fr\/wp-json\/wp\/v2\/product_cat?post=44277"},{"taxonomy":"product_tag","embeddable":true,"href":"https:\/\/www.relationsdevoyages.com\/fr\/wp-json\/wp\/v2\/product_tag?post=44277"}],"curies":[{"name":"wp","href":"https:\/\/api.w.org\/{rel}","templated":true}]}}