{"id":44269,"date":"2025-07-16T08:05:24","date_gmt":"2025-07-16T06:05:24","guid":{"rendered":"https:\/\/www.relationsdevoyages.com\/?post_type=product&#038;p=44269"},"modified":"2025-11-15T13:26:58","modified_gmt":"2025-11-15T12:26:58","slug":"pochette-carta-lavabile-cotone","status":"publish","type":"product","link":"https:\/\/www.relationsdevoyages.com\/fr\/produit\/pochette-carta-lavabile-cotone\/","title":{"rendered":"Pochette en papier lavable.coton"},"content":{"rendered":"<p style=\"text-align: justify;\">Pochette et etui pour cahier et ou smartphone<span class=\"Apple-converted-space\">\u00a0\u00a0<\/span>Un cahier format A5 avec 30 feuilles de papier recycl\u00e9 est ins\u00e9r\u00e9 \u00e0 l\u2019int\u00e9rieur pour  pour planifier et dessiner votre potager planifier et dessiner votre potager,<span class=\"Apple-converted-space\">\u00a0 <\/span>planifier et dessiner votre potager,<span class=\"Apple-converted-space\">\u00a0<\/span>notare e memorizzare le attivit\u00e0 dell&#8217;orto (data di semina e raccolta&#8230;)<\/p>\n<p style=\"text-align: justify;\">Du vegetal une ligne d'accessoires fabriqu\u00e9s avec de la fibre de cellulose provenant de cellulose recycl\u00e9e et de plantations cultiv\u00e9es, produite en Italie\u00a0<a href=\"https:\/\/it.fsc.org\/it-it\">produit en Italie avec la certification de la Forest Stewardship Council FSC\u00ae CQ-COC-000418<\/a> FSC\u00ae CQ-COC-000418.<\/p>\n<p style=\"text-align: justify;\">Une production artisanale durable avec un design moderne et un mat\u00e9riau \u00e9cologique pour le respect de l'environnement.<\/p>\n<p style=\"text-align: justify;\">Naturel, r\u00e9sistant, lavable et recyclable.<\/p>\n<p><img alt=\"\" loading=\"lazy\" decoding=\"async\" class=\"aligncenter size-thumbnail wp-image-43581\" src=\"https:\/\/www.relationsdevoyages.com\/wp-content\/uploads\/2025\/04\/TI-Srl-FSC-Certificate-150x150.png\" width=\"150\" height=\"150\" srcset=\"https:\/\/www.relationsdevoyages.com\/wp-content\/uploads\/2025\/04\/TI-Srl-FSC-Certificate-150x150.png 150w, https:\/\/www.relationsdevoyages.com\/wp-content\/uploads\/2025\/04\/TI-Srl-FSC-Certificate-100x100.png 100w, https:\/\/www.relationsdevoyages.com\/wp-content\/uploads\/2025\/04\/TI-Srl-FSC-Certificate-13x12.png 13w\" sizes=\"auto, (max-width: 150px) 100vw, 150px\" \/><\/p>","protected":false},"excerpt":{"rendered":"<p>Pochette\/etui en papier lavable avec cahier de papier recycl\u00e9<\/p>\n<ul style=\"list-style-type: circle;\">\n<li>pulpe de cellulose<\/li>\n<li>illustration botanique coton imprim\u00e9e<\/li>\n<li>cahier A5 en papier recycl\u00e9 (30 feuilles)<\/li>\n<li>trois poches<\/li>\n<li>fermeture avec \u00e9lastique<\/li>\n<li>rivets<\/li>\n<li>dimensions:22x16x2cm<\/li>\n<li>lavable \u00e0 30\u00b0<\/li>\n<\/ul>","protected":false},"featured_media":44270,"comment_status":"closed","ping_status":"closed","template":"","meta":{"_seopress_robots_primary_cat":"none","_seopress_titles_title":"","_seopress_titles_desc":"","_seopress_robots_index":""},"product_brand":[153],"product_cat":[46],"product_tag":[],"class_list":{"0":"post-44269","1":"product","2":"type-product","3":"status-publish","4":"has-post-thumbnail","6":"product_brand-relations-de-voyages","7":"product_cat-cahier-papyrifera","9":"first","10":"outofstock","11":"sold-individually","12":"shipping-taxable","13":"purchasable","14":"product-type-simple"},"_links":{"self":[{"href":"https:\/\/www.relationsdevoyages.com\/fr\/wp-json\/wp\/v2\/product\/44269","targetHints":{"allow":["GET"]}}],"collection":[{"href":"https:\/\/www.relationsdevoyages.com\/fr\/wp-json\/wp\/v2\/product"}],"about":[{"href":"https:\/\/www.relationsdevoyages.com\/fr\/wp-json\/wp\/v2\/types\/product"}],"replies":[{"embeddable":true,"href":"https:\/\/www.relationsdevoyages.com\/fr\/wp-json\/wp\/v2\/comments?post=44269"}],"wp:featuredmedia":[{"embeddable":true,"href":"https:\/\/www.relationsdevoyages.com\/fr\/wp-json\/wp\/v2\/media\/44270"}],"wp:attachment":[{"href":"https:\/\/www.relationsdevoyages.com\/fr\/wp-json\/wp\/v2\/media?parent=44269"}],"wp:term":[{"taxonomy":"product_brand","embeddable":true,"href":"https:\/\/www.relationsdevoyages.com\/fr\/wp-json\/wp\/v2\/product_brand?post=44269"},{"taxonomy":"product_cat","embeddable":true,"href":"https:\/\/www.relationsdevoyages.com\/fr\/wp-json\/wp\/v2\/product_cat?post=44269"},{"taxonomy":"product_tag","embeddable":true,"href":"https:\/\/www.relationsdevoyages.com\/fr\/wp-json\/wp\/v2\/product_tag?post=44269"}],"curies":[{"name":"wp","href":"https:\/\/api.w.org\/{rel}","templated":true}]}}