{"id":44261,"date":"2025-07-10T10:07:18","date_gmt":"2025-07-10T08:07:18","guid":{"rendered":"https:\/\/www.relationsdevoyages.com\/?post_type=product&#038;p=44261"},"modified":"2026-02-20T14:54:10","modified_gmt":"2026-02-20T13:54:10","slug":"shopping-in-carta-lavabile-bl","status":"publish","type":"product","link":"https:\/\/www.relationsdevoyages.com\/fr\/produit\/shopping-in-carta-lavabile-bl\/","title":{"rendered":"Shopping en papier lavable.bl"},"content":{"rendered":"<p>Du vegetal une ligne d'accessoires fabriqu\u00e9s avec de la fibre de cellulose provenant de cellulose recycl\u00e9e et de plantations cultiv\u00e9es, produite en Italie\u00a0<a href=\"https:\/\/it.fsc.org\/it-it\">produit en Italie avec la certification de la Forest Stewardship Council FSC\u00ae CQ-COC-000418<\/a> FSC\u00ae CQ-COC-000418.<\/p>\n<p>Une production artisanale durable avec un design moderne et un mat\u00e9riau \u00e9cologique pour le respect de l'environnement.<\/p>\n<p>Naturel, r\u00e9sistant, lavable et recyclable.<\/p>\n<p><img alt=\"\" loading=\"lazy\" decoding=\"async\" class=\"aligncenter size-full wp-image-43581\" src=\"https:\/\/www.relationsdevoyages.com\/wp-content\/uploads\/2025\/04\/TI-Srl-FSC-Certificate.png\" width=\"191\" height=\"176\" srcset=\"https:\/\/www.relationsdevoyages.com\/wp-content\/uploads\/2025\/04\/TI-Srl-FSC-Certificate.png 191w, https:\/\/www.relationsdevoyages.com\/wp-content\/uploads\/2025\/04\/TI-Srl-FSC-Certificate-13x12.png 13w\" sizes=\"auto, (max-width: 191px) 100vw, 191px\" \/><\/p>\n<p>&nbsp;<\/p>","protected":false},"excerpt":{"rendered":"<p>Shopping in carta\u00a0 lavabile nera<\/p>\n<ul style=\"list-style-type: circle;\">\n<li>pulpe de cellulose<\/li>\n<li>anse  en coton r\u00e9g\u00e9n\u00e9r\u00e9<\/li>\n<li>bandouliere en coton r\u00e9g\u00e9ner\u00e9<\/li>\n<li>rivets<\/li>\n<li>fond renforc\u00e9<\/li>\n<li>fermeture avec bouton<\/li>\n<li>poche 17x13cm<\/li>\n<li>lavable \u00e0 30\u00b0<\/li>\n<\/ul>","protected":false},"featured_media":44262,"comment_status":"closed","ping_status":"closed","template":"","meta":{"_seopress_robots_primary_cat":"none","_seopress_titles_title":"Borsa in carta lavabile","_seopress_titles_desc":"Borsain carta lavabile. Shopping con manici di cotone rigenerato","_seopress_robots_index":""},"product_brand":[153],"product_cat":[45],"product_tag":[],"class_list":{"0":"post-44261","1":"product","2":"type-product","3":"status-publish","4":"has-post-thumbnail","6":"product_brand-relations-de-voyages","7":"product_cat-shopping","9":"first","10":"instock","11":"featured","12":"sold-individually","13":"shipping-taxable","14":"purchasable","15":"product-type-simple"},"_links":{"self":[{"href":"https:\/\/www.relationsdevoyages.com\/fr\/wp-json\/wp\/v2\/product\/44261","targetHints":{"allow":["GET"]}}],"collection":[{"href":"https:\/\/www.relationsdevoyages.com\/fr\/wp-json\/wp\/v2\/product"}],"about":[{"href":"https:\/\/www.relationsdevoyages.com\/fr\/wp-json\/wp\/v2\/types\/product"}],"replies":[{"embeddable":true,"href":"https:\/\/www.relationsdevoyages.com\/fr\/wp-json\/wp\/v2\/comments?post=44261"}],"wp:featuredmedia":[{"embeddable":true,"href":"https:\/\/www.relationsdevoyages.com\/fr\/wp-json\/wp\/v2\/media\/44262"}],"wp:attachment":[{"href":"https:\/\/www.relationsdevoyages.com\/fr\/wp-json\/wp\/v2\/media?parent=44261"}],"wp:term":[{"taxonomy":"product_brand","embeddable":true,"href":"https:\/\/www.relationsdevoyages.com\/fr\/wp-json\/wp\/v2\/product_brand?post=44261"},{"taxonomy":"product_cat","embeddable":true,"href":"https:\/\/www.relationsdevoyages.com\/fr\/wp-json\/wp\/v2\/product_cat?post=44261"},{"taxonomy":"product_tag","embeddable":true,"href":"https:\/\/www.relationsdevoyages.com\/fr\/wp-json\/wp\/v2\/product_tag?post=44261"}],"curies":[{"name":"wp","href":"https:\/\/api.w.org\/{rel}","templated":true}]}}