{"id":44232,"date":"2025-07-10T15:36:21","date_gmt":"2025-07-10T13:36:21","guid":{"rendered":"https:\/\/www.relationsdevoyages.com\/?post_type=product&#038;p=44232"},"modified":"2025-11-23T15:26:54","modified_gmt":"2025-11-23T14:26:54","slug":"ul-dune-v","status":"publish","type":"product","link":"https:\/\/www.relationsdevoyages.com\/fr\/produit\/ul-dune-v\/","title":{"rendered":"UL.dune.v"},"content":{"rendered":"<div id=\"primary\" class=\"content-area\">\n<p>&nbsp;<\/p>\n<header class=\"woocommerce-products-header\">\n<div class=\"term-description\">\n<p style=\"text-align: justify;\">Les dunes respirent. Leur monde est un \u00e9cosyst\u00e8me flottant, original, beau, inexplor\u00e9, vuln\u00e9rable. Les lys de mer, les lobularias, les stipas, les salsolas, toutes plantes psammophytes douces et l\u00e9g\u00e8res, mais aussi les pierres et le bois flott\u00e9s dispers\u00e9s sur la plage, jouent un r\u00f4le fondamental sous l'action des vents, dans la construction, la stabilisation et l'\u00e9volution g\u00e9omorphologique du littoral. Essayons d'\u00eatre doux et l\u00e9gers aussi.<\/p>\n<p><img alt=\"\" loading=\"lazy\" decoding=\"async\" class=\"aligncenter size-full wp-image-44309\" src=\"https:\/\/www.relationsdevoyages.com\/wp-content\/uploads\/2025\/07\/proteggiamo-le-dune-relations-de-voyages.jpeg\" width=\"1671\" height=\"471\" srcset=\"https:\/\/www.relationsdevoyages.com\/wp-content\/uploads\/2025\/07\/proteggiamo-le-dune-relations-de-voyages.jpeg 1671w, https:\/\/www.relationsdevoyages.com\/wp-content\/uploads\/2025\/07\/proteggiamo-le-dune-relations-de-voyages-300x85.jpeg 300w, https:\/\/www.relationsdevoyages.com\/wp-content\/uploads\/2025\/07\/proteggiamo-le-dune-relations-de-voyages-1024x289.jpeg 1024w, https:\/\/www.relationsdevoyages.com\/wp-content\/uploads\/2025\/07\/proteggiamo-le-dune-relations-de-voyages-768x216.jpeg 768w, https:\/\/www.relationsdevoyages.com\/wp-content\/uploads\/2025\/07\/proteggiamo-le-dune-relations-de-voyages-1536x433.jpeg 1536w, https:\/\/www.relationsdevoyages.com\/wp-content\/uploads\/2025\/07\/proteggiamo-le-dune-relations-de-voyages-18x5.jpeg 18w, https:\/\/www.relationsdevoyages.com\/wp-content\/uploads\/2025\/07\/proteggiamo-le-dune-relations-de-voyages-1320x372.jpeg 1320w, https:\/\/www.relationsdevoyages.com\/wp-content\/uploads\/2025\/07\/proteggiamo-le-dune-relations-de-voyages-1000x282.jpeg 1000w\" sizes=\"auto, (max-width: 1671px) 100vw, 1671px\" \/><\/p>\n<\/div>\n<\/header>\n<p>&nbsp;<\/p>\n<p><strong>Relations de voyages\u00ae certifie que ce sac est r\u00e9alis\u00e9 avec un spinnaker recycl\u00e9 qui a \u00e9t\u00e9 lav\u00e9 de ses impuret\u00e9s .<\/strong><\/p>\n<\/div>\n<p class=\"translation-block\">Chaque sac est unique. Celui que vous choisissez en photo est celui que vous recevrez.<\/p>\n<p>Les \u00e9ventuelles irr\u00e9gularit\u00e9s ne sont pas des d\u00e9fauts de fabrication mais des t\u00e9moignages du \u00ab v\u00e9cu \u00bb de la voile, qui rendent cet accessoire unique et authentiquement recycl\u00e9.<\/p>\n<p>&nbsp;<\/p>","protected":false},"excerpt":{"rendered":"<ul style=\"list-style-type: circle;\">\n<li>spinnaker recycl\u00e9<\/li>\n<li>anse en coton<\/li>\n<li>bandouliere en voile<\/li>\n<li>pochette en spinnaker<\/li>\n<li>dimensions.42x14x40 cm<\/li>\n<li>lavable \u00e0 30\u00b0<\/li>\n<\/ul>\n<p>&nbsp;<\/p>","protected":false},"featured_media":44776,"comment_status":"closed","ping_status":"closed","template":"","meta":{"_seopress_robots_primary_cat":"none","_seopress_titles_title":"Borsa ultraleggera in spinnaker","_seopress_titles_desc":"Borsa ultrallegera in spinnaker riciclato. pochette in spinnaker per riporre la borsa. Made in Carrara","_seopress_robots_index":""},"product_brand":[153],"product_cat":[115],"product_tag":[],"class_list":{"0":"post-44232","1":"product","2":"type-product","3":"status-publish","4":"has-post-thumbnail","6":"product_brand-relations-de-voyages","7":"product_cat-ultralight","9":"first","10":"instock","11":"sold-individually","12":"purchasable","13":"product-type-simple"},"_links":{"self":[{"href":"https:\/\/www.relationsdevoyages.com\/fr\/wp-json\/wp\/v2\/product\/44232","targetHints":{"allow":["GET"]}}],"collection":[{"href":"https:\/\/www.relationsdevoyages.com\/fr\/wp-json\/wp\/v2\/product"}],"about":[{"href":"https:\/\/www.relationsdevoyages.com\/fr\/wp-json\/wp\/v2\/types\/product"}],"replies":[{"embeddable":true,"href":"https:\/\/www.relationsdevoyages.com\/fr\/wp-json\/wp\/v2\/comments?post=44232"}],"wp:featuredmedia":[{"embeddable":true,"href":"https:\/\/www.relationsdevoyages.com\/fr\/wp-json\/wp\/v2\/media\/44776"}],"wp:attachment":[{"href":"https:\/\/www.relationsdevoyages.com\/fr\/wp-json\/wp\/v2\/media?parent=44232"}],"wp:term":[{"taxonomy":"product_brand","embeddable":true,"href":"https:\/\/www.relationsdevoyages.com\/fr\/wp-json\/wp\/v2\/product_brand?post=44232"},{"taxonomy":"product_cat","embeddable":true,"href":"https:\/\/www.relationsdevoyages.com\/fr\/wp-json\/wp\/v2\/product_cat?post=44232"},{"taxonomy":"product_tag","embeddable":true,"href":"https:\/\/www.relationsdevoyages.com\/fr\/wp-json\/wp\/v2\/product_tag?post=44232"}],"curies":[{"name":"wp","href":"https:\/\/api.w.org\/{rel}","templated":true}]}}