{"id":44220,"date":"2026-03-28T08:55:13","date_gmt":"2026-03-28T07:55:13","guid":{"rendered":"https:\/\/www.relationsdevoyages.com\/?post_type=product&#038;p=44220"},"modified":"2026-03-28T13:04:10","modified_gmt":"2026-03-28T12:04:10","slug":"sacoche-con-tracolla-regolabile-sb","status":"publish","type":"product","link":"https:\/\/www.relationsdevoyages.com\/fr\/produit\/sacoche-con-tracolla-regolabile-sb\/","title":{"rendered":"Sacoche \u2013 sac bandouli\u00e8re r\u00e9glable.sb"},"content":{"rendered":"<p>Relations de voyages\u00ae certifie que cette sacoche sest enti\u00e8rement r\u00e8alis\u00e9 avec une  voile recycl\u00e9e qui a \u00e9t\u00e9 lav\u00e9e de ses impuret\u00e9s .<\/p>\n<p>Les \u00e9ventuelles irr\u00e9gularit\u00e9s ne sont pas des d\u00e9fauts de fabrication mais des t\u00e9moignages du \u00ab v\u00e9cu \u00bb de la voile, qui rendent cet accessoire unique et authentiquement recycl\u00e9.<\/p>","protected":false},"excerpt":{"rendered":"<p>&nbsp;<\/p>\n<ul style=\"list-style-type: circle;\">\n<li><em>Ext\u00e9rieur:\u00a0<\/em>genois recycl\u00e9<\/li>\n<li>fermeture zipp\u00e9<\/li>\n<li>bandouli\u00e8re en voile r\u00e9glable et amovible<\/li>\n<li><em>Int\u00e9rieur : <\/em>spinnaker\u00a0riciclato<\/li>\n<li>dimensions: 33\u00d730 cm<\/li>\n<li>lavable \u00e0 30\u00b0<\/li>\n<\/ul>","protected":false},"featured_media":45024,"comment_status":"closed","ping_status":"closed","template":"","meta":{"_seopress_robots_primary_cat":"none","_seopress_titles_title":"Sacoche con tracolla","_seopress_titles_desc":"sacoche con tracolla regolabile. chiusura con zip.","_seopress_robots_index":""},"product_brand":[153],"product_cat":[152],"product_tag":[],"class_list":{"0":"post-44220","1":"product","2":"type-product","3":"status-publish","4":"has-post-thumbnail","6":"product_brand-relations-de-voyages","7":"product_cat-sacoche","9":"first","10":"instock","11":"featured","12":"sold-individually","13":"shipping-taxable","14":"purchasable","15":"product-type-simple"},"_links":{"self":[{"href":"https:\/\/www.relationsdevoyages.com\/fr\/wp-json\/wp\/v2\/product\/44220","targetHints":{"allow":["GET"]}}],"collection":[{"href":"https:\/\/www.relationsdevoyages.com\/fr\/wp-json\/wp\/v2\/product"}],"about":[{"href":"https:\/\/www.relationsdevoyages.com\/fr\/wp-json\/wp\/v2\/types\/product"}],"replies":[{"embeddable":true,"href":"https:\/\/www.relationsdevoyages.com\/fr\/wp-json\/wp\/v2\/comments?post=44220"}],"wp:featuredmedia":[{"embeddable":true,"href":"https:\/\/www.relationsdevoyages.com\/fr\/wp-json\/wp\/v2\/media\/45024"}],"wp:attachment":[{"href":"https:\/\/www.relationsdevoyages.com\/fr\/wp-json\/wp\/v2\/media?parent=44220"}],"wp:term":[{"taxonomy":"product_brand","embeddable":true,"href":"https:\/\/www.relationsdevoyages.com\/fr\/wp-json\/wp\/v2\/product_brand?post=44220"},{"taxonomy":"product_cat","embeddable":true,"href":"https:\/\/www.relationsdevoyages.com\/fr\/wp-json\/wp\/v2\/product_cat?post=44220"},{"taxonomy":"product_tag","embeddable":true,"href":"https:\/\/www.relationsdevoyages.com\/fr\/wp-json\/wp\/v2\/product_tag?post=44220"}],"curies":[{"name":"wp","href":"https:\/\/api.w.org\/{rel}","templated":true}]}}