{"id":44206,"date":"2025-11-02T17:15:44","date_gmt":"2025-11-02T16:15:44","guid":{"rendered":"https:\/\/www.relationsdevoyages.com\/?post_type=product&#038;p=44206"},"modified":"2026-02-20T14:49:22","modified_gmt":"2026-02-20T13:49:22","slug":"tourmentin-cg","status":"publish","type":"product","link":"https:\/\/www.relationsdevoyages.com\/fr\/produit\/tourmentin-cg\/","title":{"rendered":"Tourmentin.cg"},"content":{"rendered":"<p><strong>Ce sac en voile unisexe  est realis\u00e9 avec un genois  recycl\u00e9. <a href=\"https:\/\/www.histoiredeshalfs.com\/Histoire%20des%2060%27\/WPen%20Duick%20VI.htm\">ketch Pen duick VI<\/a> (Brest 1973).Les \u00e9ventuelles irr\u00e9gularit\u00e9s ne sont pas des d\u00e9fauts de fabrication mais des t\u00e9moignages du \u00ab v\u00e9cu \u00bb de la voile, qui rendent cet accessoire unique et authentiquement recycl\u00e9.<\/strong><\/p>\n<p class=\"translation-block\">Chaque sac est unique. Celui que vous choisissez en photo est celui que vous recevrez.<\/p>","protected":false},"excerpt":{"rendered":"<ul style=\"list-style-type: circle;\">\n<li>\u00a0Ext\u00e9rieur:genois recycl\u00e9 <a href=\"https:\/\/www.histoiredeshalfs.com\/Histoire%20des%2060%27\/WPen%20Duick%20VI.htm\">ketch Pen duick VI<\/a> (Brest 1973)<\/li>\n<li>deux anses en cuir cousu main, fix\u00e9es avec des manilles en acier<\/li>\n<li>bandouli\u00e8re en voile r\u00e9glable et amovible<\/li>\n<li>cosses en acier<\/li>\n<li>fermeture avec zip<\/li>\n<li><em>Int\u00e9rieur : <\/em>foc recycl\u00e9<\/li>\n<li>poche (38x20cm) ferm\u00e9e avec velcro<\/li>\n<li>lavable \u00e0 30\u00b0  apr\u00e8s avoir retir\u00e9 l\u2019anse avec le cuir<\/li>\n<li>dimensions:cm 38x18x38 hauteur<\/li>\n<\/ul>","protected":false},"featured_media":44675,"comment_status":"closed","ping_status":"closed","template":"","meta":{"_seopress_robots_primary_cat":"none","_seopress_titles_title":"Borsa da lavoro unisex","_seopress_titles_desc":"Borsa da lavoro unisex in vela con evidenti tracce delle navigazioni. Pezzo unico Made in Italy a Carrara","_seopress_robots_index":""},"product_brand":[153],"product_cat":[151],"product_tag":[],"class_list":{"0":"post-44206","1":"product","2":"type-product","3":"status-publish","4":"has-post-thumbnail","6":"product_brand-relations-de-voyages","7":"product_cat-tourmentin","9":"first","10":"instock","11":"featured","12":"sold-individually","13":"shipping-taxable","14":"purchasable","15":"product-type-simple"},"_links":{"self":[{"href":"https:\/\/www.relationsdevoyages.com\/fr\/wp-json\/wp\/v2\/product\/44206","targetHints":{"allow":["GET"]}}],"collection":[{"href":"https:\/\/www.relationsdevoyages.com\/fr\/wp-json\/wp\/v2\/product"}],"about":[{"href":"https:\/\/www.relationsdevoyages.com\/fr\/wp-json\/wp\/v2\/types\/product"}],"replies":[{"embeddable":true,"href":"https:\/\/www.relationsdevoyages.com\/fr\/wp-json\/wp\/v2\/comments?post=44206"}],"wp:featuredmedia":[{"embeddable":true,"href":"https:\/\/www.relationsdevoyages.com\/fr\/wp-json\/wp\/v2\/media\/44675"}],"wp:attachment":[{"href":"https:\/\/www.relationsdevoyages.com\/fr\/wp-json\/wp\/v2\/media?parent=44206"}],"wp:term":[{"taxonomy":"product_brand","embeddable":true,"href":"https:\/\/www.relationsdevoyages.com\/fr\/wp-json\/wp\/v2\/product_brand?post=44206"},{"taxonomy":"product_cat","embeddable":true,"href":"https:\/\/www.relationsdevoyages.com\/fr\/wp-json\/wp\/v2\/product_cat?post=44206"},{"taxonomy":"product_tag","embeddable":true,"href":"https:\/\/www.relationsdevoyages.com\/fr\/wp-json\/wp\/v2\/product_tag?post=44206"}],"curies":[{"name":"wp","href":"https:\/\/api.w.org\/{rel}","templated":true}]}}