{"id":43649,"date":"2025-06-03T08:25:10","date_gmt":"2025-06-03T06:25:10","guid":{"rendered":"https:\/\/www.relationsdevoyages.com\/?post_type=product&#038;p=43649"},"modified":"2026-04-06T09:14:04","modified_gmt":"2026-04-06T07:14:04","slug":"cm-r","status":"publish","type":"product","link":"https:\/\/www.relationsdevoyages.com\/fr\/produit\/cm-r\/","title":{"rendered":"Conchiglia &#8211; secchiello con dettagli unici"},"content":{"rendered":"<p><b>Relations de voyages\u00ae certifie que ce sac est enti\u00e8rement r\u00e8alis\u00e9 avec un  genois recycl\u00e9e qui a \u00e9t\u00e9 lav\u00e9e de ses impuret\u00e9s .<\/b><\/p>\n<p><strong>Chaque sac est unique.<\/strong> Celui que vous choisissez en photo est celui que vous recevrez.<br \/>\nLes \u00e9ventuelles irr\u00e9gularit\u00e9s ne sont pas des d\u00e9fauts de fabrication mais des t\u00e9moignages du \u00ab v\u00e9cu \u00bb de la voile, qui rendent cet accessoire unique et authentiquement recycl\u00e9.<\/p>","protected":false},"excerpt":{"rendered":"<p>&nbsp;<\/p>\n<ul style=\"list-style-type: circle;\">\n<li><i>Ext\u00e9rieur:<\/i> g\u00e9nois, avec r\u00e9paration  d'origine sur la voile<\/li>\n<li>\u0153illets  oxyd\u00e9s.<\/li>\n<li>manilles en acier<\/li>\n<li>anse \u00e0 l'\u00e9paule en coton naturel recouverte de cuir cousue main<\/li>\n<li>fermeture coulissante en voile recycl\u00e9\u00e9 avec drisse en chanvre<\/li>\n<li>bandouliere en voile<\/li>\n<li><em>Int\u00e9rieur :<\/em> spinnaker recycl\u00e9<\/li>\n<li>poche ferm\u00e9e avec velcro<\/li>\n<li>dimensions cm 31x16x26 hauteur<\/li>\n<li>lavable \u00e0 30\u00b0 apr\u00e8s avoir retir\u00e9 l\u2019anse avec le cuir<\/li>\n<\/ul>","protected":false},"featured_media":43650,"comment_status":"closed","ping_status":"closed","template":"","meta":{"_seopress_robots_primary_cat":"none","_seopress_titles_title":"Borsa in vela pezzo unico %%sitetitle%%","_seopress_titles_desc":"Borsa realizzata con un genova riciclato con riparazione originale. Pezzo unico","_seopress_robots_index":""},"product_brand":[153],"product_cat":[159],"product_tag":[],"class_list":{"0":"post-43649","1":"product","2":"type-product","3":"status-publish","4":"has-post-thumbnail","6":"product_brand-relations-de-voyages","7":"product_cat-modelli-speciali","9":"first","10":"outofstock","11":"sold-individually","12":"shipping-taxable","13":"product-type-simple"},"_links":{"self":[{"href":"https:\/\/www.relationsdevoyages.com\/fr\/wp-json\/wp\/v2\/product\/43649","targetHints":{"allow":["GET"]}}],"collection":[{"href":"https:\/\/www.relationsdevoyages.com\/fr\/wp-json\/wp\/v2\/product"}],"about":[{"href":"https:\/\/www.relationsdevoyages.com\/fr\/wp-json\/wp\/v2\/types\/product"}],"replies":[{"embeddable":true,"href":"https:\/\/www.relationsdevoyages.com\/fr\/wp-json\/wp\/v2\/comments?post=43649"}],"wp:featuredmedia":[{"embeddable":true,"href":"https:\/\/www.relationsdevoyages.com\/fr\/wp-json\/wp\/v2\/media\/43650"}],"wp:attachment":[{"href":"https:\/\/www.relationsdevoyages.com\/fr\/wp-json\/wp\/v2\/media?parent=43649"}],"wp:term":[{"taxonomy":"product_brand","embeddable":true,"href":"https:\/\/www.relationsdevoyages.com\/fr\/wp-json\/wp\/v2\/product_brand?post=43649"},{"taxonomy":"product_cat","embeddable":true,"href":"https:\/\/www.relationsdevoyages.com\/fr\/wp-json\/wp\/v2\/product_cat?post=43649"},{"taxonomy":"product_tag","embeddable":true,"href":"https:\/\/www.relationsdevoyages.com\/fr\/wp-json\/wp\/v2\/product_tag?post=43649"}],"curies":[{"name":"wp","href":"https:\/\/api.w.org\/{rel}","templated":true}]}}