{"id":43328,"date":"2022-04-17T06:21:10","date_gmt":"2022-04-17T06:21:10","guid":{"rendered":"https:\/\/www.relationsdevoyages.com\/?post_type=product&#038;p=43328"},"modified":"2026-04-06T09:42:27","modified_gmt":"2026-04-06T07:42:27","slug":"backgammon-b-bn","status":"publish","type":"product","link":"https:\/\/www.relationsdevoyages.com\/fr\/produit\/backgammon-b-bn\/","title":{"rendered":"Backgammon &#8211; in vela di cotone del Trois Belem 1896.bn"},"content":{"rendered":"<p>Relations de voyages\u00ae certifie que ce backgammon est enti\u00e8rement r\u00e8alis\u00e9 avec un grand hunier volant en coton du <a href=\"https:\/\/www.fondationbelem.com\">Trois mats Belem 1896<\/a> Les \u00e9ventuelles irr\u00e9gularit\u00e9s ne sont pas des d\u00e9fauts de fabrication mais des t\u00e9moignages du \u00ab v\u00e9cu \u00bb de la voile, qui rendent cet accessoire unique et authentiquement recycl\u00e9.<\/p>","protected":false},"excerpt":{"rendered":"<p>&nbsp;<\/p>\n<ul style=\"list-style-type: circle;\">\n<li>Grand hunier volant en coton du bateau <a href=\"https:\/\/www.fondationbelem.com\">Trois Mats Belem<\/a><\/li>\n<li>deux gobelets en voile du Belem<\/li>\n<li>pochette en voile du Belem ferm\u00e9e avec bouton pression et corde en coton<\/li>\n<li>lavable \u00e0 30\u00b0<\/li>\n<li>pions en cellulose<\/li>\n<li>4 d\u00e9s en bois<\/li>\n<li>1 d\u00e9 doubleur en bois<\/li>\n<li>cercle en corde de coton naturel avec \u00e9pissure pour reception des d\u00e9s<\/li>\n<li>Dimensions: 54x49cm \/ ferm\u00e9 50x8cm<\/li>\n<\/ul>","protected":false},"featured_media":43332,"comment_status":"closed","ping_status":"closed","template":"","meta":{"_seopress_robots_primary_cat":"none","_seopress_titles_title":"","_seopress_titles_desc":"","_seopress_robots_index":""},"product_brand":[153],"product_cat":[159],"product_tag":[],"class_list":{"0":"post-43328","1":"product","2":"type-product","3":"status-publish","4":"has-post-thumbnail","6":"product_brand-relations-de-voyages","7":"product_cat-modelli-speciali","9":"first","10":"outofstock","11":"sold-individually","12":"shipping-taxable","13":"product-type-simple"},"_links":{"self":[{"href":"https:\/\/www.relationsdevoyages.com\/fr\/wp-json\/wp\/v2\/product\/43328","targetHints":{"allow":["GET"]}}],"collection":[{"href":"https:\/\/www.relationsdevoyages.com\/fr\/wp-json\/wp\/v2\/product"}],"about":[{"href":"https:\/\/www.relationsdevoyages.com\/fr\/wp-json\/wp\/v2\/types\/product"}],"replies":[{"embeddable":true,"href":"https:\/\/www.relationsdevoyages.com\/fr\/wp-json\/wp\/v2\/comments?post=43328"}],"wp:featuredmedia":[{"embeddable":true,"href":"https:\/\/www.relationsdevoyages.com\/fr\/wp-json\/wp\/v2\/media\/43332"}],"wp:attachment":[{"href":"https:\/\/www.relationsdevoyages.com\/fr\/wp-json\/wp\/v2\/media?parent=43328"}],"wp:term":[{"taxonomy":"product_brand","embeddable":true,"href":"https:\/\/www.relationsdevoyages.com\/fr\/wp-json\/wp\/v2\/product_brand?post=43328"},{"taxonomy":"product_cat","embeddable":true,"href":"https:\/\/www.relationsdevoyages.com\/fr\/wp-json\/wp\/v2\/product_cat?post=43328"},{"taxonomy":"product_tag","embeddable":true,"href":"https:\/\/www.relationsdevoyages.com\/fr\/wp-json\/wp\/v2\/product_tag?post=43328"}],"curies":[{"name":"wp","href":"https:\/\/api.w.org\/{rel}","templated":true}]}}