{"id":43318,"date":"2023-04-16T11:53:19","date_gmt":"2023-04-16T11:53:19","guid":{"rendered":"https:\/\/www.relationsdevoyages.com\/?post_type=product&#038;p=43318"},"modified":"2026-04-06T09:33:24","modified_gmt":"2026-04-06T07:33:24","slug":"ul-dada","status":"publish","type":"product","link":"https:\/\/www.relationsdevoyages.com\/fr\/produit\/ul-dada\/","title":{"rendered":"Ultralight Dada &#8211; borsa unica leggera in spinnaker"},"content":{"rendered":"<p>&nbsp;<\/p>\n<p style=\"text-align: justify;\">Tristan Tzara (1896-1963) cherche avec le mouvement Dada qu\u2019il fonde d\u00e8s 1916, \u00e0 r\u00e9concilier l\u2019action et la po\u00e9sie, autrement dit \u00e0 surmonter la contradiction interne propre \u00e0 la po\u00e9sie come moyen d\u2019expression conventionnel et impersonnel d\u2019une part et comme \u201cactivit\u00e9 de l\u2019esprit\u201d r\u00e9v\u00e9latrice des r\u00eaves et porteuse des projets de chaque homme, dans la societ\u00e9 d\u2019autre part.<\/p>\n<p style=\"text-align: justify;\">Appr\u00e9ciant les cultures des \u00ab Autres \u00bb et du \u00ab Divers \u00bb (cultures africaines et oc\u00e9aniennes) Tzara propose des po\u00e8mes polyglottes qui jouent avec les associations sonores ; chacun est laiss\u00e9 libre d\u2019interpr\u00e9ter la signification de mots incompris. \u00ab L\u2019\u00e9motion imm\u00e9diate pr\u00e9vaut sur la relation \u00e9tymologique \u00bb, d\u00e9crit Henri B\u00e9har. Le po\u00e8me comme tout objet issu du mouvement Dada vise \u00e0 provoquer des impressions sans s\u2019enfermer dans un cadre contraignant.<\/p>\n<p style=\"text-align: justify;\">Selon Tzara, \u00ab Dada n\u2019est ni un dogme, ni une \u00e9cole mais plut\u00f4t une constellation d\u2019individus et de facettes libres. \u00bb<\/p>\n<p style=\"text-align: justify;\">Les 3 lettres ITA -originales sur la voile d\u00e9coup\u00e9e- ne sont sans doute plus les initiales du pays qu\u2019elles repr\u00e9sentent dans une comp\u00e9tition. Chacun aimera y chercher un autre sens.<\/p>\n<p>&nbsp;<\/p>\n<p>&nbsp;<\/p>\n<p><strong>Relations de voyages\u00ae certifie que ce sac est enti\u00e8rement r\u00e8alis\u00e9 avec un spinnaker recycl\u00e9 qui a \u00e9t\u00e9 lav\u00e9e de ses impuret\u00e9s .<\/strong><\/p>\n<p class=\"translation-block\">Chaque sac est unique. Celui que vous choisissez en photo est celui que vous recevrez.<\/p>\n<p>Les \u00e9ventuelles irr\u00e9gularit\u00e9s ne sont pas des d\u00e9fauts de fabrication mais des t\u00e9moignages du \u00ab v\u00e9cu \u00bb de la voile, qui rendent cet accessoire unique et authentiquement recycl\u00e9.<\/p>","protected":false},"excerpt":{"rendered":"<ul style=\"list-style-type: circle;\">\n<li>spinnaker recycl\u00e9<\/li>\n<li>lettres ITA -originales sur la voile d\u00e9coup\u00e9e<\/li>\n<li>anses  en coton et cuir amovibles<\/li>\n<li>bandouli\u00e9re en voile amovible<\/li>\n<li>pochette en spinnaker 20x28 cm<\/li>\n<li>manille en acier<\/li>\n<li>dimensions: cm 48x18x41 hauteur<\/li>\n<li>lavable \u00e0 30\u00b0 apr\u00e8s avoir retir\u00e9 les anses avec le cuir<\/li>\n<\/ul>\n<p>&nbsp;<\/p>","protected":false},"featured_media":43319,"comment_status":"closed","ping_status":"closed","template":"","meta":{"_seopress_robots_primary_cat":"none","_seopress_titles_title":"","_seopress_titles_desc":"","_seopress_robots_index":""},"product_brand":[153],"product_cat":[159],"product_tag":[],"class_list":{"0":"post-43318","1":"product","2":"type-product","3":"status-publish","4":"has-post-thumbnail","6":"product_brand-relations-de-voyages","7":"product_cat-modelli-speciali","9":"first","10":"outofstock","11":"sold-individually","12":"product-type-simple"},"_links":{"self":[{"href":"https:\/\/www.relationsdevoyages.com\/fr\/wp-json\/wp\/v2\/product\/43318","targetHints":{"allow":["GET"]}}],"collection":[{"href":"https:\/\/www.relationsdevoyages.com\/fr\/wp-json\/wp\/v2\/product"}],"about":[{"href":"https:\/\/www.relationsdevoyages.com\/fr\/wp-json\/wp\/v2\/types\/product"}],"replies":[{"embeddable":true,"href":"https:\/\/www.relationsdevoyages.com\/fr\/wp-json\/wp\/v2\/comments?post=43318"}],"wp:featuredmedia":[{"embeddable":true,"href":"https:\/\/www.relationsdevoyages.com\/fr\/wp-json\/wp\/v2\/media\/43319"}],"wp:attachment":[{"href":"https:\/\/www.relationsdevoyages.com\/fr\/wp-json\/wp\/v2\/media?parent=43318"}],"wp:term":[{"taxonomy":"product_brand","embeddable":true,"href":"https:\/\/www.relationsdevoyages.com\/fr\/wp-json\/wp\/v2\/product_brand?post=43318"},{"taxonomy":"product_cat","embeddable":true,"href":"https:\/\/www.relationsdevoyages.com\/fr\/wp-json\/wp\/v2\/product_cat?post=43318"},{"taxonomy":"product_tag","embeddable":true,"href":"https:\/\/www.relationsdevoyages.com\/fr\/wp-json\/wp\/v2\/product_tag?post=43318"}],"curies":[{"name":"wp","href":"https:\/\/api.w.org\/{rel}","templated":true}]}}