{"id":3520,"date":"2024-10-16T06:52:06","date_gmt":"2024-10-16T06:52:06","guid":{"rendered":"https:\/\/www.relationsdevoyages.com\/?post_type=product&#038;p=3520"},"modified":"2025-07-27T18:18:00","modified_gmt":"2025-07-27T16:18:00","slug":"papyrifera-les-cahiers-de-francois-marie-co","status":"publish","type":"product","link":"https:\/\/www.relationsdevoyages.com\/fr\/produit\/papyrifera-les-cahiers-de-francois-marie-co\/","title":{"rendered":"Papyrifera Les Cahiers de Fran\u00e7ois Marie.CO"},"content":{"rendered":"<p>Pochette\/etuis pour cahier et ou smartphone<span class=\"Apple-converted-space\">\u00a0\u00a0<\/span>Pochettes-\u00e9tuis pour cahiers et \/ ou iPad mini ou kindle,  Un cahier format A5 avec 30 feuilles de papier recycl\u00e9 est ins\u00e9r\u00e9 \u00e0 l\u2019int\u00e9rieur pour  pour planifier et dessiner votre potager planifier et dessiner votre potager, noter et m\u00e9moriser les activit\u00e9s du jardin (date de semis et r\u00e9colte \u2026) produit en Italie avec la certification de la Forest Stewardship Council FSC\u00ae CQ-COC-000418 Une production artisanale durable avec un design moderne et un mat\u00e9riau \u00e9cologique pour le respect de l'environnement. Naturel, r\u00e9sistant, lavable et recyclable.<span class=\"Apple-converted-space\">\u00a0 <\/span>planifier et dessiner votre potager,<span class=\"Apple-converted-space\">\u00a0<\/span>notare e memorizzare le attivit\u00e0 dell&#8217;orto (data di semina e raccolta&#8230;)<\/p>\n<p>&nbsp;<\/p>\n<p>Du vegetal une ligne d'accessoires fabriqu\u00e9s avec de la fibre de cellulose provenant de cellulose recycl\u00e9e et de plantations cultiv\u00e9es, produite en Italie\u00a0<a href=\"https:\/\/it.fsc.org\/it-it\">produit en Italie avec la certification de la Forest Stewardship Council FSC\u00ae CQ-COC-000418<\/a> FSC\u00ae CQ-COC-000418.<\/p>\n<p>Une production artisanale durable avec un design moderne et un mat\u00e9riau \u00e9cologique pour le respect de l'environnement.<\/p>\n<p>Naturel, r\u00e9sistant, lavable et recyclable.<\/p>\n<p><img alt=\"\" loading=\"lazy\" decoding=\"async\" class=\"aligncenter size-full wp-image-43581\" src=\"https:\/\/www.relationsdevoyages.com\/wp-content\/uploads\/2025\/04\/TI-Srl-FSC-Certificate.png\" width=\"191\" height=\"176\" srcset=\"https:\/\/www.relationsdevoyages.com\/wp-content\/uploads\/2025\/04\/TI-Srl-FSC-Certificate.png 191w, https:\/\/www.relationsdevoyages.com\/wp-content\/uploads\/2025\/04\/TI-Srl-FSC-Certificate-13x12.png 13w\" sizes=\"auto, (max-width: 191px) 100vw, 191px\" \/><\/p>","protected":false},"excerpt":{"rendered":"<p>Pochette en pulpe de cellulose avec carnet de papier recycl\u00e9<\/p>\n<ul style=\"list-style-type: circle;\">\n<li>pulpe de cellulose<\/li>\n<li>cahier A5 en papier recycl\u00e9 (30 feuilles)<\/li>\n<li>trois poches<\/li>\n<li>fermeture avec \u00e9lastique<\/li>\n<li>rivets<\/li>\n<li>dimensions:22x16x2cm<\/li>\n<li>lavable \u00e0 30\u00b0<\/li>\n<\/ul>","protected":false},"featured_media":3544,"comment_status":"closed","ping_status":"closed","template":"","meta":{"_seopress_robots_primary_cat":"none","_seopress_titles_title":"","_seopress_titles_desc":"","_seopress_robots_index":""},"product_brand":[],"product_cat":[46],"product_tag":[],"class_list":{"0":"post-3520","1":"product","2":"type-product","3":"status-publish","4":"has-post-thumbnail","6":"product_cat-cahier-papyrifera","8":"first","9":"outofstock","10":"sold-individually","11":"shipping-taxable","12":"purchasable","13":"product-type-simple"},"_links":{"self":[{"href":"https:\/\/www.relationsdevoyages.com\/fr\/wp-json\/wp\/v2\/product\/3520","targetHints":{"allow":["GET"]}}],"collection":[{"href":"https:\/\/www.relationsdevoyages.com\/fr\/wp-json\/wp\/v2\/product"}],"about":[{"href":"https:\/\/www.relationsdevoyages.com\/fr\/wp-json\/wp\/v2\/types\/product"}],"replies":[{"embeddable":true,"href":"https:\/\/www.relationsdevoyages.com\/fr\/wp-json\/wp\/v2\/comments?post=3520"}],"wp:featuredmedia":[{"embeddable":true,"href":"https:\/\/www.relationsdevoyages.com\/fr\/wp-json\/wp\/v2\/media\/3544"}],"wp:attachment":[{"href":"https:\/\/www.relationsdevoyages.com\/fr\/wp-json\/wp\/v2\/media?parent=3520"}],"wp:term":[{"taxonomy":"product_brand","embeddable":true,"href":"https:\/\/www.relationsdevoyages.com\/fr\/wp-json\/wp\/v2\/product_brand?post=3520"},{"taxonomy":"product_cat","embeddable":true,"href":"https:\/\/www.relationsdevoyages.com\/fr\/wp-json\/wp\/v2\/product_cat?post=3520"},{"taxonomy":"product_tag","embeddable":true,"href":"https:\/\/www.relationsdevoyages.com\/fr\/wp-json\/wp\/v2\/product_tag?post=3520"}],"curies":[{"name":"wp","href":"https:\/\/api.w.org\/{rel}","templated":true}]}}