{"id":3510,"date":"2024-12-15T06:52:05","date_gmt":"2024-12-15T06:52:05","guid":{"rendered":"https:\/\/www.relationsdevoyages.com\/?post_type=product&#038;p=3510"},"modified":"2025-10-20T10:08:03","modified_gmt":"2025-10-20T08:08:03","slug":"papyrifera-les-cahiers-de-francois-marie-palma","status":"publish","type":"product","link":"https:\/\/www.relationsdevoyages.com\/fr\/produit\/papyrifera-les-cahiers-de-francois-marie-palma\/","title":{"rendered":"Papyrifera Les Cahiers de Fran\u00e7ois Marie.Palma"},"content":{"rendered":"<p style=\"text-align: justify;\">Pochette\/etuis pour cahier et ou smartphone<span class=\"Apple-converted-space\">\u00a0\u00a0<\/span>Pochettes-\u00e9tuis pour cahiers et \/ ou iPad mini ou kindle,  Un cahier format A5 avec 30 feuilles de papier recycl\u00e9 est ins\u00e9r\u00e9 \u00e0 l\u2019int\u00e9rieur pour  pour planifier et dessiner votre potager planifier et dessiner votre potager, noter et m\u00e9moriser les activit\u00e9s du jardin (date de semis et r\u00e9colte \u2026) produit en Italie avec la certification de la Forest Stewardship Council FSC\u00ae CQ-COC-000418 Une production artisanale durable avec un design moderne et un mat\u00e9riau \u00e9cologique pour le respect de l'environnement. Naturel, r\u00e9sistant, lavable et recyclable.<span class=\"Apple-converted-space\">\u00a0 <\/span>planifier et dessiner votre potager,<span class=\"Apple-converted-space\">\u00a0<\/span>planifier et dessiner votre potager, noter et m\u00e9moriser les activit\u00e9s du jardin (date de semis et r\u00e9colte \u2026)\u00a0<a href=\"https:\/\/it.fsc.org\/it-it\">produit en Italie avec la certification de la Forest Stewardship Council FSC\u00ae CQ-COC-000418<\/a> Une production artisanale durable avec un design moderne et un mat\u00e9riau \u00e9cologique pour le respect de l'environnement. Naturel, r\u00e9sistant, lavable et recyclable.<\/p>\n<p><img alt=\"\" loading=\"lazy\" decoding=\"async\" class=\"aligncenter size-thumbnail wp-image-43581\" src=\"https:\/\/www.relationsdevoyages.com\/wp-content\/uploads\/2025\/04\/TI-Srl-FSC-Certificate-150x150.png\" width=\"150\" height=\"150\" srcset=\"https:\/\/www.relationsdevoyages.com\/wp-content\/uploads\/2025\/04\/TI-Srl-FSC-Certificate-150x150.png 150w, https:\/\/www.relationsdevoyages.com\/wp-content\/uploads\/2025\/04\/TI-Srl-FSC-Certificate-100x100.png 100w, https:\/\/www.relationsdevoyages.com\/wp-content\/uploads\/2025\/04\/TI-Srl-FSC-Certificate-13x12.png 13w\" sizes=\"auto, (max-width: 150px) 100vw, 150px\" \/><\/p>","protected":false},"excerpt":{"rendered":"<p>Pochette en pulpe de cellulose avec carnet de papier recycl\u00e9<\/p>\n<ul style=\"list-style-type: circle;\">\n<li>pulpe de cellulose<\/li>\n<li>illustration botanique imprim\u00e9e<\/li>\n<li>cahier A5 en papier recycl\u00e9 (30 feuilles)<\/li>\n<li>trois poches<\/li>\n<li>fermeture avec \u00e9lastique<\/li>\n<li>rivets<\/li>\n<li>dimensions:22x16x2cm<\/li>\n<li>lavable \u00e0 30\u00b0<\/li>\n<\/ul>","protected":false},"featured_media":3531,"comment_status":"closed","ping_status":"closed","template":"","meta":{"_seopress_robots_primary_cat":"none","_seopress_titles_title":"","_seopress_titles_desc":"","_seopress_robots_index":""},"product_brand":[153],"product_cat":[46],"product_tag":[],"class_list":{"0":"post-3510","1":"product","2":"type-product","3":"status-publish","4":"has-post-thumbnail","6":"product_brand-relations-de-voyages","7":"product_cat-cahier-papyrifera","9":"first","10":"outofstock","11":"sold-individually","12":"shipping-taxable","13":"purchasable","14":"product-type-simple"},"_links":{"self":[{"href":"https:\/\/www.relationsdevoyages.com\/fr\/wp-json\/wp\/v2\/product\/3510","targetHints":{"allow":["GET"]}}],"collection":[{"href":"https:\/\/www.relationsdevoyages.com\/fr\/wp-json\/wp\/v2\/product"}],"about":[{"href":"https:\/\/www.relationsdevoyages.com\/fr\/wp-json\/wp\/v2\/types\/product"}],"replies":[{"embeddable":true,"href":"https:\/\/www.relationsdevoyages.com\/fr\/wp-json\/wp\/v2\/comments?post=3510"}],"wp:featuredmedia":[{"embeddable":true,"href":"https:\/\/www.relationsdevoyages.com\/fr\/wp-json\/wp\/v2\/media\/3531"}],"wp:attachment":[{"href":"https:\/\/www.relationsdevoyages.com\/fr\/wp-json\/wp\/v2\/media?parent=3510"}],"wp:term":[{"taxonomy":"product_brand","embeddable":true,"href":"https:\/\/www.relationsdevoyages.com\/fr\/wp-json\/wp\/v2\/product_brand?post=3510"},{"taxonomy":"product_cat","embeddable":true,"href":"https:\/\/www.relationsdevoyages.com\/fr\/wp-json\/wp\/v2\/product_cat?post=3510"},{"taxonomy":"product_tag","embeddable":true,"href":"https:\/\/www.relationsdevoyages.com\/fr\/wp-json\/wp\/v2\/product_tag?post=3510"}],"curies":[{"name":"wp","href":"https:\/\/api.w.org\/{rel}","templated":true}]}}