{"id":3458,"date":"2026-03-29T08:00:25","date_gmt":"2026-03-29T06:00:25","guid":{"rendered":"https:\/\/www.relationsdevoyages.com\/?post_type=product&#038;p=3458"},"modified":"2026-03-29T09:07:11","modified_gmt":"2026-03-29T07:07:11","slug":"waka-sacca-con-weather-charm-manico-beige","status":"publish","type":"product","link":"https:\/\/www.relationsdevoyages.com\/fr\/produit\/waka-sacca-con-weather-charm-manico-beige\/","title":{"rendered":"Waka - sac blanc avec weather charm - anse beige"},"content":{"rendered":"<p>&nbsp;<\/p>\n<p style=\"text-align: justify;\" class=\"translation-block\">Les \u00eeles Caroline, au sein de la Micron\u00e9sie, sont un berceau des voyageurs longue-distance les plus accomplis du Pacifique,\nParmi les plus grands dangers auxquels ils sont confront\u00e9s, figurent les ouragans qui d\u00e9truisent leurs bateaux -intelligents canoes \u00e0 voile appel\u00e9s waka-, les temp\u00eates qui noient les \u00e9quipages ou les rel\u00e2chent \u00e9chou\u00e9s sur une plage. Pour pr\u00e9venir de tels d\u00e9sastres, les marins utilisent un \u00ab charme m\u00e9t\u00e9orologique \u00bb, croyant qu\u2019il a le pouvoir de modifier la trajectoire d\u2019approche du mauvais temps. Le charme s\u2019appelle Hos et peut \u00eatre fait de coquillage, de bois, de fibres ou racines v\u00e9g\u00e9tales.\nA l\u2019approche du mauvais temps, le navigateur saisit le Hos, souffle ensuite dans une conque pour invoquer les esprits et r\u00e9cite un chant pour repousser les sombres nuages. Dans le pass\u00e9, le Hos \u00e9tait rang\u00e9 dans une petite maison de l\u2019esprit, situ\u00e9 au-dessus de la b\u00f4me reliant la coque au tangon. A peine la temp\u00eate pass\u00e9e, le Hos retournait dans sa maison d\u2019esprit. De retour \u00e0 terre, le puissant charme se rangeait dans le hangar du waka ; en aucun cas stock\u00e9 en un lieu ordinaire.\nLes \u00eeles du Pacifique sont actuellement vuln\u00e9rables \u00e0 l\u2019extr\u00eame aux d\u00e9r\u00e8glements du climat. Les impacts les plus importants sont les destructions d\u2019infrastructures terrestres, de plus intenses cyclones, des s\u00e9cheresses plus longues, l\u2019affaiblissement des cultures vivri\u00e8res et des p\u00eaches locales, la mort de coraux, la r\u00e9duction des mangroves, jusqu\u2019\u00e0 l\u2019apparition de nouvelles maladies.\nAujourd\u2019hui nous sommes tous ensemble dans le m\u00eame bateau, flottant \u00e0 la surface de la plan\u00e8te et nous devons absolument prendre soin de l\u2019environement visible mais pas seulement. Certaines anciennes croyances avaient un sens : celui de respecter le vivant et de maintenir l\u2019harmonie du cosmos.<\/p>\n<p>&nbsp;<\/p>\n<p class=\"translation-block\">Relations de voyages\u00ae certifie que ce sac Waka est enti\u00e8rement r\u00e9alis\u00e9  avec une g\u00e9noise du ketch marconi Pen Duick VI (1973) arsenal de Brest<\/p>\n<p>Les \u00e9ventuelles irr\u00e9gularit\u00e9s ne sont pas des d\u00e9fauts de fabrication mais des t\u00e9moignages du \u00ab v\u00e9cu \u00bb de la voile, qui rendent cet accessoire unique et authentiquement recycl\u00e9.<\/p>","protected":false},"excerpt":{"rendered":"<ul style=\"list-style-type: circle;\">\n<li><em>Ext\u00e9rieur:<\/em> genois recycl\u00e9 du ketch <a href=\"https:\/\/oceangloberace.com\/entrants\/pen-duick-vi\/\">Pen Duick VI<\/a><\/li>\n<li>\u00ab Charme de navigation \u00bb, amovible,  en corde de chanvre avec noeuds marins<\/li>\n<li>anse en coton et cuir \u00e0 l'epaule avec \u00e9pissures<\/li>\n<li>bandouli\u00e8re en voile amovible<\/li>\n<li>manille en acier<\/li>\n<li><em>Int\u00e9rieur : <\/em>foc recycl\u00e9<\/li>\n<li>fermeture coulissante en spinnaker recycl\u00e9\u00e9 avec lacet en chanvre<\/li>\n<li>pochette (25\u00d726 cm), amovible, avec zip<\/li>\n<li>dimensions: diam 29cm, hauteur 41cm<\/li>\n<li>lavable \u00e0 30\u00b0  apr\u00e8s avoir retir\u00e9 l\u2019anse avec le cuir<\/li>\n<\/ul>","protected":false},"featured_media":45030,"comment_status":"closed","ping_status":"closed","template":"","meta":{"_seopress_robots_primary_cat":"none","_seopress_titles_title":"","_seopress_titles_desc":"","_seopress_robots_index":""},"product_brand":[153],"product_cat":[119],"product_tag":[],"class_list":{"0":"post-3458","1":"product","2":"type-product","3":"status-publish","4":"has-post-thumbnail","6":"product_brand-relations-de-voyages","7":"product_cat-waka","9":"first","10":"instock","11":"sold-individually","12":"shipping-taxable","13":"purchasable","14":"product-type-simple"},"_links":{"self":[{"href":"https:\/\/www.relationsdevoyages.com\/fr\/wp-json\/wp\/v2\/product\/3458","targetHints":{"allow":["GET"]}}],"collection":[{"href":"https:\/\/www.relationsdevoyages.com\/fr\/wp-json\/wp\/v2\/product"}],"about":[{"href":"https:\/\/www.relationsdevoyages.com\/fr\/wp-json\/wp\/v2\/types\/product"}],"replies":[{"embeddable":true,"href":"https:\/\/www.relationsdevoyages.com\/fr\/wp-json\/wp\/v2\/comments?post=3458"}],"wp:featuredmedia":[{"embeddable":true,"href":"https:\/\/www.relationsdevoyages.com\/fr\/wp-json\/wp\/v2\/media\/45030"}],"wp:attachment":[{"href":"https:\/\/www.relationsdevoyages.com\/fr\/wp-json\/wp\/v2\/media?parent=3458"}],"wp:term":[{"taxonomy":"product_brand","embeddable":true,"href":"https:\/\/www.relationsdevoyages.com\/fr\/wp-json\/wp\/v2\/product_brand?post=3458"},{"taxonomy":"product_cat","embeddable":true,"href":"https:\/\/www.relationsdevoyages.com\/fr\/wp-json\/wp\/v2\/product_cat?post=3458"},{"taxonomy":"product_tag","embeddable":true,"href":"https:\/\/www.relationsdevoyages.com\/fr\/wp-json\/wp\/v2\/product_tag?post=3458"}],"curies":[{"name":"wp","href":"https:\/\/api.w.org\/{rel}","templated":true}]}}