{"id":3404,"date":"2025-01-16T06:13:53","date_gmt":"2025-01-16T06:13:53","guid":{"rendered":"https:\/\/www.relationsdevoyages.com\/?post_type=product&#038;p=3404"},"modified":"2026-02-28T14:46:35","modified_gmt":"2026-02-28T13:46:35","slug":"stiva-sv","status":"publish","type":"product","link":"https:\/\/www.relationsdevoyages.com\/fr\/produit\/stiva-sv\/","title":{"rendered":"Stiva.sv"},"content":{"rendered":"<p><strong>Relations de voyages\u00ae certifie que ce sac est enti\u00e8rement r\u00e8alis\u00e9 avec une  voile recycl\u00e9e qui a \u00e9t\u00e9 lav\u00e9e de ses impuret\u00e9s .<\/strong>.<\/p>\n<p class=\"translation-block\">Chaque sac est unique. Celui que vous choisissez en photo est celui que vous recevrez.<\/p>\n<p>Les \u00e9ventuelles irr\u00e9gularit\u00e9s ne sont pas des d\u00e9fauts de fabrication mais des t\u00e9moignages du \u00ab v\u00e9cu \u00bb de la voile, qui rendent cet accessoire unique et authentiquement recycl\u00e9.<\/p>\n<p>&nbsp;<\/p>","protected":false},"excerpt":{"rendered":"<ul style=\"list-style-type: circle;\">\n<li><em>Ext\u00e9rieur<\/em>:genois recycl\u00e9<\/li>\n<li>Une large poche frontale (39\u00d741).<\/li>\n<li>pochette amovible (31x26cm)  avec zip<\/li>\n<li>anse en coton recouverte de cuir cousue main<\/li>\n<li>bandouliere en voile<\/li>\n<li>manille en acier<\/li>\n<li>fond renforc\u00e9 en voile recycl\u00e9e de kevlar<\/li>\n<li>dimensions:41x18x49cm<\/li>\n<li>lavable \u00e0 30\u00b0  apr\u00e8s avoir retir\u00e9 l\u2019anse avec le cuir<\/li>\n<\/ul>","protected":false},"featured_media":43632,"comment_status":"closed","ping_status":"closed","template":"","meta":{"_seopress_robots_primary_cat":"none","_seopress_titles_title":"Borsa a spalla %%sitetitle%%","_seopress_titles_desc":"Borsa a spalla , grande tasca esterna e tracolla. Tasca\/pochette interna staccabile chiusa con cerniera lampo","_seopress_robots_index":""},"product_brand":[153],"product_cat":[109],"product_tag":[],"class_list":{"0":"post-3404","1":"product","2":"type-product","3":"status-publish","4":"has-post-thumbnail","6":"product_brand-relations-de-voyages","7":"product_cat-la-stiva","9":"first","10":"instock","11":"featured","12":"sold-individually","13":"purchasable","14":"product-type-simple"},"_links":{"self":[{"href":"https:\/\/www.relationsdevoyages.com\/fr\/wp-json\/wp\/v2\/product\/3404","targetHints":{"allow":["GET"]}}],"collection":[{"href":"https:\/\/www.relationsdevoyages.com\/fr\/wp-json\/wp\/v2\/product"}],"about":[{"href":"https:\/\/www.relationsdevoyages.com\/fr\/wp-json\/wp\/v2\/types\/product"}],"replies":[{"embeddable":true,"href":"https:\/\/www.relationsdevoyages.com\/fr\/wp-json\/wp\/v2\/comments?post=3404"}],"wp:featuredmedia":[{"embeddable":true,"href":"https:\/\/www.relationsdevoyages.com\/fr\/wp-json\/wp\/v2\/media\/43632"}],"wp:attachment":[{"href":"https:\/\/www.relationsdevoyages.com\/fr\/wp-json\/wp\/v2\/media?parent=3404"}],"wp:term":[{"taxonomy":"product_brand","embeddable":true,"href":"https:\/\/www.relationsdevoyages.com\/fr\/wp-json\/wp\/v2\/product_brand?post=3404"},{"taxonomy":"product_cat","embeddable":true,"href":"https:\/\/www.relationsdevoyages.com\/fr\/wp-json\/wp\/v2\/product_cat?post=3404"},{"taxonomy":"product_tag","embeddable":true,"href":"https:\/\/www.relationsdevoyages.com\/fr\/wp-json\/wp\/v2\/product_tag?post=3404"}],"curies":[{"name":"wp","href":"https:\/\/api.w.org\/{rel}","templated":true}]}}