{"id":3321,"date":"2023-10-08T05:39:10","date_gmt":"2023-10-08T05:39:10","guid":{"rendered":"https:\/\/www.relationsdevoyages.com\/?post_type=product&#038;p=3321"},"modified":"2026-04-06T08:38:33","modified_gmt":"2026-04-06T06:38:33","slug":"zaino-astypalea-1972","status":"publish","type":"product","link":"https:\/\/www.relationsdevoyages.com\/fr\/produit\/zaino-astypalea-1972\/","title":{"rendered":"Zaino Astypalea.1972"},"content":{"rendered":"<p>&nbsp;<\/p>\n<ul style=\"list-style-type: circle;\">\n<li><i>Ext\u00e9rieur:<\/i> grand voile recycl\u00e9<\/li>\n<li>logo veleria Cranfield &#8211; Essex 1972<\/li>\n<li>pochette (27x17cm)\u00a0 con cerniera staccabile<\/li>\n<li>Le sac se ferme avec deux drisses coulissantes<\/li>\n<li>poche ferm\u00e9e avec zip pour le smartphone<\/li>\n<li>\u0153illets  oxyd\u00e9s.<\/li>\n<li>manilles en acier<\/li>\n<li>anse en coton naturel recouverte de cuir cousue main<\/li>\n<li>spallacci \u00a0in gennaker riciclato con all&#8217;interno nastro di cotone<\/li>\n<li>anelli in acciaio per regolare la lunghezza spallotti<\/li>\n<li><em>Int\u00e9rieur :<\/em> foc recycl\u00e9<\/li>\n<li>poche ferm\u00e9e avec velcro (cm 42x20h.)<\/li>\n<li>misure cm \u00a047x23x39 altezza<\/li>\n<li>lavable \u00e0 30\u00b0  apr\u00e8s avoir retir\u00e9 l\u2019anse avec le cuir<\/li>\n<\/ul>\n<p>&nbsp;<\/p>\n<p>&nbsp;<\/p>\n<p><strong>Relations de Voyages\u00ae certifica che questo zaino \u00e8 completamente realizzato con una vela riciclata che \u00e9 stata lavata e pulita.\u00a0<\/strong><br \/>\n<strong>Chaque sac est unique.<\/strong><\/p>\n<p>Celui que vous choisissez en photo est celui que vous recevrez.<br \/>\nLes \u00e9ventuelles irr\u00e9gularit\u00e9s ne sont pas des d\u00e9fauts de fabrication mais des t\u00e9moignages du \u00ab v\u00e9cu \u00bb de la voile, qui rendent cet accessoire unique et authentiquement recycl\u00e9.<\/p>","protected":false},"excerpt":{"rendered":"<p>\u2013 Qui la croira \u00e0 son retour ?<\/p>\n<p>Enlev\u00e9e avec sa soeur Europe, l\u2019une par le c\u00e9l\u00e8bre dieu Pose\u00efdon, l\u2019autre par Zeus. la princesse ph\u00e9nicienne Astypalea fut abus\u00e9e, abandonn\u00e9e et p\u00e9trifi\u00e9e au beau milieu de la mer Eg\u00e9e.<\/p>\n<p>Sur leurs routes commerciales, des navigateurs cr\u00e9tois, grecs, romains, bysantins, ottomans se succ\u00e8dent sur l\u2019\u00eele en forme de papillon ; le riche V\u00e9nitien Querini y construit son ch\u00e2teau en haut de la colline, les arch\u00e9ologues et les voyageurs s\u2019y posent et cherchent des traces de son histoire, quelques touristes \u00e9gar\u00e9s aujourd\u2019hui viennent pointer leur passage sur leur \u00e9cran.<\/p>\n<p>Amie du vent Metelmi qui survole la mer, Astypaleae apprend alors \u00e0 souffler sur les pierres qui encombrent ses poumons et s\u2019en lib\u00e8re ; enfile un l\u00e9ger sac \u00e0 dos blanc en voile recycl\u00e9e d\u2019une de ces barques cousues (rhapta ploiaria) mouill\u00e9e dans la baie de Livadi, une paire de \u201csemelles de vent\u201d que lui volera plus tard Rimbaud avant de filer vers la mer rouge.<\/p>\n<p>Evitant d\u2019autres \u00e9cueils, Astypaleae poursuit sa course imaginaire.<\/p>\n<p>0821PLC<\/p>\n<p style=\"text-align: justify;\">","protected":false},"featured_media":3351,"comment_status":"closed","ping_status":"closed","template":"","meta":{"_seopress_robots_primary_cat":"none","_seopress_titles_title":"","_seopress_titles_desc":"","_seopress_robots_index":""},"product_brand":[153],"product_cat":[159],"product_tag":[],"class_list":{"0":"post-3321","1":"product","2":"type-product","3":"status-publish","4":"has-post-thumbnail","6":"product_brand-relations-de-voyages","7":"product_cat-modelli-speciali","9":"first","10":"outofstock","11":"sold-individually","12":"shipping-taxable","13":"product-type-simple"},"_links":{"self":[{"href":"https:\/\/www.relationsdevoyages.com\/fr\/wp-json\/wp\/v2\/product\/3321","targetHints":{"allow":["GET"]}}],"collection":[{"href":"https:\/\/www.relationsdevoyages.com\/fr\/wp-json\/wp\/v2\/product"}],"about":[{"href":"https:\/\/www.relationsdevoyages.com\/fr\/wp-json\/wp\/v2\/types\/product"}],"replies":[{"embeddable":true,"href":"https:\/\/www.relationsdevoyages.com\/fr\/wp-json\/wp\/v2\/comments?post=3321"}],"wp:featuredmedia":[{"embeddable":true,"href":"https:\/\/www.relationsdevoyages.com\/fr\/wp-json\/wp\/v2\/media\/3351"}],"wp:attachment":[{"href":"https:\/\/www.relationsdevoyages.com\/fr\/wp-json\/wp\/v2\/media?parent=3321"}],"wp:term":[{"taxonomy":"product_brand","embeddable":true,"href":"https:\/\/www.relationsdevoyages.com\/fr\/wp-json\/wp\/v2\/product_brand?post=3321"},{"taxonomy":"product_cat","embeddable":true,"href":"https:\/\/www.relationsdevoyages.com\/fr\/wp-json\/wp\/v2\/product_cat?post=3321"},{"taxonomy":"product_tag","embeddable":true,"href":"https:\/\/www.relationsdevoyages.com\/fr\/wp-json\/wp\/v2\/product_tag?post=3321"}],"curies":[{"name":"wp","href":"https:\/\/api.w.org\/{rel}","templated":true}]}}