{"id":3319,"date":"2025-10-10T11:08:10","date_gmt":"2025-10-10T09:08:10","guid":{"rendered":"https:\/\/www.relationsdevoyages.com\/?post_type=product&#038;p=3319"},"modified":"2025-11-23T15:51:46","modified_gmt":"2025-11-23T14:51:46","slug":"zainetto-unisex-vela-astypaleae-n","status":"publish","type":"product","link":"https:\/\/www.relationsdevoyages.com\/fr\/produit\/zainetto-unisex-vela-astypaleae-n\/","title":{"rendered":"Sac \u00e0 dos unisexe en voile recycl\u00e9e \u2013 Astypaleae.n \u2013 Relations de Voyages"},"content":{"rendered":"<p>Sac \u00e0 dos en voile, design nautique, mode durable.<\/p>\n<ul style=\"list-style-type: circle;\">\n<li><i>Ext\u00e9rieur:<\/i> genois recycl\u00e9<\/li>\n<li>pochette (21\u00d721 cm), amovible, avec zip<\/li>\n<li>Le sac se ferme avec deux drisses coulissantes<\/li>\n<li>poche ferm\u00e9e avec zip pour le smartphone<\/li>\n<li>\u0153illets  oxyd\u00e9s.<\/li>\n<li>manilles en acier<\/li>\n<li>anse en coton naturel recouverte de cuir cousue main<\/li>\n<li>bretelles en coton et voile recycl\u00e9<\/li>\n<li>anneaux pour r\u00e9glage des bretelles<\/li>\n<li><em>Int\u00e9rieur :<\/em> foc recycl\u00e9<\/li>\n<li>poche ferm\u00e9e avec velcro (cm 42x20h.)<\/li>\n<li>dimensions: cm 42x20x36 hauteur<\/li>\n<li>lavable \u00e0 30\u00b0  apr\u00e8s avoir retir\u00e9 l\u2019anse avec le cuir<\/li>\n<\/ul>\n<p>&nbsp;<\/p>\n<p>&nbsp;<\/p>\n<p><strong>Relations de voyages\u00ae certifie que ce sac est enti\u00e8rement r\u00e8alis\u00e9 avec une  voile recycl\u00e9e qui a \u00e9t\u00e9 lav\u00e9e de ses impuret\u00e9s .\u00a0<\/strong><br \/>\n<strong>Chaque sac est unique.<\/strong> Celui que vous choisissez en photo est celui que vous recevrez.<br \/>\nLes \u00e9ventuelles irr\u00e9gularit\u00e9s ne sont pas des d\u00e9fauts de fabrication mais des t\u00e9moignages du \u00ab v\u00e9cu \u00bb de la voile, qui rendent cet accessoire unique et authentiquement recycl\u00e9.<\/p>","protected":false},"excerpt":{"rendered":"<p>\u2013 Qui la croira \u00e0 son retour ?<\/p>\n<p>Enlev\u00e9e avec sa soeur Europe, l\u2019une par le c\u00e9l\u00e8bre dieu Pose\u00efdon, l\u2019autre par Zeus. la princesse ph\u00e9nicienne Astypalea fut abus\u00e9e, abandonn\u00e9e et p\u00e9trifi\u00e9e au beau milieu de la mer Eg\u00e9e.<\/p>\n<p>Sur leurs routes commerciales, des navigateurs cr\u00e9tois, grecs, romains, bysantins, ottomans se succ\u00e8dent sur l\u2019\u00eele en forme de papillon ; le riche V\u00e9nitien Querini y construit son ch\u00e2teau en haut de la colline, les arch\u00e9ologues et les voyageurs s\u2019y posent et cherchent des traces de son histoire, quelques touristes \u00e9gar\u00e9s aujourd\u2019hui viennent pointer leur passage sur leur \u00e9cran.<\/p>\n<p>Amie du vent Metelmi qui survole la mer, Astypaleae apprend alors \u00e0 souffler sur les pierres qui encombrent ses poumons et s\u2019en lib\u00e8re ; enfile un l\u00e9ger sac \u00e0 dos blanc en voile recycl\u00e9e d\u2019une de ces barques cousues (rhapta ploiaria) mouill\u00e9e dans la baie de Livadi, une paire de \u201csemelles de vent\u201d que lui volera plus tard Rimbaud avant de filer vers la mer rouge.<\/p>\n<p>Evitant d\u2019autres \u00e9cueils, Astypaleae poursuit sa course imaginaire.<\/p>\n<p>0821PLC<\/p>\n<p style=\"text-align: justify;\">","protected":false},"featured_media":3343,"comment_status":"closed","ping_status":"closed","template":"","meta":{"_seopress_robots_primary_cat":"none","_seopress_titles_title":"","_seopress_titles_desc":"","_seopress_robots_index":""},"product_brand":[153],"product_cat":[101],"product_tag":[],"class_list":{"0":"post-3319","1":"product","2":"type-product","3":"status-publish","4":"has-post-thumbnail","6":"product_brand-relations-de-voyages","7":"product_cat-zaini-astypaleae-vele","9":"first","10":"instock","11":"featured","12":"sold-individually","13":"shipping-taxable","14":"purchasable","15":"product-type-simple"},"_links":{"self":[{"href":"https:\/\/www.relationsdevoyages.com\/fr\/wp-json\/wp\/v2\/product\/3319","targetHints":{"allow":["GET"]}}],"collection":[{"href":"https:\/\/www.relationsdevoyages.com\/fr\/wp-json\/wp\/v2\/product"}],"about":[{"href":"https:\/\/www.relationsdevoyages.com\/fr\/wp-json\/wp\/v2\/types\/product"}],"replies":[{"embeddable":true,"href":"https:\/\/www.relationsdevoyages.com\/fr\/wp-json\/wp\/v2\/comments?post=3319"}],"wp:featuredmedia":[{"embeddable":true,"href":"https:\/\/www.relationsdevoyages.com\/fr\/wp-json\/wp\/v2\/media\/3343"}],"wp:attachment":[{"href":"https:\/\/www.relationsdevoyages.com\/fr\/wp-json\/wp\/v2\/media?parent=3319"}],"wp:term":[{"taxonomy":"product_brand","embeddable":true,"href":"https:\/\/www.relationsdevoyages.com\/fr\/wp-json\/wp\/v2\/product_brand?post=3319"},{"taxonomy":"product_cat","embeddable":true,"href":"https:\/\/www.relationsdevoyages.com\/fr\/wp-json\/wp\/v2\/product_cat?post=3319"},{"taxonomy":"product_tag","embeddable":true,"href":"https:\/\/www.relationsdevoyages.com\/fr\/wp-json\/wp\/v2\/product_tag?post=3319"}],"curies":[{"name":"wp","href":"https:\/\/api.w.org\/{rel}","templated":true}]}}