{"id":3318,"date":"2019-10-08T05:39:10","date_gmt":"2019-10-08T05:39:10","guid":{"rendered":"https:\/\/www.relationsdevoyages.com\/?post_type=product&#038;p=3318"},"modified":"2026-04-06T09:36:05","modified_gmt":"2026-04-06T07:36:05","slug":"ma-ratsey","status":"publish","type":"product","link":"https:\/\/www.relationsdevoyages.com\/fr\/produit\/ma-ratsey\/","title":{"rendered":"Matelot &#8211; sacca tradizionale del marinaio con logo veleria Ratsey &#038; Lapthorn"},"content":{"rendered":"<p>Pezzo unico venduto<\/p>\n<p><strong>Relations de Voyages\u00ae certifie que ce sac de marin est enti\u00e8rement r\u00e9alis\u00e9 avec un foc (1961) de la voilerie <a href=\"https:\/\/www.ratseyandlapthorn.com\">Ratsey &amp; Lapthorn<\/a> ( Cowes\/GB) del <a href=\"https:\/\/en.wikipedia.org\/wiki\/Vertue_(yacht)\">Vertue 3 Monie<\/a>\u00a0par l'architecte Lauren Giles construit en 1938 par les chantiers navals Berthons \u00e0 Lymington (GB) qui ont \u00e9t\u00e9 lav\u00e9s et nettoy\u00e9s.<\/strong>\u00a0<strong>Chaque sac est unique.<\/strong><br \/>\nLes \u00e9ventuelles irr\u00e9gularit\u00e9s ne sont pas des d\u00e9fauts de fabrication mais des t\u00e9moignages du \u00ab v\u00e9cu \u00bb de la voile, qui rendent cet accessoire unique et authentiquement recycl\u00e9.<\/p>","protected":false},"excerpt":{"rendered":"<ul style=\"list-style-type: circle;\">\n<li><em>Ext\u00e9rieur: <\/em>foc recycl\u00e9 du Vertue 3 Monie fabriqu\u00e9 par la voilerie Ratsey &amp; Lapthorn<\/li>\n<li>double \u00e9pissure sur le fond formant un anse<\/li>\n<li>anse avec n\u0153uds nautiques traditionnels fix\u00e9s au sac par six \u00e9pissures<\/li>\n<li>l\u2019anse s\u2019attache et se d\u00e9tache au bas du sac gr\u00e2ce \u00e0 la pomme de touline.<\/li>\n<li>cuir cousu main pour la protection de l'\u00e9paule<\/li>\n<li>bonet turc coulissant pour fermer le sac<\/li>\n<li><em>Int\u00e9rieur :<\/em><\/li>\n<li>\u00a0foc recycl\u00e9<\/li>\n<li>4 poches dont une ferm\u00e9e avec velcro<\/li>\n<li>dimensions: cm50x29 diam.<\/li>\n<\/ul>","protected":false},"featured_media":3336,"comment_status":"closed","ping_status":"closed","template":"","meta":{"_seopress_robots_primary_cat":"none","_seopress_titles_title":"","_seopress_titles_desc":"","_seopress_robots_index":""},"product_brand":[153],"product_cat":[159],"product_tag":[],"class_list":{"0":"post-3318","1":"product","2":"type-product","3":"status-publish","4":"has-post-thumbnail","6":"product_brand-relations-de-voyages","7":"product_cat-modelli-speciali","9":"first","10":"outofstock","11":"sold-individually","12":"shipping-taxable","13":"product-type-simple"},"_links":{"self":[{"href":"https:\/\/www.relationsdevoyages.com\/fr\/wp-json\/wp\/v2\/product\/3318","targetHints":{"allow":["GET"]}}],"collection":[{"href":"https:\/\/www.relationsdevoyages.com\/fr\/wp-json\/wp\/v2\/product"}],"about":[{"href":"https:\/\/www.relationsdevoyages.com\/fr\/wp-json\/wp\/v2\/types\/product"}],"replies":[{"embeddable":true,"href":"https:\/\/www.relationsdevoyages.com\/fr\/wp-json\/wp\/v2\/comments?post=3318"}],"wp:featuredmedia":[{"embeddable":true,"href":"https:\/\/www.relationsdevoyages.com\/fr\/wp-json\/wp\/v2\/media\/3336"}],"wp:attachment":[{"href":"https:\/\/www.relationsdevoyages.com\/fr\/wp-json\/wp\/v2\/media?parent=3318"}],"wp:term":[{"taxonomy":"product_brand","embeddable":true,"href":"https:\/\/www.relationsdevoyages.com\/fr\/wp-json\/wp\/v2\/product_brand?post=3318"},{"taxonomy":"product_cat","embeddable":true,"href":"https:\/\/www.relationsdevoyages.com\/fr\/wp-json\/wp\/v2\/product_cat?post=3318"},{"taxonomy":"product_tag","embeddable":true,"href":"https:\/\/www.relationsdevoyages.com\/fr\/wp-json\/wp\/v2\/product_tag?post=3318"}],"curies":[{"name":"wp","href":"https:\/\/api.w.org\/{rel}","templated":true}]}}