{"id":3317,"date":"2018-10-26T05:39:10","date_gmt":"2018-10-26T05:39:10","guid":{"rendered":"https:\/\/www.relationsdevoyages.com\/?post_type=product&#038;p=3317"},"modified":"2025-07-27T22:59:29","modified_gmt":"2025-07-27T20:59:29","slug":"matelot-piccolo","status":"publish","type":"product","link":"https:\/\/www.relationsdevoyages.com\/fr\/produit\/matelot-piccolo\/","title":{"rendered":"Matelot Piccolo"},"content":{"rendered":"<p><strong>Relations de voyages\u00ae certifie que ce sac de marin est enti\u00e8rement r\u00e8alis\u00e9 avec une  voile recycl\u00e9e qui a \u00e9t\u00e9 lav\u00e9e de ses impuret\u00e9s .<\/strong><br \/>\n<strong>Chaque sac est unique.<\/strong><br \/>\nLes \u00e9ventuelles irr\u00e9gularit\u00e9s ne sont pas des d\u00e9fauts de fabrication mais des t\u00e9moignages du \u00ab v\u00e9cu \u00bb de la voile, qui rendent cet accessoire unique et authentiquement recycl\u00e9.<\/p>\n<p>&nbsp;<\/p>","protected":false},"excerpt":{"rendered":"<ul style=\"list-style-type: circle;\">\n<li><em>Ext\u00e9rieur:<\/em>genois recycl\u00e9<\/li>\n<li>double \u00e9pissure sur le fond formant un anse<\/li>\n<li>anse avec n\u0153uds nautiques traditionnels fix\u00e9s au sac par quatre \u00e9pissures<\/li>\n<li>l\u2019anse s\u2019attache et se d\u00e9tache au bas du sac gr\u00e2ce \u00e0 la pomme de touline.<\/li>\n<li>fermeture coulissante en spikkaer recycl\u00e9\u00e9 avec drisse en coton<\/li>\n<li><em>Int\u00e9rieur :<\/em><\/li>\n<li>\u00a0foc recycl\u00e9<\/li>\n<li>poche ferm\u00e9e avec velcro<\/li>\n<li>dimensions: cm 29\u00d716 diam.<\/li>\n<\/ul>","protected":false},"featured_media":3329,"comment_status":"closed","ping_status":"closed","template":"","meta":{"_seopress_robots_primary_cat":"none","_seopress_titles_title":"","_seopress_titles_desc":"","_seopress_robots_index":""},"product_brand":[153],"product_cat":[100],"product_tag":[],"class_list":{"0":"post-3317","1":"product","2":"type-product","3":"status-publish","4":"has-post-thumbnail","6":"product_brand-relations-de-voyages","7":"product_cat-matelot","9":"first","10":"outofstock","11":"sold-individually","12":"shipping-taxable","13":"purchasable","14":"product-type-simple"},"_links":{"self":[{"href":"https:\/\/www.relationsdevoyages.com\/fr\/wp-json\/wp\/v2\/product\/3317","targetHints":{"allow":["GET"]}}],"collection":[{"href":"https:\/\/www.relationsdevoyages.com\/fr\/wp-json\/wp\/v2\/product"}],"about":[{"href":"https:\/\/www.relationsdevoyages.com\/fr\/wp-json\/wp\/v2\/types\/product"}],"replies":[{"embeddable":true,"href":"https:\/\/www.relationsdevoyages.com\/fr\/wp-json\/wp\/v2\/comments?post=3317"}],"wp:featuredmedia":[{"embeddable":true,"href":"https:\/\/www.relationsdevoyages.com\/fr\/wp-json\/wp\/v2\/media\/3329"}],"wp:attachment":[{"href":"https:\/\/www.relationsdevoyages.com\/fr\/wp-json\/wp\/v2\/media?parent=3317"}],"wp:term":[{"taxonomy":"product_brand","embeddable":true,"href":"https:\/\/www.relationsdevoyages.com\/fr\/wp-json\/wp\/v2\/product_brand?post=3317"},{"taxonomy":"product_cat","embeddable":true,"href":"https:\/\/www.relationsdevoyages.com\/fr\/wp-json\/wp\/v2\/product_cat?post=3317"},{"taxonomy":"product_tag","embeddable":true,"href":"https:\/\/www.relationsdevoyages.com\/fr\/wp-json\/wp\/v2\/product_tag?post=3317"}],"curies":[{"name":"wp","href":"https:\/\/api.w.org\/{rel}","templated":true}]}}