{"id":3316,"date":"2022-06-22T05:39:10","date_gmt":"2022-06-22T05:39:10","guid":{"rendered":"https:\/\/www.relationsdevoyages.com\/?post_type=product&#038;p=3316"},"modified":"2026-02-20T14:35:25","modified_gmt":"2026-02-20T13:35:25","slug":"ma-gg","status":"publish","type":"product","link":"https:\/\/www.relationsdevoyages.com\/fr\/produit\/ma-gg\/","title":{"rendered":"Sac Matelot en voile recycl\u00e9e \u2013 Relations de Voyages"},"content":{"rendered":"<p>Pourquoi ce sac s\u2019appelle <em>Matelot<\/em> \u2013 <a style=\"color: green;\" href=\"https:\/\/wa.me\/393513650242?text=Bonjour+j\u2019aimerais+en+savoir+plus+sur+le+sac+Matelot\">Vous voulez en savoir plus ? \u00c9crivez-nous sur WhatsApp<\/a><\/p>\n<p data-start=\"213\" data-end=\"260\">Le Matelot \u2013 le sac traditionnel des marins en voile recycl\u00e9<\/p>\n<p data-start=\"652\" data-end=\"994\">Le <em data-start=\"1026\" data-end=\"1035\">Matelot<\/em> est n\u00e9 de la mer : l\u2019iconique sac des marins, symbole de libert\u00e9 et d\u2019aventure.<br data-start=\"1147\" data-end=\"1150\" \/>R\u00e9interpr\u00e9t\u00e9 par <em data-start=\"1164\" data-end=\"1186\">Relations de voyages<\/em> depuis 1995 il conserve l\u2019esprit d\u2019origine : <strong data-start=\"1237\" data-end=\"1373\">fabriqu\u00e9 artisanalement dans l\u2019atelier de Carrara avec des voiles recycl\u00e9es, une corde de coton torsad\u00e9e et des accessoires nautiques de qualit\u00e9.<\/strong>.<br data-start=\"1374\" data-end=\"1377\" \/>Orn\u00e9 de n\u0153uds marins, il est robuste, r\u00e9sistant et inimitable : un v\u00e9ritable compagnon de voyage, en mer comme en ville.<\/p>\n<p><strong>Relations de voyages\u00ae certifie que ce sac de marin \"matelot\" est enti\u00e8rement r\u00e8alis\u00e9 avec une  voile recycl\u00e9e qui a \u00e9t\u00e9 lav\u00e9e de ses impuret\u00e9s .<\/strong><br \/>\n<strong>Chaque sac est unique.<\/strong><br \/>\nLes \u00e9ventuelles irr\u00e9gularit\u00e9s ne sont pas des d\u00e9fauts de fabrication mais des t\u00e9moignages du \u00ab v\u00e9cu \u00bb de la voile, qui rendent cet accessoire unique et authentiquement recycl\u00e9.<\/p>\n<p>&nbsp;<\/p>","protected":false},"excerpt":{"rendered":"<p>Sac iconique des marins pour homme et femme,  fabriqu\u00e9 \u00e0 la main en voile recycl\u00e9e. Unique, robuste, avec n\u0153uds marins. Pi\u00e8ce artisanale authentique.<\/p>\n<ul style=\"list-style-type: circle;\">\n<li><em>Ext\u00e9rieur:<\/em>genois recycl\u00e9<\/li>\n<li>double \u00e9pissure sur le fond formant un anse<\/li>\n<li>anse amovible coton cuir cousu main<\/li>\n<li>anse de gabier fix\u00e9e (voir photo) avec 6 \u00e9pissures fix\u00e9e au sac par des manilles en acier<\/li>\n<li>l\u2019anse s\u2019attache et se d\u00e9tache au bas du sac gr\u00e2ce \u00e0 la pomme de touline.<\/li>\n<li>cuir sur l\u2019anse en coton pour proteger l\u2019epaule<\/li>\n<li><em>Int\u00e9rieur :<\/em><\/li>\n<li>fermeture coulissante en spinnaker avec drisse en coton<\/li>\n<li>foc recycl\u00e9<\/li>\n<li>4 tasche (20x21cm) una chiusa con velcro<\/li>\n<li>dimensions: 29\u00d746 cm<\/li>\n<li>lavable \u00e0 30\u00b0 , lavable \u00e0 30\u00b0, retirer l'anse a bandouli\u00e8re avec les noeuds et l'anse \u00e0 main.<\/li>\n<\/ul>","protected":false},"featured_media":3322,"comment_status":"closed","ping_status":"closed","template":"","meta":{"_seopress_robots_primary_cat":"none","_seopress_titles_title":"Il Matelot sacca tradizionale del marinaio","_seopress_titles_desc":"ll Matelot, l\u2019iconica sacca del marinaio in vela riciclata. Unica, artigianale, cucita a mano a Carrara. Scopri la tradizione marinara.","_seopress_robots_index":""},"product_brand":[153],"product_cat":[100],"product_tag":[],"class_list":{"0":"post-3316","1":"product","2":"type-product","3":"status-publish","4":"has-post-thumbnail","6":"product_brand-relations-de-voyages","7":"product_cat-matelot","9":"first","10":"instock","11":"sold-individually","12":"shipping-taxable","13":"purchasable","14":"product-type-simple"},"_links":{"self":[{"href":"https:\/\/www.relationsdevoyages.com\/fr\/wp-json\/wp\/v2\/product\/3316","targetHints":{"allow":["GET"]}}],"collection":[{"href":"https:\/\/www.relationsdevoyages.com\/fr\/wp-json\/wp\/v2\/product"}],"about":[{"href":"https:\/\/www.relationsdevoyages.com\/fr\/wp-json\/wp\/v2\/types\/product"}],"replies":[{"embeddable":true,"href":"https:\/\/www.relationsdevoyages.com\/fr\/wp-json\/wp\/v2\/comments?post=3316"}],"wp:featuredmedia":[{"embeddable":true,"href":"https:\/\/www.relationsdevoyages.com\/fr\/wp-json\/wp\/v2\/media\/3322"}],"wp:attachment":[{"href":"https:\/\/www.relationsdevoyages.com\/fr\/wp-json\/wp\/v2\/media?parent=3316"}],"wp:term":[{"taxonomy":"product_brand","embeddable":true,"href":"https:\/\/www.relationsdevoyages.com\/fr\/wp-json\/wp\/v2\/product_brand?post=3316"},{"taxonomy":"product_cat","embeddable":true,"href":"https:\/\/www.relationsdevoyages.com\/fr\/wp-json\/wp\/v2\/product_cat?post=3316"},{"taxonomy":"product_tag","embeddable":true,"href":"https:\/\/www.relationsdevoyages.com\/fr\/wp-json\/wp\/v2\/product_tag?post=3316"}],"curies":[{"name":"wp","href":"https:\/\/api.w.org\/{rel}","templated":true}]}}