{"id":3273,"date":"2026-03-27T13:04:04","date_gmt":"2026-03-27T12:04:04","guid":{"rendered":"https:\/\/www.relationsdevoyages.com\/?post_type=product&#038;p=3273"},"modified":"2026-03-28T08:52:11","modified_gmt":"2026-03-28T07:52:11","slug":"endurance-tote-bag-bianca-manici-neri","status":"publish","type":"product","link":"https:\/\/www.relationsdevoyages.com\/fr\/produit\/endurance-tote-bag-bianca-manici-neri\/","title":{"rendered":"Endurance - tote bag blanc - anses noires"},"content":{"rendered":"<p><strong>La voile utilis\u00e9e pour ce sac conserve les traces \u00e9videntes des sorties en mer et du temps, tout en conservant ses qualit\u00e9s de r\u00e9sistance. Les irr\u00e9gularit\u00e9s ne sont pas des d\u00e9fauts de fabrication ; l\u2019aspect usag\u00e9 de la voile rend ce sac unique et v\u00e9ritablement recycl\u00e9.\nRelations de voyages\u00ae certifie que ce sac est enti\u00e8rement r\u00e9alis\u00e9 avec une voile de bateau recycl\u00e9e qui a \u00e9t\u00e9 lav\u00e9e de ses impuret\u00e9s.<\/strong><\/p>\n<p class=\"translation-block\">Chaque sac est unique. Celui que vous choisissez en photo est celui que vous recevrez.<\/p>","protected":false},"excerpt":{"rendered":"<ul style=\"list-style-type: circle;\">\n<li>genois recycl\u00e9<\/li>\n<li>poche ext\u00e9rieur (27x30cm)<\/li>\n<li>\u0153illets  oxyd\u00e9s.<\/li>\n<li>deux anses en cuir cousu main, fix\u00e9es aux poches avec des manilles<\/li>\n<li>bandouli\u00e8re de voile fix\u00e9e avec manille et mousqueton d'origine oxyd\u00e9<\/li>\n<li>poche int\u00e9rieure (27x30 cm) ferm\u00e9e par une fermeture \u00e9clair<\/li>\n<li>fond renforc\u00e9 avec un voile en kevlar<\/li>\n<li>cosses en acier<\/li>\n<li>lavable \u00e0 30\u00b0  apr\u00e8s avoir retir\u00e9 l\u2019anse avec le cuir<\/li>\n<li>dimensions: 50x16x44cm<\/li>\n<\/ul>","protected":false},"featured_media":45018,"comment_status":"closed","ping_status":"closed","template":"","meta":{"_seopress_robots_primary_cat":"none","_seopress_titles_title":"Endurance - tote bag bianca - manici neri","_seopress_titles_desc":"Endurance - tote bag bianca - manici neri, tracolla in vela. tasca interna chiusa con zip","_seopress_robots_index":""},"product_brand":[153],"product_cat":[96],"product_tag":[98],"class_list":{"0":"post-3273","1":"product","2":"type-product","3":"status-publish","4":"has-post-thumbnail","6":"product_brand-relations-de-voyages","7":"product_cat-shackelton-endurance","8":"product_tag-moschettone-di-bronzo-ossidato","10":"first","11":"instock","12":"featured","13":"sold-individually","14":"shipping-taxable","15":"purchasable","16":"product-type-simple"},"_links":{"self":[{"href":"https:\/\/www.relationsdevoyages.com\/fr\/wp-json\/wp\/v2\/product\/3273","targetHints":{"allow":["GET"]}}],"collection":[{"href":"https:\/\/www.relationsdevoyages.com\/fr\/wp-json\/wp\/v2\/product"}],"about":[{"href":"https:\/\/www.relationsdevoyages.com\/fr\/wp-json\/wp\/v2\/types\/product"}],"replies":[{"embeddable":true,"href":"https:\/\/www.relationsdevoyages.com\/fr\/wp-json\/wp\/v2\/comments?post=3273"}],"wp:featuredmedia":[{"embeddable":true,"href":"https:\/\/www.relationsdevoyages.com\/fr\/wp-json\/wp\/v2\/media\/45018"}],"wp:attachment":[{"href":"https:\/\/www.relationsdevoyages.com\/fr\/wp-json\/wp\/v2\/media?parent=3273"}],"wp:term":[{"taxonomy":"product_brand","embeddable":true,"href":"https:\/\/www.relationsdevoyages.com\/fr\/wp-json\/wp\/v2\/product_brand?post=3273"},{"taxonomy":"product_cat","embeddable":true,"href":"https:\/\/www.relationsdevoyages.com\/fr\/wp-json\/wp\/v2\/product_cat?post=3273"},{"taxonomy":"product_tag","embeddable":true,"href":"https:\/\/www.relationsdevoyages.com\/fr\/wp-json\/wp\/v2\/product_tag?post=3273"}],"curies":[{"name":"wp","href":"https:\/\/api.w.org\/{rel}","templated":true}]}}