{"id":3268,"date":"2016-10-31T13:04:03","date_gmt":"2016-10-31T13:04:03","guid":{"rendered":"https:\/\/www.relationsdevoyages.com\/?post_type=product&#038;p=3268"},"modified":"2026-04-06T10:00:01","modified_gmt":"2026-04-06T08:00:01","slug":"aa-bam-2","status":"publish","type":"product","link":"https:\/\/www.relationsdevoyages.com\/fr\/produit\/aa-bam-2\/","title":{"rendered":"Bauletto in vela tanbark del trawler Provident &#8211; dettagli originali della vela"},"content":{"rendered":"<p>Pezzo unico venduto<\/p>\n<p><strong>Relations de Voyages\u00ae certifica che questa borsa \u00e8 completamente realizzata con una vela riciclata del trawler inglese Provident basato a Salcombe (Cornovaglia) che \u00e9 stata lavata e pulita. Dettagli e riaparazioni originali della vela<\/strong><\/p>\n<p><strong>Chaque sac est unique.<\/strong> Celui que vous choisissez en photo est celui que vous recevrez.<br \/>\nLes \u00e9ventuelles irr\u00e9gularit\u00e9s ne sont pas des d\u00e9fauts de fabrication mais des t\u00e9moignages du \u00ab v\u00e9cu \u00bb de la voile, qui rendent cet accessoire unique et authentiquement recycl\u00e9.<\/p>","protected":false},"excerpt":{"rendered":"<p><i>Ext\u00e9rieur:<\/i> randa\u00a0riciclata colore tan bark. Due \u00a0tasche esterne (37&#215;25). Occhielli ossidati. Due manici di cotone con impiombatura ricoperti di cuoio cucito a mano, fissati con dei grilli omega alle tasche. La borsa si chiude con una cerniera lampo metallica libera. Tracolla fatta con le vele usate, fissata alla borsa con dei grilli omega. Rinforzi in pelle \u00a0nei quattro angoli del fondo.<\/p>\n<p><em>Int\u00e9rieur :<\/em>\u00a0fiocco leggero riciclato. Due tasche (37&#215;23), una chiusa con il velcro<\/p>\n<p>dimensions:37x18x30cm<\/p>","protected":false},"featured_media":3170,"comment_status":"closed","ping_status":"closed","template":"","meta":{"_seopress_robots_primary_cat":"none","_seopress_titles_title":"","_seopress_titles_desc":"","_seopress_robots_index":""},"product_brand":[153],"product_cat":[159],"product_tag":[],"class_list":{"0":"post-3268","1":"product","2":"type-product","3":"status-publish","4":"has-post-thumbnail","6":"product_brand-relations-de-voyages","7":"product_cat-modelli-speciali","9":"first","10":"outofstock","11":"shipping-taxable","12":"product-type-simple"},"_links":{"self":[{"href":"https:\/\/www.relationsdevoyages.com\/fr\/wp-json\/wp\/v2\/product\/3268","targetHints":{"allow":["GET"]}}],"collection":[{"href":"https:\/\/www.relationsdevoyages.com\/fr\/wp-json\/wp\/v2\/product"}],"about":[{"href":"https:\/\/www.relationsdevoyages.com\/fr\/wp-json\/wp\/v2\/types\/product"}],"replies":[{"embeddable":true,"href":"https:\/\/www.relationsdevoyages.com\/fr\/wp-json\/wp\/v2\/comments?post=3268"}],"wp:featuredmedia":[{"embeddable":true,"href":"https:\/\/www.relationsdevoyages.com\/fr\/wp-json\/wp\/v2\/media\/3170"}],"wp:attachment":[{"href":"https:\/\/www.relationsdevoyages.com\/fr\/wp-json\/wp\/v2\/media?parent=3268"}],"wp:term":[{"taxonomy":"product_brand","embeddable":true,"href":"https:\/\/www.relationsdevoyages.com\/fr\/wp-json\/wp\/v2\/product_brand?post=3268"},{"taxonomy":"product_cat","embeddable":true,"href":"https:\/\/www.relationsdevoyages.com\/fr\/wp-json\/wp\/v2\/product_cat?post=3268"},{"taxonomy":"product_tag","embeddable":true,"href":"https:\/\/www.relationsdevoyages.com\/fr\/wp-json\/wp\/v2\/product_tag?post=3268"}],"curies":[{"name":"wp","href":"https:\/\/api.w.org\/{rel}","templated":true}]}}