{"id":3159,"date":"2025-10-03T13:56:28","date_gmt":"2025-10-03T11:56:28","guid":{"rendered":"https:\/\/www.relationsdevoyages.com\/?post_type=product&#038;p=3159"},"modified":"2026-03-27T15:31:52","modified_gmt":"2026-03-27T14:31:52","slug":"conchiglia-tonnerre-s","status":"publish","type":"product","link":"https:\/\/www.relationsdevoyages.com\/fr\/produit\/conchiglia-tonnerre-s\/","title":{"rendered":"Conchiglia S \u2013 sac seau en voile tanbark Tonnerre"},"content":{"rendered":"<p><strong>Relations de Voyages\u00ae certifie que ce sac est enti\u00e8rement r\u00e9alis\u00e9 avec un genois  de la voilerie Tonnerre (Lorient)<\/strong><\/p>\n<p>Chaque sac est unique. Celui que vous choisissez en photo est celui que vous recevrez.<br \/>\nLes \u00e9ventuelles irr\u00e9gularit\u00e9s ne sont pas des d\u00e9fauts de fabrication mais des t\u00e9moignages du \u00ab v\u00e9cu \u00bb de la voile, qui rendent cet accessoire unique et authentiquement recycl\u00e9.<\/p>","protected":false},"excerpt":{"rendered":"<p>&nbsp;<\/p>\n<ul style=\"list-style-type: circle;\">\n<li><em>Ext\u00e9rieur<\/em>genois recycl\u00e9 de la voilerie Tonnerre (Lorient-Finist\u00e9re)<\/li>\n<li>logo voilerie Tonnerre<\/li>\n<li>anses en cuir cousu main, fix\u00e9es aux poches avec des manilles<\/li>\n<li>bandouliere en voile<\/li>\n<li>Le sac se ferme avec deux drisses coulissantes<\/li>\n<li>r\u00e9paration  d'origine sur la voile<\/li>\n<li><em>Int\u00e9rieur :<\/em> foc recycl\u00e9<\/li>\n<li>\u00a0poche ferm\u00e9e avec velcro (14x25cm)<\/li>\n<li>dimensions: 25x13x23cm<\/li>\n<li>lavable \u00e0 30\u00b0<\/li>\n<\/ul>","protected":false},"featured_media":44740,"comment_status":"closed","ping_status":"closed","template":"","meta":{"_seopress_robots_primary_cat":"none","_seopress_titles_title":"secchiello vela tanbark","_seopress_titles_desc":"secchiello realizzato in vela tanbark della veleria Tonnerre (Lorient)","_seopress_robots_index":""},"product_brand":[153],"product_cat":[83,93],"product_tag":[67],"class_list":{"0":"post-3159","1":"product","2":"type-product","3":"status-publish","4":"has-post-thumbnail","6":"product_brand-relations-de-voyages","7":"product_cat-conchiglia-s","8":"product_cat-vele-tan-bark","9":"product_tag-vela-marrone-tan-bark","11":"first","12":"instock","13":"sold-individually","14":"shipping-taxable","15":"purchasable","16":"product-type-simple"},"_links":{"self":[{"href":"https:\/\/www.relationsdevoyages.com\/fr\/wp-json\/wp\/v2\/product\/3159","targetHints":{"allow":["GET"]}}],"collection":[{"href":"https:\/\/www.relationsdevoyages.com\/fr\/wp-json\/wp\/v2\/product"}],"about":[{"href":"https:\/\/www.relationsdevoyages.com\/fr\/wp-json\/wp\/v2\/types\/product"}],"replies":[{"embeddable":true,"href":"https:\/\/www.relationsdevoyages.com\/fr\/wp-json\/wp\/v2\/comments?post=3159"}],"wp:featuredmedia":[{"embeddable":true,"href":"https:\/\/www.relationsdevoyages.com\/fr\/wp-json\/wp\/v2\/media\/44740"}],"wp:attachment":[{"href":"https:\/\/www.relationsdevoyages.com\/fr\/wp-json\/wp\/v2\/media?parent=3159"}],"wp:term":[{"taxonomy":"product_brand","embeddable":true,"href":"https:\/\/www.relationsdevoyages.com\/fr\/wp-json\/wp\/v2\/product_brand?post=3159"},{"taxonomy":"product_cat","embeddable":true,"href":"https:\/\/www.relationsdevoyages.com\/fr\/wp-json\/wp\/v2\/product_cat?post=3159"},{"taxonomy":"product_tag","embeddable":true,"href":"https:\/\/www.relationsdevoyages.com\/fr\/wp-json\/wp\/v2\/product_tag?post=3159"}],"curies":[{"name":"wp","href":"https:\/\/api.w.org\/{rel}","templated":true}]}}