{"id":3158,"date":"2023-08-15T14:46:28","date_gmt":"2023-08-15T14:46:28","guid":{"rendered":"https:\/\/www.relationsdevoyages.com\/?post_type=product&#038;p=3158"},"modified":"2026-04-06T09:20:03","modified_gmt":"2026-04-06T07:20:03","slug":"sha-kilkea-agneta-b","status":"publish","type":"product","link":"https:\/\/www.relationsdevoyages.com\/fr\/produit\/sha-kilkea-agneta-b\/","title":{"rendered":"Tote kilkea &#8211; vela tanbark yawl Agneta"},"content":{"rendered":"<p><strong>Questa borsa \u00e9 realizzata con una randa di mezzana dello <a href=\"https:\/\/www.sandemanyachtcompany.co.uk\/yacht\/275\/Knud-Reimers-82-ft-Yawl-1950\">Yawl Agneta<\/a> (Stoccolma 1950) . Eventuali irregolarit\u00e0 non sono un difetto di fabbricazione ma l&#8217;aspetto vissuto della vela , che rendono questa borsa unica e veramente riciclata.<\/strong><\/p>\n<p>Relations de voyages\u00ae certifie que ce sac est enti\u00e8rement r\u00e8alis\u00e9 avec une  voile recycl\u00e9e qui a \u00e9t\u00e9 lav\u00e9e de ses impuret\u00e9s .<br \/>\nChaque sac est unique. Celui que vous choisissez en photo est celui que vous recevrez.<\/p>","protected":false},"excerpt":{"rendered":"<ul style=\"list-style-type: circle;\">\n<li>\u00a0Esterno: randa di mezzana dello Yawl Agneta (Stoccolma 1950)<\/li>\n<li>\u0153illets  oxyd\u00e9s.<\/li>\n<li>deux anses en cuir cousu main, fix\u00e9es avec des manilles en acier<\/li>\n<li>bandouli\u00e8re en voile r\u00e9glable et amovible<\/li>\n<li>cosses en acier<\/li>\n<li><em>Int\u00e9rieur :\u00a0<\/em>spinnaker recycl\u00e9<\/li>\n<li>chiusura in spinnaker con cordini di cuoio scorrevoli<\/li>\n<li>poche (38x20cm) ferm\u00e9e avec velcro<\/li>\n<li>lavable \u00e0 30\u00b0  apr\u00e8s avoir retir\u00e9 l\u2019anse avec le cuir<\/li>\n<li>Misure: 37x17x33 cm<\/li>\n<\/ul>","protected":false},"featured_media":3216,"comment_status":"closed","ping_status":"closed","template":"","meta":{"_seopress_robots_primary_cat":"none","_seopress_titles_title":"","_seopress_titles_desc":"","_seopress_robots_index":""},"product_brand":[153],"product_cat":[159],"product_tag":[],"class_list":{"0":"post-3158","1":"product","2":"type-product","3":"status-publish","4":"has-post-thumbnail","6":"product_brand-relations-de-voyages","7":"product_cat-modelli-speciali","9":"first","10":"outofstock","11":"shipping-taxable","12":"product-type-simple"},"_links":{"self":[{"href":"https:\/\/www.relationsdevoyages.com\/fr\/wp-json\/wp\/v2\/product\/3158","targetHints":{"allow":["GET"]}}],"collection":[{"href":"https:\/\/www.relationsdevoyages.com\/fr\/wp-json\/wp\/v2\/product"}],"about":[{"href":"https:\/\/www.relationsdevoyages.com\/fr\/wp-json\/wp\/v2\/types\/product"}],"replies":[{"embeddable":true,"href":"https:\/\/www.relationsdevoyages.com\/fr\/wp-json\/wp\/v2\/comments?post=3158"}],"wp:featuredmedia":[{"embeddable":true,"href":"https:\/\/www.relationsdevoyages.com\/fr\/wp-json\/wp\/v2\/media\/3216"}],"wp:attachment":[{"href":"https:\/\/www.relationsdevoyages.com\/fr\/wp-json\/wp\/v2\/media?parent=3158"}],"wp:term":[{"taxonomy":"product_brand","embeddable":true,"href":"https:\/\/www.relationsdevoyages.com\/fr\/wp-json\/wp\/v2\/product_brand?post=3158"},{"taxonomy":"product_cat","embeddable":true,"href":"https:\/\/www.relationsdevoyages.com\/fr\/wp-json\/wp\/v2\/product_cat?post=3158"},{"taxonomy":"product_tag","embeddable":true,"href":"https:\/\/www.relationsdevoyages.com\/fr\/wp-json\/wp\/v2\/product_tag?post=3158"}],"curies":[{"name":"wp","href":"https:\/\/api.w.org\/{rel}","templated":true}]}}