{"id":3153,"date":"2023-05-14T14:46:28","date_gmt":"2023-05-14T14:46:28","guid":{"rendered":"https:\/\/www.relationsdevoyages.com\/?post_type=product&#038;p=3153"},"modified":"2026-04-05T16:24:16","modified_gmt":"2026-04-05T14:24:16","slug":"borsa-da-giardino-agneta","status":"publish","type":"product","link":"https:\/\/www.relationsdevoyages.com\/fr\/produit\/borsa-da-giardino-agneta\/","title":{"rendered":"Borsa da giardino.Agneta."},"content":{"rendered":"<p>&nbsp;<\/p>\n<p><strong>Relations de Voyages\u00ae certifica che questa borsa da giardino \u00e8 completamente realizzata \u00a0con una vela \u00a0riciclata dello yawl <a href=\"http:\/\/www.sandemanyachtcompany.co.uk\/details\/459\/Knud-Reimers-82-ft-Yawl-1950\/yacht-for-sale\/\" target=\"_blank\" rel=\"noopener noreferrer\">Agneta<\/a>\u00a0.<\/strong><\/p>\n<p>Les \u00e9ventuelles irr\u00e9gularit\u00e9s ne sont pas des d\u00e9fauts de fabrication mais des t\u00e9moignages du \u00ab v\u00e9cu \u00bb de la voile, qui rendent cet accessoire unique et authentiquement recycl\u00e9.<\/p>\n<p>&nbsp;<\/p>","protected":false},"excerpt":{"rendered":"<ul style=\"list-style-type: circle;\">\n<li>mezzana tan bark riciclata dello yawl Agneta<\/li>\n<li>cinque tasche esterne con soffietto<\/li>\n<li>manico (staccabile) con cordini di cuoio rivestito di pelle<\/li>\n<li>manilles en acier<\/li>\n<li>\u0153illets  oxyd\u00e9s.<\/li>\n<li>cinque tasche interne<\/li>\n<li>rinforzo in vela di kevlar<\/li>\n<li>misure: diametro 33cm altezza 29cm<\/li>\n<li>Lavabile a mano in acqua calda o in lavatrice a 40\u00b0 ( togliere il manico prima del lavaggio)<\/li>\n<\/ul>\n<p>&nbsp;<\/p>","protected":false},"featured_media":3189,"comment_status":"closed","ping_status":"closed","template":"","meta":{"_seopress_robots_primary_cat":"none","_seopress_titles_title":"","_seopress_titles_desc":"","_seopress_robots_index":""},"product_brand":[153],"product_cat":[159],"product_tag":[],"class_list":{"0":"post-3153","1":"product","2":"type-product","3":"status-publish","4":"has-post-thumbnail","6":"product_brand-relations-de-voyages","7":"product_cat-modelli-speciali","9":"first","10":"outofstock","11":"shipping-taxable","12":"product-type-simple"},"_links":{"self":[{"href":"https:\/\/www.relationsdevoyages.com\/fr\/wp-json\/wp\/v2\/product\/3153","targetHints":{"allow":["GET"]}}],"collection":[{"href":"https:\/\/www.relationsdevoyages.com\/fr\/wp-json\/wp\/v2\/product"}],"about":[{"href":"https:\/\/www.relationsdevoyages.com\/fr\/wp-json\/wp\/v2\/types\/product"}],"replies":[{"embeddable":true,"href":"https:\/\/www.relationsdevoyages.com\/fr\/wp-json\/wp\/v2\/comments?post=3153"}],"wp:featuredmedia":[{"embeddable":true,"href":"https:\/\/www.relationsdevoyages.com\/fr\/wp-json\/wp\/v2\/media\/3189"}],"wp:attachment":[{"href":"https:\/\/www.relationsdevoyages.com\/fr\/wp-json\/wp\/v2\/media?parent=3153"}],"wp:term":[{"taxonomy":"product_brand","embeddable":true,"href":"https:\/\/www.relationsdevoyages.com\/fr\/wp-json\/wp\/v2\/product_brand?post=3153"},{"taxonomy":"product_cat","embeddable":true,"href":"https:\/\/www.relationsdevoyages.com\/fr\/wp-json\/wp\/v2\/product_cat?post=3153"},{"taxonomy":"product_tag","embeddable":true,"href":"https:\/\/www.relationsdevoyages.com\/fr\/wp-json\/wp\/v2\/product_tag?post=3153"}],"curies":[{"name":"wp","href":"https:\/\/api.w.org\/{rel}","templated":true}]}}