{"id":3150,"date":"2025-03-17T14:40:27","date_gmt":"2025-03-17T14:40:27","guid":{"rendered":"https:\/\/www.relationsdevoyages.com\/?post_type=product&#038;p=3150"},"modified":"2025-08-27T14:52:07","modified_gmt":"2025-08-27T12:52:07","slug":"mezzana-nmc","status":"publish","type":"product","link":"https:\/\/www.relationsdevoyages.com\/fr\/produit\/mezzana-nmc\/","title":{"rendered":"Mezzana.nmc"},"content":{"rendered":"<p><strong>Relations de voyages\u00ae certifie que ce sac est enti\u00e8rement r\u00e8alis\u00e9 avec une grande voile du trawler anglais <a href=\"https:\/\/www.providentsailing.co.uk\/history-of-provident\">&#8220;Provident&#8221;\u00a0<\/a><\/strong><\/p>\n<p>Les \u00e9ventuelles irr\u00e9gularit\u00e9s ne sont pas des d\u00e9fauts de fabrication mais des t\u00e9moignages du \u00ab v\u00e9cu \u00bb de la voile, qui rendent cet accessoire unique et authentiquement recycl\u00e9.<\/p>","protected":false},"excerpt":{"rendered":"<p>&nbsp;<\/p>\n<ul style=\"list-style-type: circle;\">\n<li><em>Ext\u00e9rieur<\/em>: grand voile du trawler \"Provident\" Salcombe  (Cornouaille)<\/li>\n<li>fermeture zipp\u00e9e du sac<\/li>\n<li>poche ext\u00e9rieur (38x20cm)<\/li>\n<li>anse  en coton et cuir \u00e0 l'epaule amovible<\/li>\n<li>manille en acier<\/li>\n<li>oeillet sur le fond lib\u00e9rant l\u2019eau apr\u00e8s lavage<\/li>\n<li><em>Int\u00e9rieur :<\/em>\u00a0foc recycl\u00e9<\/li>\n<li>\u00a0poche (38x20cm) ferm\u00e9e avec velcro<\/li>\n<li>dimensions: 38x17x28 cm<\/li>\n<li>lavable \u00e0 30\u00b0<\/li>\n<\/ul>","protected":false},"featured_media":3202,"comment_status":"closed","ping_status":"closed","template":"","meta":{"_seopress_robots_primary_cat":"none","_seopress_titles_title":"","_seopress_titles_desc":"","_seopress_robots_index":""},"product_brand":[153],"product_cat":[78,93],"product_tag":[67],"class_list":{"0":"post-3150","1":"product","2":"type-product","3":"status-publish","4":"has-post-thumbnail","6":"product_brand-relations-de-voyages","7":"product_cat-mezzana","8":"product_cat-vele-tan-bark","9":"product_tag-vela-marrone-tan-bark","11":"first","12":"outofstock","13":"sold-individually","14":"shipping-taxable","15":"purchasable","16":"product-type-simple"},"_links":{"self":[{"href":"https:\/\/www.relationsdevoyages.com\/fr\/wp-json\/wp\/v2\/product\/3150","targetHints":{"allow":["GET"]}}],"collection":[{"href":"https:\/\/www.relationsdevoyages.com\/fr\/wp-json\/wp\/v2\/product"}],"about":[{"href":"https:\/\/www.relationsdevoyages.com\/fr\/wp-json\/wp\/v2\/types\/product"}],"replies":[{"embeddable":true,"href":"https:\/\/www.relationsdevoyages.com\/fr\/wp-json\/wp\/v2\/comments?post=3150"}],"wp:featuredmedia":[{"embeddable":true,"href":"https:\/\/www.relationsdevoyages.com\/fr\/wp-json\/wp\/v2\/media\/3202"}],"wp:attachment":[{"href":"https:\/\/www.relationsdevoyages.com\/fr\/wp-json\/wp\/v2\/media?parent=3150"}],"wp:term":[{"taxonomy":"product_brand","embeddable":true,"href":"https:\/\/www.relationsdevoyages.com\/fr\/wp-json\/wp\/v2\/product_brand?post=3150"},{"taxonomy":"product_cat","embeddable":true,"href":"https:\/\/www.relationsdevoyages.com\/fr\/wp-json\/wp\/v2\/product_cat?post=3150"},{"taxonomy":"product_tag","embeddable":true,"href":"https:\/\/www.relationsdevoyages.com\/fr\/wp-json\/wp\/v2\/product_tag?post=3150"}],"curies":[{"name":"wp","href":"https:\/\/api.w.org\/{rel}","templated":true}]}}