{"id":3149,"date":"2018-11-02T14:46:27","date_gmt":"2018-11-02T14:46:27","guid":{"rendered":"https:\/\/www.relationsdevoyages.com\/?post_type=product&#038;p=3149"},"modified":"2026-04-06T09:51:19","modified_gmt":"2026-04-06T07:51:19","slug":"botter-bc","status":"publish","type":"product","link":"https:\/\/www.relationsdevoyages.com\/fr\/produit\/botter-bc\/","title":{"rendered":"Botter &#8211; sacca in vela tanbark di cotone con dettagli unici"},"content":{"rendered":"<p>Pezzo unico venduto<\/p>\n<p><strong>Relations de Voyages\u00ae certifica che questa sacca a spalla \u00e8 \u00a0realizzata \u00a0con una randa usata di cotone \u00a0colore tan bark di un <a href=\"https:\/\/www.botterhuren.nl\">botter olandese<\/a> , l&#8217;interno \u00e9 realizzato con un &#8220;grand hunier volant&#8221; di cotone del veliero<a href=\"https:\/\/www.fondationbelem.com\"> Belem Trois Mats,<\/a>\u00a0 Nantes 1896 Francia, lavate dalle impurit\u00e0.<\/strong><br \/>\n<strong>Chaque sac est unique.<\/strong> Celui que vous choisissez en photo est celui que vous recevrez.<br \/>\nLes \u00e9ventuelles irr\u00e9gularit\u00e9s ne sont pas des d\u00e9fauts de fabrication mais des t\u00e9moignages du \u00ab v\u00e9cu \u00bb de la voile, qui rendent cet accessoire unique et authentiquement recycl\u00e9.<\/p>","protected":false},"excerpt":{"rendered":"<p>&nbsp;<\/p>\n<ul style=\"list-style-type: circle;\">\n<li><i>Ext\u00e9rieur:<\/i>randa di cotone \u00a0riciclata tanbark di un Botter olandese.<\/li>\n<li>\u0153illets  oxyd\u00e9s.<\/li>\n<li>manico di cuoio e pelle staccabile.<\/li>\n<li>grilli nautici<\/li>\n<li>striscia di pelle inserita sul bordo della borsa dello stesso colore del manico<\/li>\n<li>cuciture a mano<\/li>\n<li>valorizzazione di strappi originali della vela contornati con una cucitura a mano.<\/li>\n<li>cucitura dei ferzi rinforzata con cucitura \u00a0a mano.<\/li>\n<li>\u0153illet de la voile oxyd\u00e9 d'origine<\/li>\n<li>pince sui lati della borsa<\/li>\n<li><em>Int\u00e9rieur :<\/em>\u00a0vela di cotone, grand hunier volant, del Trois Mats Belem ( Nantes, Francia 1896)<\/li>\n<li>Misure: 40x27x49 cm<\/li>\n<\/ul>","protected":false},"featured_media":3177,"comment_status":"closed","ping_status":"closed","template":"","meta":{"_seopress_robots_primary_cat":"none","_seopress_titles_title":"","_seopress_titles_desc":"","_seopress_robots_index":""},"product_brand":[153],"product_cat":[159],"product_tag":[],"class_list":{"0":"post-3149","1":"product","2":"type-product","3":"status-publish","4":"has-post-thumbnail","6":"product_brand-relations-de-voyages","7":"product_cat-modelli-speciali","9":"first","10":"outofstock","11":"shipping-taxable","12":"product-type-simple"},"_links":{"self":[{"href":"https:\/\/www.relationsdevoyages.com\/fr\/wp-json\/wp\/v2\/product\/3149","targetHints":{"allow":["GET"]}}],"collection":[{"href":"https:\/\/www.relationsdevoyages.com\/fr\/wp-json\/wp\/v2\/product"}],"about":[{"href":"https:\/\/www.relationsdevoyages.com\/fr\/wp-json\/wp\/v2\/types\/product"}],"replies":[{"embeddable":true,"href":"https:\/\/www.relationsdevoyages.com\/fr\/wp-json\/wp\/v2\/comments?post=3149"}],"wp:featuredmedia":[{"embeddable":true,"href":"https:\/\/www.relationsdevoyages.com\/fr\/wp-json\/wp\/v2\/media\/3177"}],"wp:attachment":[{"href":"https:\/\/www.relationsdevoyages.com\/fr\/wp-json\/wp\/v2\/media?parent=3149"}],"wp:term":[{"taxonomy":"product_brand","embeddable":true,"href":"https:\/\/www.relationsdevoyages.com\/fr\/wp-json\/wp\/v2\/product_brand?post=3149"},{"taxonomy":"product_cat","embeddable":true,"href":"https:\/\/www.relationsdevoyages.com\/fr\/wp-json\/wp\/v2\/product_cat?post=3149"},{"taxonomy":"product_tag","embeddable":true,"href":"https:\/\/www.relationsdevoyages.com\/fr\/wp-json\/wp\/v2\/product_tag?post=3149"}],"curies":[{"name":"wp","href":"https:\/\/api.w.org\/{rel}","templated":true}]}}