{"id":3146,"date":"2024-12-27T14:46:27","date_gmt":"2024-12-27T14:46:27","guid":{"rendered":"https:\/\/www.relationsdevoyages.com\/?post_type=product&#038;p=3146"},"modified":"2025-08-27T14:52:41","modified_gmt":"2025-08-27T12:52:41","slug":"currach50-agneta-tmc","status":"publish","type":"product","link":"https:\/\/www.relationsdevoyages.com\/fr\/produit\/currach50-agneta-tmc\/","title":{"rendered":"Currach50.Agneta.TMC"},"content":{"rendered":"<p>Le sac Currach50\u00b0 s\u2019inspire du \u00ab Boyne currach \u00bb, un ancien bateau irlandais (dont les traces remontent au N\u00e9olithique). Rond, l\u00e9ger car en osier et cuir imperm\u00e9able, il servait \u00e0 la p\u00eache sur la rivi\u00e8re Boyne et \u00e0 sa travers\u00e9e.<br \/>\nLe currach irlandais ressemble beaucoup au coracle britannique et aux bateaux ronds en cuir similaires utilis\u00e9s dans toute l'Asie.<br \/>\nLe sac Currach50\u00b0 mesure 50 cm de hauteur et est con\u00e7u pour durer des centaines d'\u00e9t\u00e9s en transportant... un enfant ou l'essentiel du mat\u00e9riel de plage.<\/p>\n<p>&nbsp;<\/p>\n<p><strong>Relations de voyages\u00ae certifie que ce sac est enti\u00e8rement r\u00e8alis\u00e9 avec une grande voile du yawl <a href=\"http:\/\/www.sandemanyachtcompany.co.uk\/details\/459\/Knud-Reimers-82-ft-Yawl-1950\/yacht-for-sale\/\" target=\"_blank\" rel=\"noopener noreferrer\">Agneta<\/a>\u00a0.<\/strong><\/p>\n<p>Les \u00e9ventuelles irr\u00e9gularit\u00e9s ne sont pas des d\u00e9fauts de fabrication mais des t\u00e9moignages du \u00ab v\u00e9cu \u00bb de la voile, qui rendent cet accessoire unique et authentiquement recycl\u00e9.<\/p>","protected":false},"excerpt":{"rendered":"<p>&nbsp;<\/p>\n<ul style=\"list-style-type: circle;\">\n<li>voile d\u2019artimon recycl\u00e9e du yawl Agneta<\/li>\n<li>manilles en acier<\/li>\n<li>fermeture coulissante en spikkaer recycl\u00e9\u00e9 avec lacet en cuir<\/li>\n<li>anse en cuir<\/li>\n<li>bandouliere en voile<\/li>\n<li>fond renforc\u00e9 en voile recycl\u00e9e de kevlar<\/li>\n<li>dimensions: diam 39cm, hauteur 50cm<\/li>\n<li>lavable \u00e0 30\u00b0 apr\u00e8s avoir retir\u00e9 l\u2019anse avec le cuir<\/li>\n<\/ul>","protected":false},"featured_media":3171,"comment_status":"closed","ping_status":"closed","template":"","meta":{"_seopress_robots_primary_cat":"","_seopress_titles_title":"","_seopress_titles_desc":"","_seopress_robots_index":""},"product_brand":[153],"product_cat":[89,93],"product_tag":[67],"class_list":{"0":"post-3146","1":"product","2":"type-product","3":"status-publish","4":"has-post-thumbnail","6":"product_brand-relations-de-voyages","7":"product_cat-currach-50","8":"product_cat-vele-tan-bark","9":"product_tag-vela-marrone-tan-bark","11":"first","12":"outofstock","13":"sold-individually","14":"shipping-taxable","15":"purchasable","16":"product-type-simple"},"_links":{"self":[{"href":"https:\/\/www.relationsdevoyages.com\/fr\/wp-json\/wp\/v2\/product\/3146","targetHints":{"allow":["GET"]}}],"collection":[{"href":"https:\/\/www.relationsdevoyages.com\/fr\/wp-json\/wp\/v2\/product"}],"about":[{"href":"https:\/\/www.relationsdevoyages.com\/fr\/wp-json\/wp\/v2\/types\/product"}],"replies":[{"embeddable":true,"href":"https:\/\/www.relationsdevoyages.com\/fr\/wp-json\/wp\/v2\/comments?post=3146"}],"wp:featuredmedia":[{"embeddable":true,"href":"https:\/\/www.relationsdevoyages.com\/fr\/wp-json\/wp\/v2\/media\/3171"}],"wp:attachment":[{"href":"https:\/\/www.relationsdevoyages.com\/fr\/wp-json\/wp\/v2\/media?parent=3146"}],"wp:term":[{"taxonomy":"product_brand","embeddable":true,"href":"https:\/\/www.relationsdevoyages.com\/fr\/wp-json\/wp\/v2\/product_brand?post=3146"},{"taxonomy":"product_cat","embeddable":true,"href":"https:\/\/www.relationsdevoyages.com\/fr\/wp-json\/wp\/v2\/product_cat?post=3146"},{"taxonomy":"product_tag","embeddable":true,"href":"https:\/\/www.relationsdevoyages.com\/fr\/wp-json\/wp\/v2\/product_tag?post=3146"}],"curies":[{"name":"wp","href":"https:\/\/api.w.org\/{rel}","templated":true}]}}