{"id":3144,"date":"2016-10-26T14:46:27","date_gmt":"2016-10-26T14:46:27","guid":{"rendered":"https:\/\/www.relationsdevoyages.com\/?post_type=product&#038;p=3144"},"modified":"2026-04-06T09:56:07","modified_gmt":"2026-04-06T07:56:07","slug":"aa-jeck","status":"publish","type":"product","link":"https:\/\/www.relationsdevoyages.com\/fr\/produit\/aa-jeck\/","title":{"rendered":"A.Alone borsone da viaggio &#8211; vela tanbark con logo veleria Jeckells"},"content":{"rendered":"<p><strong>Relations de Voyages\u00ae certifica che questa borsa \u00e8 completamente realizzata \u00a0con una vela usata \u00a0colore marrone (tan bark) che \u00e9 stata lavata .<\/strong><br \/>\n<strong>Chaque sac est unique.<\/strong> Celui que vous choisissez en photo est celui que vous recevrez.<br \/>\nLes \u00e9ventuelles irr\u00e9gularit\u00e9s ne sont pas des d\u00e9fauts de fabrication mais des t\u00e9moignages du \u00ab v\u00e9cu \u00bb de la voile, qui rendent cet accessoire unique et authentiquement recycl\u00e9.<\/p>","protected":false},"excerpt":{"rendered":"<p>&nbsp;<\/p>\n<ul style=\"list-style-type: circle;\">\n<li><i>Ext\u00e9rieur: <\/i>randa\u00a0riciclata degli anni &#8217;80.<\/li>\n<li>Logo originale veleria Jeckells di Wroxham (Inghilterra).<\/li>\n<li>Due grandi tasche esterne (52&#215;35).<\/li>\n<li>\u0153illets  oxyd\u00e9s<\/li>\n<li>Due manici di cotone con impiombatura ricoperti di cuoio cucito a mano, fissati con dei grilli ritorti alle tasche.<\/li>\n<li>La borsa si chiude con una cerniera lampo metallica. Occhielli sul fondo per fare uscire l&#8217;acqua dopo il lavaggio. Tracolla fatta con le vele usate, fissata alla borsa con dei grilli ritorti.<\/li>\n<li><em>Int\u00e9rieur :<\/em>\u00a0foc recycl\u00e9<\/li>\n<li>Due tasche (35&#215;24), una chiusa con il velcro<\/li>\n<li>Dimensions: 52x30x43 cm<\/li>\n<\/ul>","protected":false},"featured_media":3169,"comment_status":"closed","ping_status":"closed","template":"","meta":{"_seopress_robots_primary_cat":"none","_seopress_titles_title":"","_seopress_titles_desc":"","_seopress_robots_index":""},"product_brand":[153],"product_cat":[159],"product_tag":[],"class_list":{"0":"post-3144","1":"product","2":"type-product","3":"status-publish","4":"has-post-thumbnail","6":"product_brand-relations-de-voyages","7":"product_cat-modelli-speciali","9":"first","10":"outofstock","11":"shipping-taxable","12":"product-type-simple"},"_links":{"self":[{"href":"https:\/\/www.relationsdevoyages.com\/fr\/wp-json\/wp\/v2\/product\/3144","targetHints":{"allow":["GET"]}}],"collection":[{"href":"https:\/\/www.relationsdevoyages.com\/fr\/wp-json\/wp\/v2\/product"}],"about":[{"href":"https:\/\/www.relationsdevoyages.com\/fr\/wp-json\/wp\/v2\/types\/product"}],"replies":[{"embeddable":true,"href":"https:\/\/www.relationsdevoyages.com\/fr\/wp-json\/wp\/v2\/comments?post=3144"}],"wp:featuredmedia":[{"embeddable":true,"href":"https:\/\/www.relationsdevoyages.com\/fr\/wp-json\/wp\/v2\/media\/3169"}],"wp:attachment":[{"href":"https:\/\/www.relationsdevoyages.com\/fr\/wp-json\/wp\/v2\/media?parent=3144"}],"wp:term":[{"taxonomy":"product_brand","embeddable":true,"href":"https:\/\/www.relationsdevoyages.com\/fr\/wp-json\/wp\/v2\/product_brand?post=3144"},{"taxonomy":"product_cat","embeddable":true,"href":"https:\/\/www.relationsdevoyages.com\/fr\/wp-json\/wp\/v2\/product_cat?post=3144"},{"taxonomy":"product_tag","embeddable":true,"href":"https:\/\/www.relationsdevoyages.com\/fr\/wp-json\/wp\/v2\/product_tag?post=3144"}],"curies":[{"name":"wp","href":"https:\/\/api.w.org\/{rel}","templated":true}]}}