{"id":3142,"date":"2016-10-03T14:46:27","date_gmt":"2016-10-03T14:46:27","guid":{"rendered":"https:\/\/www.relationsdevoyages.com\/?post_type=product&#038;p=3142"},"modified":"2026-04-06T10:30:29","modified_gmt":"2026-04-06T08:30:29","slug":"so-tb","status":"publish","type":"product","link":"https:\/\/www.relationsdevoyages.com\/fr\/produit\/so-tb\/","title":{"rendered":"Sonnambula borsa a spalla in vela tanbark"},"content":{"rendered":"<p><strong>Relations de Voyages\u00ae certifica che questa borsa \u00e8 completamente realizzata con una vela riciclata del trawler \u00a0inglese\u00a0<a title=\"Provident\" href=\"http:\/\/www.trinitysailing.org\/vessels\/provident\/\" target=\"_blank\" rel=\"noopener\"> Provident <\/a>\u00a0 basato a Salcombe (Cornovaglia) che \u00e9 \u00a0stata lavata e pulita.<\/strong><\/p>\n<p class=\"translation-block\">Chaque sac est unique. Celui que vous choisissez en photo est celui que vous recevrez.<\/p>\n<p>Les \u00e9ventuelles irr\u00e9gularit\u00e9s ne sont pas des d\u00e9fauts de fabrication mais des t\u00e9moignages du \u00ab v\u00e9cu \u00bb de la voile, qui rendent cet accessoire unique et authentiquement recycl\u00e9.<\/p>\n<p>&nbsp;<\/p>\n<p>&nbsp;<\/p>","protected":false},"excerpt":{"rendered":"<ul style=\"list-style-type: circle;\">\n<li><em>Ext\u00e9rieur:<\/em>\u00a0genois recycl\u00e9<\/li>\n<li>\u00a0occhielli sul fondo<\/li>\n<li>manico in corda di cotone con impiombature e ricoperto di pelle cucita a mano<\/li>\n<li>manico in peltro, entrambi staccabili<\/li>\n<li>\u00a0la borsa si chiude con una zip di alta qualit\u00e0.<\/li>\n<li><em>Int\u00e9rieur :<\/em> fiocco leggero<\/li>\n<li>tasca 14x40cm<\/li>\n<li>Misure: 40x4x24 cm<\/li>\n<\/ul>\n<p>&nbsp;<\/p>","protected":false},"featured_media":3167,"comment_status":"closed","ping_status":"closed","template":"","meta":{"_seopress_robots_primary_cat":"none","_seopress_titles_title":"","_seopress_titles_desc":"","_seopress_robots_index":""},"product_brand":[153],"product_cat":[159],"product_tag":[],"class_list":{"0":"post-3142","1":"product","2":"type-product","3":"status-publish","4":"has-post-thumbnail","6":"product_brand-relations-de-voyages","7":"product_cat-modelli-speciali","9":"first","10":"outofstock","11":"shipping-taxable","12":"product-type-simple"},"_links":{"self":[{"href":"https:\/\/www.relationsdevoyages.com\/fr\/wp-json\/wp\/v2\/product\/3142","targetHints":{"allow":["GET"]}}],"collection":[{"href":"https:\/\/www.relationsdevoyages.com\/fr\/wp-json\/wp\/v2\/product"}],"about":[{"href":"https:\/\/www.relationsdevoyages.com\/fr\/wp-json\/wp\/v2\/types\/product"}],"replies":[{"embeddable":true,"href":"https:\/\/www.relationsdevoyages.com\/fr\/wp-json\/wp\/v2\/comments?post=3142"}],"wp:featuredmedia":[{"embeddable":true,"href":"https:\/\/www.relationsdevoyages.com\/fr\/wp-json\/wp\/v2\/media\/3167"}],"wp:attachment":[{"href":"https:\/\/www.relationsdevoyages.com\/fr\/wp-json\/wp\/v2\/media?parent=3142"}],"wp:term":[{"taxonomy":"product_brand","embeddable":true,"href":"https:\/\/www.relationsdevoyages.com\/fr\/wp-json\/wp\/v2\/product_brand?post=3142"},{"taxonomy":"product_cat","embeddable":true,"href":"https:\/\/www.relationsdevoyages.com\/fr\/wp-json\/wp\/v2\/product_cat?post=3142"},{"taxonomy":"product_tag","embeddable":true,"href":"https:\/\/www.relationsdevoyages.com\/fr\/wp-json\/wp\/v2\/product_tag?post=3142"}],"curies":[{"name":"wp","href":"https:\/\/api.w.org\/{rel}","templated":true}]}}