{"id":3119,"date":"2024-11-11T13:04:29","date_gmt":"2024-11-11T13:04:29","guid":{"rendered":"https:\/\/www.relationsdevoyages.com\/?post_type=product&#038;p=3119"},"modified":"2026-04-03T15:07:00","modified_gmt":"2026-04-03T13:07:00","slug":"a-alone-borsa-bianca-da-viaggio-vela-penduick-iv","status":"publish","type":"product","link":"https:\/\/www.relationsdevoyages.com\/fr\/produit\/a-alone-borsa-bianca-da-viaggio-vela-penduick-iv\/","title":{"rendered":"A.Alone - grand sac de voyages blanc - voile Penduick IV"},"content":{"rendered":"<p><strong>Relations de voyages\u00ae certifie que ce sac est enti\u00e8rement r\u00e8alis\u00e9 avec une grande voile du ketch marconi \u00a0<a href=\"https:\/\/www.histoiredeshalfs.com\/Histoire%20des%2060%27\/WPen%20Duick%20VI.htm\" target=\"_blank\" rel=\"noopener\">Pen Duick VI<\/a>(1973) Arsenal de Brest<\/strong><br \/>\nChaque sac est unique.<\/p>\n<p>Les \u00e9ventuelles irr\u00e9gularit\u00e9s ne sont pas des d\u00e9fauts de fabrication mais des t\u00e9moignages du \u00ab v\u00e9cu \u00bb de la voile, qui rendent cet accessoire unique et authentiquement recycl\u00e9.<\/p>","protected":false},"excerpt":{"rendered":"<ul style=\"list-style-type: circle;\">\n<li>\u00a0grand voile du ketch marconi <a href=\"https:\/\/www.histoiredeshalfs.com\/Histoire%20des%2060%27\/WPen%20Duick%20VI.htm\" target=\"_blank\" rel=\"noopener\">Pend Duick VI<\/a> (1973) Arsenal de Brest<\/li>\n<li>deux larges poches de chaque c\u00f4t\u00e9 (52\u00d735)<\/li>\n<li>\u0153illets  oxyd\u00e9s.<\/li>\n<li>anses en cuir cousu main, fix\u00e9es aux poches avec des manilles<\/li>\n<li>fermeture zipp\u00e9e du sac<\/li>\n<li>pochette amovible (31x26cm)  avec zip<\/li>\n<li>fond renforc\u00e9 avec un voile en kevlar<\/li>\n<li>cosses en acier<\/li>\n<li>Dimensions: 52x30x43 cm<\/li>\n<\/ul>","protected":false},"featured_media":3121,"comment_status":"closed","ping_status":"closed","template":"","meta":{"_seopress_robots_primary_cat":"none","_seopress_titles_title":"","_seopress_titles_desc":"","_seopress_robots_index":""},"product_brand":[153],"product_cat":[61],"product_tag":[],"class_list":{"0":"post-3119","1":"product","2":"type-product","3":"status-publish","4":"has-post-thumbnail","6":"product_brand-relations-de-voyages","7":"product_cat-a-alone-light","9":"first","10":"outofstock","11":"sold-individually","12":"shipping-taxable","13":"purchasable","14":"product-type-simple"},"_links":{"self":[{"href":"https:\/\/www.relationsdevoyages.com\/fr\/wp-json\/wp\/v2\/product\/3119","targetHints":{"allow":["GET"]}}],"collection":[{"href":"https:\/\/www.relationsdevoyages.com\/fr\/wp-json\/wp\/v2\/product"}],"about":[{"href":"https:\/\/www.relationsdevoyages.com\/fr\/wp-json\/wp\/v2\/types\/product"}],"replies":[{"embeddable":true,"href":"https:\/\/www.relationsdevoyages.com\/fr\/wp-json\/wp\/v2\/comments?post=3119"}],"wp:featuredmedia":[{"embeddable":true,"href":"https:\/\/www.relationsdevoyages.com\/fr\/wp-json\/wp\/v2\/media\/3121"}],"wp:attachment":[{"href":"https:\/\/www.relationsdevoyages.com\/fr\/wp-json\/wp\/v2\/media?parent=3119"}],"wp:term":[{"taxonomy":"product_brand","embeddable":true,"href":"https:\/\/www.relationsdevoyages.com\/fr\/wp-json\/wp\/v2\/product_brand?post=3119"},{"taxonomy":"product_cat","embeddable":true,"href":"https:\/\/www.relationsdevoyages.com\/fr\/wp-json\/wp\/v2\/product_cat?post=3119"},{"taxonomy":"product_tag","embeddable":true,"href":"https:\/\/www.relationsdevoyages.com\/fr\/wp-json\/wp\/v2\/product_tag?post=3119"}],"curies":[{"name":"wp","href":"https:\/\/api.w.org\/{rel}","templated":true}]}}