{"id":3070,"date":"2025-10-10T11:05:58","date_gmt":"2025-10-10T09:05:58","guid":{"rendered":"https:\/\/www.relationsdevoyages.com\/?post_type=product&#038;p=3070"},"modified":"2026-02-20T14:52:11","modified_gmt":"2026-02-20T13:52:11","slug":"stola-lune","status":"publish","type":"product","link":"https:\/\/www.relationsdevoyages.com\/fr\/produit\/stola-lune\/","title":{"rendered":"Stola &#8220;lune&#8221;"},"content":{"rendered":"<ol>\n<li style=\"text-align: justify;\">Tvb BAMBU&#8217;<br \/>\nLe tissu en fibre de bambou est particuli\u00e8rement adapt\u00e9 au contact direct avec la peau en raison de sa capacit\u00e9 \u00e0 absorber l\u2019humidit\u00e9, \u00e0 \u00eatre anti-bact\u00e9rien et gr\u00e2ce \u00e0 sa douceur. La r\u00e9sistance est une autre de ses qualit\u00e9s.<br \/>\nLa fibre textile du bambou qui contient de la cellulose, fait partie de la famille des viscoses ; elle est obtenue \u00e0 partir de la tige par un processus d\u2019hydrolyse alcaline.<br \/>\nLes plants de bambou poussent rapidement et, comme le chanvre, peuvent \u00eatre cultiv\u00e9s sans utiliser d\u2019engrais chimiques, de pesticides ou de d\u00e9foliants. Les cultures de bambou sont \u00e9galement populaires car elles \u00e9mettent une grande quantit\u00e9 d\u2019oxyg\u00e8ne et une tr\u00e8s faible quantit\u00e9 de dioxyde de carbone dans l\u2019atmosph\u00e8re.\nUn tissu en bambou est biod\u00e9gradable et sa d\u00e9composition ne provoque pas de pollution environnementale.<br \/>\nLe coltivazioni di bamb\u00f9 sono anche apprezzate perch\u00e9 emettono una grande quantit\u00e0 di ossigeno ed una bassissima quantit\u00e0 di anidride carbonica.<br \/>\nUn tessuto di bamb\u00f9 \u00e8 biodegradabile e la sua decomposizione non provoca inquinamento ambientale.<\/li>\n<\/ol>\n<p>SOJA<\/p>\n<p style=\"text-align: justify;\">Les fibres de soja sont constitu\u00e9es de prot\u00e9ines obtenues \u00e0 partir de la compression des graines de soja, gr\u00e2ce \u00e0 un processus de bio-ing\u00e9nierie de haute technologie ; le processus de transformation se poursuit jusqu\u2019\u00e0 une forme filamenteuse permettant le tissage.\nAu contact de la peau du corps, les prot\u00e9ines de soja sont constitu\u00e9es d\u2019acides amin\u00e9s qui stimulent la biosynth\u00e8se du collag\u00e8ne ; de plus, dans les cha\u00eenes mol\u00e9culaires des fibres, il existe des \u00e9l\u00e9ments constituant une barri\u00e8re naturelle contre les bact\u00e9ries. Le tissu est \u00e9galement reconnu pour ses qualit\u00e9s respirantes et r\u00e9sistantes aux UV. Il est de par sa nature, biod\u00e9gradable.\nLe tissu apparait brillant et \u00e9l\u00e9gant comme la soie et sa grande douceur lui conf\u00e8re une vestibilit\u00e9 similaire \u00e0 un tissu en cachemire. Il ne se froisse pas et  s\u00e8che tr\u00e8s rapidement. Sa couleur d\u2019origine est jaune p\u00e2le.<br \/>\nLe proteine sono costituite da amminoacidi che, a contatto con la pelle del corpo, stimolano la biosintesi del collagene ; inoltre nelle catene molecolari delle fibre, sono presenti elementi di barriera naturale ai batteri. Il tessuto \u00e8 anche riconosciuto per le sue qualit\u00e0 traspiranti e di resistenza alle UV.\u00a0 Evidentemente \u00e8 biodegradabile.<br \/>\nIl tessuto risulta lucido ed elegante come la seta e alle propriet\u00e0 estetiche si associa una morbidezza e una vestibilit\u00e0 simile ai tessuti in cashmere ; presenta una naturale tendenza anti-piega e una notevole velocit\u00e0 nell\u2019asciugatura. Il suo colore originale \u00e8 giallo chiaro.<\/p>\n<p>TENCEL LYOCELL<\/p>\n<p>La fibre Tencel Lyocell est une fibre lumineuse, tr\u00e8s r\u00e9sistante, respirante et agr\u00e9able au toucher.\nProduite \u00e0 partir de cellulose d\u2019eucalyptus dans des for\u00eats certifi\u00e9es FSC, elle est aujourd\u2019hui consid\u00e9r\u00e9e comme l\u2019une des plus \u00e9cologiques au monde. Outre le fait qu\u2019elle peut \u00eatre consid\u00e9r\u00e9e comme 100% biod\u00e9gradable, la fibre de Tencel Lyocell, dans le processus de fabrication, veille \u00e0 r\u00e9cup\u00e9rer 99% du solvant utilis\u00e9 pour la fabriquer. Dans le m\u00eame temps, la consommation d\u2019\u00e9lectricit\u00e9 et les besoins en eau pour son traitement sont \u00e9galement r\u00e9duits, par rapport \u00e0 d\u2019autres fibres commun\u00e9ment utilis\u00e9es dans l\u2019univers du textile.<br \/>\nProdotta dalla cellulosa di alberi di eucalipto in foreste certificate FSC, viene considerata oggi una delle pi\u00f9 eco-friendly del mondo: oltre al fatto che si pu\u00f2 considerare al 100% biodegradabile, il tencel Lyocell, nel processo di lavorazione, fa si che si riesca a recuperare il 99% del solvente utilizzato per dare vita alla fibra.<br \/>\nAllo stesso tempo c&#8217;\u00e9 anche un minor dispendio di energia elettrica e un minor bisogno d\u2019acqua per la lavorazione.<\/p>\n<p style=\"text-align: justify;\">CHANVRE<\/p>\n<p style=\"text-align: justify;\">Structurellement, la fibre de <em>Chanvre <\/em>est creuse et hygroscopique, \u00e0 partir de laquelle on obtient un fil \u00e0 haute capacit\u00e9 d\u2019isolation thermique et respirante, qui se comporte comme la laine : fra\u00eeche en \u00e9t\u00e9, chaude l\u2019hiver. Parmi les fibres naturelles les plus r\u00e9sistantes \u00e0 la transformation textile, le chanvre permet de cr\u00e9er un tissu r\u00e9sistant aux actions m\u00e9caniques, \u00e0 l\u2019usure, \u00e0 la d\u00e9chirure et \u00e0 la d\u00e9formation, plus que tout autre tissu naturel. La fibre tiss\u00e9e r\u00e9fl\u00e9chit les rayons ultraviolets, prot\u00e8ge des champs \u00e9lectrostatiques, ne conduit pas l\u2019\u00e9lectricit\u00e9, n\u2019irrite pas la peau car elle est hypoallerg\u00e9nique et antiseptique, de plus \u00e9loigne les bact\u00e9ries de la surface de notre corps et ne permet pas la formation de mauvaises odeurs ou le d\u00e9veloppement de moisissures. Dans l\u2019environnement, les plantations de chanvre ne n\u00e9cessitent pas de traitements agressifs avec des pesticides, des herbicides ou d\u2019autres produits chimiques.<\/p>\n<p style=\"text-align: justify;\">Dans l\u2019environnement, les plantations de chanvre ne n\u00e9cessitent pas de traitements agressifs avec des pesticides, des herbicides ou d\u2019autres produits chimiques.<\/p>","protected":false},"excerpt":{"rendered":"<ul style=\"list-style-type: circle;\">\n<li>tissu a navette made in Italy<\/li>\n<li>50% chanvre GOTS, 25% soya OekoTex-FSC , 20% bambou OekoTex-FSC, 5% tencel-lyocell<\/li>\n<li>poids 120 gr\/m2<\/li>\n<li>coupe vive<\/li>\n<li>dimensions :150\u00d7140 cm<\/li>\n<li>sac de rangement en voile spi recycl\u00e9e,  fermeture avec lacet de chanvre<\/li>\n<li>laver \u00e0 temp\u00e9rature inf\u00e9rieure \u00e0 40\u00b0, avec un d\u00e9tergent neutre et \u00e9cologique.<\/li>\n<\/ul>","protected":false},"featured_media":3092,"comment_status":"closed","ping_status":"closed","template":"","meta":{"_seopress_robots_primary_cat":"none","_seopress_titles_title":"Stola in tessuto naturale innovativo","_seopress_titles_desc":"Stola in tessuto naturale innovativo:soia, bamb\u00f9, tencell, bamb\u00f9. Morbidezza, eleganza, sostenibilit\u00e0","_seopress_robots_index":""},"product_brand":[153],"product_cat":[155],"product_tag":[],"class_list":{"0":"post-3070","1":"product","2":"type-product","3":"status-publish","4":"has-post-thumbnail","6":"product_brand-relations-de-voyages","7":"product_cat-stole","9":"first","10":"instock","11":"featured","12":"sold-individually","13":"shipping-taxable","14":"purchasable","15":"product-type-simple"},"_links":{"self":[{"href":"https:\/\/www.relationsdevoyages.com\/fr\/wp-json\/wp\/v2\/product\/3070","targetHints":{"allow":["GET"]}}],"collection":[{"href":"https:\/\/www.relationsdevoyages.com\/fr\/wp-json\/wp\/v2\/product"}],"about":[{"href":"https:\/\/www.relationsdevoyages.com\/fr\/wp-json\/wp\/v2\/types\/product"}],"replies":[{"embeddable":true,"href":"https:\/\/www.relationsdevoyages.com\/fr\/wp-json\/wp\/v2\/comments?post=3070"}],"wp:featuredmedia":[{"embeddable":true,"href":"https:\/\/www.relationsdevoyages.com\/fr\/wp-json\/wp\/v2\/media\/3092"}],"wp:attachment":[{"href":"https:\/\/www.relationsdevoyages.com\/fr\/wp-json\/wp\/v2\/media?parent=3070"}],"wp:term":[{"taxonomy":"product_brand","embeddable":true,"href":"https:\/\/www.relationsdevoyages.com\/fr\/wp-json\/wp\/v2\/product_brand?post=3070"},{"taxonomy":"product_cat","embeddable":true,"href":"https:\/\/www.relationsdevoyages.com\/fr\/wp-json\/wp\/v2\/product_cat?post=3070"},{"taxonomy":"product_tag","embeddable":true,"href":"https:\/\/www.relationsdevoyages.com\/fr\/wp-json\/wp\/v2\/product_tag?post=3070"}],"curies":[{"name":"wp","href":"https:\/\/api.w.org\/{rel}","templated":true}]}}