{"id":3069,"date":"2025-10-09T11:06:58","date_gmt":"2025-10-09T09:06:58","guid":{"rendered":"https:\/\/www.relationsdevoyages.com\/?post_type=product&#038;p=3069"},"modified":"2026-01-23T15:26:10","modified_gmt":"2026-01-23T14:26:10","slug":"stolasand-canapa-sorona","status":"publish","type":"product","link":"https:\/\/www.relationsdevoyages.com\/fr\/produit\/stolasand-canapa-sorona\/","title":{"rendered":"Traveller&#8217;s blanket &#8220;sand&#8221; canapa\/sorona"},"content":{"rendered":"<p style=\"text-align: justify;\">SORONA \u00ae<\/p>\n<p style=\"text-align: justify;\">La fibra di Sorona \u00ae \u00a0\u00e8 una fibra innovativa -artificiale- ma di origine naturale, ottenuta dalla fermentazione del glucosio e dalla lavorazione dei semi di mais.<\/p>\n<p style=\"text-align: justify;\">Grazie all\u2019elevata elasticit\u00e0 dei filati di Sorona, il tessuto \u00e8 morbido e quasi ingualcibile.<br \/>\nLa fibra \u00e8 traspirante, asciuga rapidamente e resiste nel tempo al pilling.<br \/>\nAncora poco conosciuta e diffusa, Sorona\u00ae \u00e8 una fibra sostenibile ottenuta da fonte rinnovabile ; d&#8217;altra parte, durante il processo di produzione c\u2019\u00e8 una diminuzione del 37% del consumo di energia e una riduzione del 63% delle emissioni di CO2.<\/p>\n<p>&nbsp;<\/p>\n<p style=\"text-align: justify;\">CHANVRE<\/p>\n<p style=\"text-align: justify;\">Structurellement, la fibre de <em>Chanvre <\/em>(cannabis sativa) est creuse et hygroscopique, ce qui permet d\u2019obtenir un fil au fort pouvoir isolant et respirant, qui se comporte comme la laine : frais en \u00e9t\u00e9 et chaud en hiver. Parmi les fibres naturelles les plus r\u00e9sistantes au travail textile, le chanvre permet de cr\u00e9er un tissu particuli\u00e8rement solide face aux contraintes m\u00e9caniques, \u00e0 l\u2019usure, aux d\u00e9chirures et aux d\u00e9formations, plus que tout autre tissu naturel. La fibre tiss\u00e9e r\u00e9fl\u00e9chit les rayons ultraviolets, prot\u00e8ge des champs \u00e9lectrostatiques, ne conduit pas l\u2019\u00e9lectricit\u00e9, n\u2019irrite pas la peau car elle est anallergique, et gr\u00e2ce \u00e0 ses propri\u00e9t\u00e9s antiseptiques elle emp\u00eache la prolif\u00e9ration des bact\u00e9ries, des mauvaises odeurs et des moisissures.<\/p>\n<p style=\"text-align: justify;\">Dans l\u2019environnement, les plantations de chanvre ne n\u00e9cessitent pas de traitements agressifs avec des pesticides, des herbicides ou d\u2019autres produits chimiques.<\/p>\n<p>&nbsp;<\/p>\n<p>&nbsp;<\/p>\n<p style=\"text-align: justify;\">","protected":false},"excerpt":{"rendered":"<ul style=\"list-style-type: circle;\">\n<li>tissu a navette made in Italy<\/li>\n<li>85% canapa gots , 15% sorona<\/li>\n<li>peso 290gr\/m2<\/li>\n<li>franges<\/li>\n<li>misure: 180x70cm<\/li>\n<li>sac de rangement en voile spi recycl\u00e9e,  fermeture avec lacet de chanvre<\/li>\n<li>laver \u00e0 temp\u00e9rature inf\u00e9rieure \u00e0 40\u00b0, avec un d\u00e9tergent neutre et \u00e9cologique.<\/li>\n<\/ul>","protected":false},"featured_media":44729,"comment_status":"closed","ping_status":"closed","template":"","meta":{"_seopress_robots_primary_cat":"none","_seopress_titles_title":"Traveller's blanket \"sand\"","_seopress_titles_desc":"","_seopress_robots_index":""},"product_brand":[],"product_cat":[156],"product_tag":[],"class_list":{"0":"post-3069","1":"product","2":"type-product","3":"status-publish","4":"has-post-thumbnail","6":"product_cat-travellers-blanket","8":"first","9":"instock","10":"sold-individually","11":"shipping-taxable","12":"purchasable","13":"product-type-simple"},"_links":{"self":[{"href":"https:\/\/www.relationsdevoyages.com\/fr\/wp-json\/wp\/v2\/product\/3069","targetHints":{"allow":["GET"]}}],"collection":[{"href":"https:\/\/www.relationsdevoyages.com\/fr\/wp-json\/wp\/v2\/product"}],"about":[{"href":"https:\/\/www.relationsdevoyages.com\/fr\/wp-json\/wp\/v2\/types\/product"}],"replies":[{"embeddable":true,"href":"https:\/\/www.relationsdevoyages.com\/fr\/wp-json\/wp\/v2\/comments?post=3069"}],"wp:featuredmedia":[{"embeddable":true,"href":"https:\/\/www.relationsdevoyages.com\/fr\/wp-json\/wp\/v2\/media\/44729"}],"wp:attachment":[{"href":"https:\/\/www.relationsdevoyages.com\/fr\/wp-json\/wp\/v2\/media?parent=3069"}],"wp:term":[{"taxonomy":"product_brand","embeddable":true,"href":"https:\/\/www.relationsdevoyages.com\/fr\/wp-json\/wp\/v2\/product_brand?post=3069"},{"taxonomy":"product_cat","embeddable":true,"href":"https:\/\/www.relationsdevoyages.com\/fr\/wp-json\/wp\/v2\/product_cat?post=3069"},{"taxonomy":"product_tag","embeddable":true,"href":"https:\/\/www.relationsdevoyages.com\/fr\/wp-json\/wp\/v2\/product_tag?post=3069"}],"curies":[{"name":"wp","href":"https:\/\/api.w.org\/{rel}","templated":true}]}}