{"id":3066,"date":"2021-10-31T06:48:58","date_gmt":"2021-10-31T06:48:58","guid":{"rendered":"https:\/\/www.relationsdevoyages.com\/?post_type=product&#038;p=3066"},"modified":"2026-01-23T15:30:01","modified_gmt":"2026-01-23T14:30:01","slug":"plaid-skye-canapa-lana-mulesing-free","status":"publish","type":"product","link":"https:\/\/www.relationsdevoyages.com\/fr\/produit\/plaid-skye-canapa-lana-mulesing-free\/","title":{"rendered":"Traveller&#8217;s blanket &#8220;skye&#8221; canapa &#038; lana mulesing free"},"content":{"rendered":"<p class=\"translation-block\">La laine est compos\u00e9e de k\u00e9ratine, une substance proche de celle des cheveux, et poss\u00e8de une tr\u00e8s haute propri\u00e9t\u00e9 isolante, gr\u00e2ce aux coussins d\u2019air qui se forment entre les ondulations de ses fibres. Elle a une \u00e9lasticit\u00e9 naturelle qui lui permet d\u2019\u00eatre soumise \u00e0 de forts \u00e9tirements et torsions et de retrouver pleinement sa forme d\u2019origine,<\/p>\n<p>La <em>lana<\/em> di questo tessuto \u00e9 <strong>mulesing free. <\/strong>La laine de ce tissu est  \u00ab mulesing free \u00bb: il s\u2019agit d\u2019une pratique, interdite en Europe, mais utilis\u00e9e dans les \u00e9levages de moutons m\u00e9rinos notamment en Australie et en Asie, qui consiste \u00e0 \u00e9corcher la peau de la zone anale et p\u00e9rianale des animaux vivants.<\/p>\n<p>&nbsp;<\/p>\n<p>&nbsp;<\/p>\n<p style=\"text-align: justify;\">Structurellement, la fibre de <em>Chanvre <\/em>est creuse et hygroscopique, \u00e0 partir de laquelle on obtient un fil \u00e0 haute capacit\u00e9 d\u2019isolation thermique et respirante, qui se comporte comme la laine: fra\u00eeche en \u00e9t\u00e9, chaude l\u2019hiver. Parmi les fibres naturelles adaptables \u00e0 la transformation textile, le chanvre permet de cr\u00e9er un tissu r\u00e9sistant aux actions m\u00e9caniques, \u00e0 l\u2019usure, \u00e0 la d\u00e9chirure et \u00e0 la d\u00e9formation, plus que tout autre tissu naturel. La fibre tiss\u00e9e r\u00e9fl\u00e9chit les rayons ultraviolets, prot\u00e8ge des champs \u00e9lectrostatiques, ne conduit pas l\u2019\u00e9lectricit\u00e9, n\u2019irrite pas la peau car elle est hypoallerg\u00e9nique et antiseptique, de plus \u00e9loigne les bact\u00e9ries de la surface de notre corps et ne permet pas la formation de mauvaises odeurs ou le d\u00e9veloppement de moisissures.<\/p>\n<p style=\"text-align: justify;\">Dans l\u2019environnement, les plantations de chanvre ne n\u00e9cessitent pas de traitements agressifs avec des pesticides, des herbicides ou d\u2019autres produits chimiques.<\/p>","protected":false},"excerpt":{"rendered":"<ul style=\"list-style-type: circle;\">\n<li>tissu serge made in Italy<\/li>\n<li>65% Laine mulesing free, 35% Chanvre \u2013 poids:220 gr\/m\u00b2.<\/li>\n<li>applications en voile recycl\u00e9es tan bark cousues \u00e0 la main pour le jeu Tic Tac Toe<\/li>\n<li>franges<\/li>\n<li>sac de rangement en voile spi recycl\u00e9e,  fermeture avec lacet de chanvre<\/li>\n<li>laver \u00e0 froid, avec un d\u00e9tergent neutre et \u00e9cologique.<\/li>\n<li>dimensions :175\u00d7150 cm<\/li>\n<\/ul>","protected":false},"featured_media":3077,"comment_status":"closed","ping_status":"closed","template":"","meta":{"_seopress_robots_primary_cat":"none","_seopress_titles_title":"Traveller's blanket skye","_seopress_titles_desc":"","_seopress_robots_index":""},"product_brand":[153],"product_cat":[156],"product_tag":[],"class_list":{"0":"post-3066","1":"product","2":"type-product","3":"status-publish","4":"has-post-thumbnail","6":"product_brand-relations-de-voyages","7":"product_cat-travellers-blanket","9":"first","10":"instock","11":"sold-individually","12":"shipping-taxable","13":"purchasable","14":"product-type-simple"},"_links":{"self":[{"href":"https:\/\/www.relationsdevoyages.com\/fr\/wp-json\/wp\/v2\/product\/3066","targetHints":{"allow":["GET"]}}],"collection":[{"href":"https:\/\/www.relationsdevoyages.com\/fr\/wp-json\/wp\/v2\/product"}],"about":[{"href":"https:\/\/www.relationsdevoyages.com\/fr\/wp-json\/wp\/v2\/types\/product"}],"replies":[{"embeddable":true,"href":"https:\/\/www.relationsdevoyages.com\/fr\/wp-json\/wp\/v2\/comments?post=3066"}],"wp:featuredmedia":[{"embeddable":true,"href":"https:\/\/www.relationsdevoyages.com\/fr\/wp-json\/wp\/v2\/media\/3077"}],"wp:attachment":[{"href":"https:\/\/www.relationsdevoyages.com\/fr\/wp-json\/wp\/v2\/media?parent=3066"}],"wp:term":[{"taxonomy":"product_brand","embeddable":true,"href":"https:\/\/www.relationsdevoyages.com\/fr\/wp-json\/wp\/v2\/product_brand?post=3066"},{"taxonomy":"product_cat","embeddable":true,"href":"https:\/\/www.relationsdevoyages.com\/fr\/wp-json\/wp\/v2\/product_cat?post=3066"},{"taxonomy":"product_tag","embeddable":true,"href":"https:\/\/www.relationsdevoyages.com\/fr\/wp-json\/wp\/v2\/product_tag?post=3066"}],"curies":[{"name":"wp","href":"https:\/\/api.w.org\/{rel}","templated":true}]}}