{"id":3038,"date":"2025-07-14T16:10:34","date_gmt":"2025-07-14T14:10:34","guid":{"rendered":"https:\/\/www.relationsdevoyages.com\/?post_type=product&#038;p=3038"},"modified":"2025-08-15T17:16:03","modified_gmt":"2025-08-15T15:16:03","slug":"archi-pelle-phaistos-song","status":"publish","type":"product","link":"https:\/\/www.relationsdevoyages.com\/fr\/produit\/archi-pelle-phaistos-song\/","title":{"rendered":"Archi\/pelle.phaistos song"},"content":{"rendered":"<p>ORTIE<\/p>\n<p>Le tr\u00e8s ancien peuple a\u00efnou qui parcourait \u00e0 cheval ou \u00e0 bord de bateaux cousus les \u00eeles et l\u2019immense littoral asiatique de l\u2019oc\u00e9an Pacifique,<span class=\"Apple-converted-space\">\u00a0<\/span> tissait ses fibres pour s\u2019envelopper et coudre de magnifiques manteaux brod\u00e9s. En Europe depuis le XIXe si\u00e8cle, les fibres de l\u2019ortie s\u2019ins\u00e8rent dans la composition du papier des billets de banque.<\/p>\n<p>Pr\u00e9cieuse et r\u00e9sistante \u00e0 l\u2019usage et au temps, tout comme la fameuse soie issue des vers -Bombyx mori-, qui d\u00e9vorent les feuilles du m\u00fbrier (Morus alba) et sont \u00e9bouillant\u00e9s afin d\u2019en pr\u00e9lever les fils.<\/p>\n<p>M\u00eame d\u00e9licatesse et m\u00eame l\u00e9g\u00e8ret\u00e9 ;  m\u00eames reflets qui captent et renvoient la lumi\u00e8re attirant l\u2019oeil averti. \nA sa beaut\u00e9 s\u2019ajoute la qualit\u00e9 d\u2019antisepsie qui permet d\u2019\u00e9goutter le fromage ou de conserver des fruits d\u00e9licats.<\/p>\n<p>Peut-on encore r\u00eaver de la bave des Bombyx ?<\/p>\n<p>A l\u2019air libre, la plante ne se laisse pas approcher sans prendre des gants ou des pincettes. Elle pique<span class=\"Apple-converted-space\">\u00a0<\/span><\/p>\n<p>Son nom latin \u00ab urtica \u00bb de \u00ab urere \u00bb signifie \u00ab br\u00fbler \u00bb et son nom anglais \u00ab nettle \u00bb: aiguille. On a compris.<\/p>\n<p>L\u2019ortie ne nous aime pas. Et notre relation avec la sauvageonne s\u2019est d\u00e9grad\u00e9e quand le moelleux coton s\u2019est jet\u00e9 \u00e0 nos pieds.<\/p>\n<p>Alors ! Elles -les orties- ne changeront pas. Mais Nous, Toi, Moi, Vous, pouvons changer notre approche.<\/p>\n<p>La connaissance scientifique confirme l\u2019\u00e9vidence de nouveaux choix qui s\u2019offrent \u00e0 nous.  L\u2019ortie est une plante d\u2019avenir pour la fili\u00e8re textile en pleine r\u00e9volution qui propose des alternatives aux mati\u00e8res synth\u00e9tiques et aux plantes cultiv\u00e9es de fa\u00e7on intensive et brutale.<\/p>\n<p>Cueillies ou cultiv\u00e9es pour \u00eatre transform\u00e9es en tissu, l\u2019ortie de Malaysie appel\u00e9e ramie (Boehmeria nivea), l\u2019ortie de l\u2019Himalaya ( Girardinia diversifolia),  ne co\u00fbtent ni  litres d\u2019eau, ni  tonnes d\u2019engrais, ni pesticides et ne g\u00e9n\u00e8rent aucun \u00e9l\u00e9ments toxiques lors de leur passage \u00e0 la poubelle.<\/p>\n<p>What\u2019else ?<\/p>\n<p>Contournons les cruels lobbies de l\u2019industrie chimique et de la fast-fashion en regardant o\u00f9 nous mettons les mains au moment d\u2019acheter.<\/p>\n<p>Frottons-nous plut\u00f4t aux fibres qui aiment la ros\u00e9e du matin.<\/p>\n<p>&nbsp;<\/p>\n<p>ORTIE<\/p>\n<p style=\"text-align: justify;\" class=\"translation-block\">La fibre Ortie-Ramie r\u00e9siste \u00e0 la torsion et contrairement aux autres fibres, sa r\u00e9sistance augmente avec le temps. Le tissu lib\u00e8re la m\u00eame d\u00e9licatesse et la m\u00eame l\u00e9g\u00e8ret\u00e9 que la soie. La fibre longue, brillante, uniforme poss\u00e8de \u00e9galement des propri\u00e9t\u00e9s antistatiques.<\/p>\n<p style=\"text-align: justify;\" class=\"translation-block\">L\u2019ortie-ramie est aujourd\u2019hui une fibre recherch\u00e9e car elle est durable, la plante (Boehmeria nivea) est vertueuse, elle pousse spontan\u00e9ment sous diff\u00e9rentes latitudes ; contrairement au coton (plante tropicale), elle n\u2019a pas besoin d\u2019eau, d\u2019engrais et pesticides. Le tissu est 100% biod\u00e9gradable. Il a \u00e9t\u00e9 produit en Italie en utilisant des fils par traitement m\u00e9canique sans subir de processus chimique qui modifient sa structure.<\/p>\n<p style=\"text-align: justify;\">Il a \u00e9t\u00e9 produit en Italie en utilisant des fils par traitement m\u00e9canique sans subir de processus chimique qui modifient sa structure.<\/p>\n<p>&nbsp;<\/p>\n<p>LIN<\/p>\n<p style=\"text-align: justify;\" class=\"translation-block\">La culture du Lin (Linum usitatissimum) pour l\u2019usage textile est tr\u00e8s ancienne ; des d\u00e9couvertes arch\u00e9ologiques attestent de son utilisation d\u00e8s le N\u00e9olithique.<\/p>\n<p style=\"text-align: justify;\">Le fil obtenu a un toucher frais, une brillance soyeuse, une r\u00e9sistance et une l\u00e9g\u00e8ret\u00e9; il est isolant et hypoallerg\u00e9nique \u2013 il n\u2019irrite donc pas la peau et n\u2019attire pas la poussi\u00e8re -.<\/p>\n<p style=\"text-align: justify;\">Le tissu de cette \"canotta\" est r\u00e9alis\u00e9 \u00e0 partir de fils par des proc\u00e9d\u00e9s m\u00e9caniques sans subir de proc\u00e9d\u00e9s chimiques qui modifient sa structure.<\/p>\n<p style=\"font-style: italic; margin-top: 1em;\">\nVoulez-vous conna\u00eetre la signification de cette parure \u00ab Phaistos song \u00bb ? <a href=\"https:\/\/wa.me\/393513650242?text=Bonjour+je+voudrais+en+savoir+plus+sur+la+parure+Phaistos+Song+vue+sur+votre+site.\" target=\"_blank\" style=\"color:#25D366; text-decoration: underline; white-space: nowrap;\">\u00c9crivez-nous sur WhatsApp<\/a><\/p>","protected":false},"excerpt":{"rendered":"<p style=\"text-align: left;\"><em>Tout comme un archipel est form\u00e9 d\u2019\u00eeles s\u00e9par\u00e9es les unes des autres mais conservant entre elles des liens importants, la Collection \u00ab Archi\/pelle \u00bb s\u2019anime de pi\u00e8ces de v\u00eatements l\u00e9g\u00e8res, ind\u00e9pendantes les unes des autres, qui se combinent selon les besoins ou l\u2019inspiration.<\/em><\/p>\n<p style=\"text-align: left;\"><em>Versatiles, certaines pi\u00e8ces de la collection \u00ab Archi\/pelle \u00bb sont r\u00e9versibles ; d\u2019 un c\u00f4t\u00e9 : fibres d\u2019ortie, de  l\u2019autre : lin.<\/em><\/p>\n<p style=\"text-align: left;\"><em>\u00ab Archi\/pelle \u00bb peut \u00eatre le support d\u2019un dessin \u00e0 main lev\u00e9e. Parfois un \u00ab travail en cours \u00bb, imaginant qu\u2019il sera poursuivi par la personne qui l\u2019endossera.<\/em><\/p>\n<ul style=\"list-style-type: circle;\">\n<li>canotta r\u00e9versible (une face fibre d\u2019ortie \/ une face fibre de lin) tissu fabriqu\u00e9 en Italie<\/li>\n<li>dessin \u00e0  main lev\u00e9e: \u00ab phaistos song \u00bb. pi\u00e8ce unique<\/li>\n<li>dimensions: 45\u00d737cm<\/li>\n<li>laver \u00e0 temp\u00e9rature inf\u00e9rieure \u00e0 30\u00b0, avec un d\u00e9tergent neutre et \u00e9cologique.<\/li>\n<\/ul>","protected":false},"featured_media":3046,"comment_status":"closed","ping_status":"closed","template":"","meta":{"_seopress_robots_primary_cat":"none","_seopress_titles_title":"","_seopress_titles_desc":"","_seopress_robots_index":""},"product_brand":[153],"product_cat":[52],"product_tag":[],"class_list":{"0":"post-3038","1":"product","2":"type-product","3":"status-publish","4":"has-post-thumbnail","6":"product_brand-relations-de-voyages","7":"product_cat-archi-pelle","9":"first","10":"outofstock","11":"sold-individually","12":"shipping-taxable","13":"purchasable","14":"product-type-simple"},"_links":{"self":[{"href":"https:\/\/www.relationsdevoyages.com\/fr\/wp-json\/wp\/v2\/product\/3038","targetHints":{"allow":["GET"]}}],"collection":[{"href":"https:\/\/www.relationsdevoyages.com\/fr\/wp-json\/wp\/v2\/product"}],"about":[{"href":"https:\/\/www.relationsdevoyages.com\/fr\/wp-json\/wp\/v2\/types\/product"}],"replies":[{"embeddable":true,"href":"https:\/\/www.relationsdevoyages.com\/fr\/wp-json\/wp\/v2\/comments?post=3038"}],"wp:featuredmedia":[{"embeddable":true,"href":"https:\/\/www.relationsdevoyages.com\/fr\/wp-json\/wp\/v2\/media\/3046"}],"wp:attachment":[{"href":"https:\/\/www.relationsdevoyages.com\/fr\/wp-json\/wp\/v2\/media?parent=3038"}],"wp:term":[{"taxonomy":"product_brand","embeddable":true,"href":"https:\/\/www.relationsdevoyages.com\/fr\/wp-json\/wp\/v2\/product_brand?post=3038"},{"taxonomy":"product_cat","embeddable":true,"href":"https:\/\/www.relationsdevoyages.com\/fr\/wp-json\/wp\/v2\/product_cat?post=3038"},{"taxonomy":"product_tag","embeddable":true,"href":"https:\/\/www.relationsdevoyages.com\/fr\/wp-json\/wp\/v2\/product_tag?post=3038"}],"curies":[{"name":"wp","href":"https:\/\/api.w.org\/{rel}","templated":true}]}}